{"id":4025,"date":"2021-07-15T09:57:03","date_gmt":"2021-07-15T09:57:03","guid":{"rendered":"https:\/\/demo2wpopal.b-cdn.net\/bodoni\/?page_id=4025"},"modified":"2021-07-15T09:57:03","modified_gmt":"2021-07-15T09:57:03","slug":"shop-slider","status":"publish","type":"page","link":"https:\/\/bulbiochem.bg\/ro\/shop-slider\/","title":{"rendered":"Shop Slider"},"content":{"rendered":"<div data-elementor-type=\"wp-page\" data-elementor-id=\"4025\" class=\"elementor elementor-4025\">\n\t\t\t\t\t\t<div class=\"elementor-section elementor-top-section elementor-element elementor-element-f7d8045 elementor-section-boxed elementor-section-height-default elementor-section-height-default\" data-id=\"f7d8045\" data-element_type=\"section\">\n\t\t\t\t\t\t<div class=\"elementor-container elementor-column-gap-no\">\n\t\t\t\t\t<div class=\"elementor-column elementor-col-100 elementor-top-column elementor-element elementor-element-74db6fe\" data-id=\"74db6fe\" data-element_type=\"column\">\n\t\t\t<div class=\"elementor-widget-wrap elementor-element-populated\">\n\t\t\t\t\t\t<div class=\"elementor-element elementor-element-75c0cc1 dots-style-2 bodoni-products-content-layout-default arrow-style-1 elementor-widget elementor-widget-bodoni-products\" data-id=\"75c0cc1\" data-element_type=\"widget\" data-widget_type=\"bodoni-products.default\">\n\t\t\t\t<div class=\"elementor-widget-container\">\n\t\t\t<div class=\"woocommerce columns-1\"><div class=\"woocommerce-carousel\" data-settings='{\"navigation\":\"dots\",\"autoplayHoverPause\":true,\"autoplay\":true,\"autoplayTimeout\":5000,\"items\":\"4\",\"items_laptop\":3,\"items_tablet\":\"4\",\"items_mobile\":1,\"scrolls\":\"2\",\"scrolls_tablet\":\"2\",\"scrolls_mobile\":1,\"loop\":true}'>\n<ul class=\"products columns-1\">\n\n\n<li class=\"product type-product post-65 status-publish first instock product_cat-akril-poliuretanovi-produkti product_tag-68 product_tag-antikorozionna-zashtita product_tag-66 product_tag-65 product_tag-67 has-post-thumbnail shipping-taxable purchasable product-type-simple\">\n\t<div class=\"product-block\">        <div class=\"product-transition\"><div class=\"product-image\"><img decoding=\"async\" width=\"300\" height=\"23\" src=\"https:\/\/bulbiochem.bg\/wp-content\/uploads\/2021\/07\/BULMAT-Industrial-One-SizeArtboard-42-300x23.png\" class=\"attachment-woocommerce_thumbnail size-woocommerce_thumbnail\" alt=\"\" srcset=\"https:\/\/bulbiochem.bg\/wp-content\/uploads\/2021\/07\/BULMAT-Industrial-One-SizeArtboard-42-300x23.png 300w, https:\/\/bulbiochem.bg\/wp-content\/uploads\/2021\/07\/BULMAT-Industrial-One-SizeArtboard-42-768x59.png 768w, https:\/\/bulbiochem.bg\/wp-content\/uploads\/2021\/07\/BULMAT-Industrial-One-SizeArtboard-42-630x48.png 630w, https:\/\/bulbiochem.bg\/wp-content\/uploads\/2021\/07\/BULMAT-Industrial-One-SizeArtboard-42-600x46.png 600w, https:\/\/bulbiochem.bg\/wp-content\/uploads\/2021\/07\/BULMAT-Industrial-One-SizeArtboard-42.png 945w\" sizes=\"(max-width: 300px) 100vw, 300px\" \/><\/div>        <div class=\"group-action\">\n            <div class=\"shop-action\">\n                            <\/div>\n        <\/div>\n        <a href=\"?add-to-cart=65\" aria-describedby=\"woocommerce_loop_add_to_cart_link_describedby_65\" data-quantity=\"1\" class=\"button product_type_simple add_to_cart_button ajax_add_to_cart\" data-product_id=\"65\" data-product_sku=\"\u0410CR-253 \u0410C\" aria-label=\"Add to cart: \u201cA-PU Primer I \u0410CR-253 \u0410C\u201d\" rel=\"nofollow\" data-success_message=\"\u201cA-PU Primer I \u0410CR-253 \u0410C\u201d has been added to your cart\" data-no-translation=\"\" data-trp-gettext=\"\" data-no-translation-aria-label=\"\" data-no-translation-data-success_message=\"\">Add to cart<\/a>\t<span id=\"woocommerce_loop_add_to_cart_link_describedby_65\" class=\"screen-reader-text\">\n\t\t\t<\/span>\n<a href=\"https:\/\/bulbiochem.bg\/ro\/produs\/acr-253-ac-grund-acrilic-poliuretanic-bulmat\/\" class=\"woocommerce-LoopProduct-link woocommerce-loop-product__link\"><\/a><\/div>\n        <p class=\"shop-product-subheading\" style=\"font-size:14px; color:#555; text-align:center; padding:10px 0;\">GRUND ACRILIC-POLIURETANIC<\/p><div class=\"product-caption\"><div class=\"posted-in\"><a href=\"https:\/\/bulbiochem.bg\/ro\/categorie-de-produse\/produse-acril-poliuretanice\/\" rel=\"tag\">Produse acril-poliuretanice<\/a><\/div><h3 class=\"woocommerce-loop-product__title\"><a href=\"https:\/\/bulbiochem.bg\/ro\/produs\/acr-253-ac-grund-acrilic-poliuretanic-bulmat\/\">A-PU Primer I \u0410CR-253 \u0410C<\/a><\/h3>\n\t<span class=\"price\"><span class=\"woocommerce-Price-amount amount\"><bdi><span class=\"woocommerce-Price-currencySymbol\">&#36;<\/span>100.00<\/bdi><\/span><\/span>\n<p class=\"shop-product-short-description\" style=\"font-size:13px; color:#777;\"><p>Un grund bicomponent cu uscare rapid\u0103, potrivit pentru protec\u021bia suprafe\u021belor metalice utilizate\n\u00een medii agresive cu un con\u021binut ridicat de fosfat de zinc. Form\u00e2nd o pelicul\u0103 rezistent\u0103 la expansiune\nliniar\u0103, coroziune chimic\u0103, uleiuri minerale, umiditate \u0219i cea\u021b\u0103 salin\u0103.<\/p>\n<\/p><\/div><\/div><\/li>\n<li class=\"product type-product post-59 status-publish first instock product_cat-razrediteli has-post-thumbnail shipping-taxable purchasable product-type-simple\">\n\t<div class=\"product-block\">        <div class=\"product-transition\"><div class=\"product-image\"><img decoding=\"async\" width=\"300\" height=\"23\" src=\"https:\/\/bulbiochem.bg\/wp-content\/uploads\/2021\/07\/BULMAT-Industrial-One-SizeArtboard-6-300x23.png\" class=\"attachment-woocommerce_thumbnail size-woocommerce_thumbnail\" alt=\"\" srcset=\"https:\/\/bulbiochem.bg\/wp-content\/uploads\/2021\/07\/BULMAT-Industrial-One-SizeArtboard-6-300x23.png 300w, https:\/\/bulbiochem.bg\/wp-content\/uploads\/2021\/07\/BULMAT-Industrial-One-SizeArtboard-6-768x59.png 768w, https:\/\/bulbiochem.bg\/wp-content\/uploads\/2021\/07\/BULMAT-Industrial-One-SizeArtboard-6-630x48.png 630w, https:\/\/bulbiochem.bg\/wp-content\/uploads\/2021\/07\/BULMAT-Industrial-One-SizeArtboard-6-600x46.png 600w, https:\/\/bulbiochem.bg\/wp-content\/uploads\/2021\/07\/BULMAT-Industrial-One-SizeArtboard-6.png 945w\" sizes=\"(max-width: 300px) 100vw, 300px\" \/><\/div>        <div class=\"group-action\">\n            <div class=\"shop-action\">\n                            <\/div>\n        <\/div>\n        <a href=\"?add-to-cart=59\" aria-describedby=\"woocommerce_loop_add_to_cart_link_describedby_59\" data-quantity=\"1\" class=\"button product_type_simple add_to_cart_button ajax_add_to_cart\" data-product_id=\"59\" data-product_sku=\"\u0410CR-300\" aria-label=\"Add to cart: \u201c\u0410CR-300\u201d\" rel=\"nofollow\" data-success_message=\"\u201c\u0410CR-300\u201d has been added to your cart\" data-no-translation=\"\" data-trp-gettext=\"\" data-no-translation-aria-label=\"\" data-no-translation-data-success_message=\"\">Add to cart<\/a>\t<span id=\"woocommerce_loop_add_to_cart_link_describedby_59\" class=\"screen-reader-text\">\n\t\t\t<\/span>\n<a href=\"https:\/\/bulbiochem.bg\/ro\/produs\/acr-300-diluant-bulmat\/\" class=\"woocommerce-LoopProduct-link woocommerce-loop-product__link\"><\/a><\/div>\n        <p class=\"shop-product-subheading\" style=\"font-size:14px; color:#555; text-align:center; padding:10px 0;\">DILUANT<\/p><div class=\"product-caption\"><div class=\"posted-in\"><a href=\"https:\/\/bulbiochem.bg\/ro\/categorie-de-produse\/diluanti\/\" rel=\"tag\">Diluan\u021bi<\/a><\/div><h3 class=\"woocommerce-loop-product__title\"><a href=\"https:\/\/bulbiochem.bg\/ro\/produs\/acr-300-diluant-bulmat\/\">\u0410CR-300<\/a><\/h3>\n\t<span class=\"price\"><span class=\"woocommerce-Price-amount amount\"><bdi><span class=\"woocommerce-Price-currencySymbol\">&#36;<\/span>296.90<\/bdi><\/span><\/span>\n<p class=\"shop-product-short-description\" style=\"font-size:13px; color:#777;\"><p>Pentru diluarea r\u0103\u0219inilor acrilice \u0219i alchidice, grundurilor, vopselelor \u0219i lacurilor. Accelereaz\u0103 uscarea\nsistemelor lacuriere \u00een care este utilizat \u0219i reduce timpul de a\u0219teptare \u00eentre straturi. Potrivit pentru\ndegresarea suprafe\u021belor metalice \u0219i pentru cur\u0103\u021barea instrumentelor \u0219i echipamentelor de vopsit dup\u0103\nutilizare.<\/p>\n<\/p><\/div><\/div><\/li>\n<li class=\"product type-product post-57 status-publish first instock product_cat-razrediteli has-post-thumbnail shipping-taxable purchasable product-type-simple\">\n\t<div class=\"product-block\">        <div class=\"product-transition\"><div class=\"product-image\"><img decoding=\"async\" width=\"300\" height=\"23\" src=\"https:\/\/bulbiochem.bg\/wp-content\/uploads\/2021\/07\/BULMAT-Industrial-One-SizeArtboard-7-300x23.png\" class=\"attachment-woocommerce_thumbnail size-woocommerce_thumbnail\" alt=\"\" srcset=\"https:\/\/bulbiochem.bg\/wp-content\/uploads\/2021\/07\/BULMAT-Industrial-One-SizeArtboard-7-300x23.png 300w, https:\/\/bulbiochem.bg\/wp-content\/uploads\/2021\/07\/BULMAT-Industrial-One-SizeArtboard-7-768x59.png 768w, https:\/\/bulbiochem.bg\/wp-content\/uploads\/2021\/07\/BULMAT-Industrial-One-SizeArtboard-7-630x48.png 630w, https:\/\/bulbiochem.bg\/wp-content\/uploads\/2021\/07\/BULMAT-Industrial-One-SizeArtboard-7-600x46.png 600w, https:\/\/bulbiochem.bg\/wp-content\/uploads\/2021\/07\/BULMAT-Industrial-One-SizeArtboard-7.png 945w\" sizes=\"(max-width: 300px) 100vw, 300px\" \/><\/div>        <div class=\"group-action\">\n            <div class=\"shop-action\">\n                            <\/div>\n        <\/div>\n        <a href=\"?add-to-cart=57\" aria-describedby=\"woocommerce_loop_add_to_cart_link_describedby_57\" data-quantity=\"1\" class=\"button product_type_simple add_to_cart_button ajax_add_to_cart\" data-product_id=\"57\" data-product_sku=\"\u0410\u041cV\" aria-label=\"Add to cart: \u201c\u0410\u041cV\u201d\" rel=\"nofollow\" data-success_message=\"\u201c\u0410\u041cV\u201d has been added to your cart\" data-no-translation=\"\" data-trp-gettext=\"\" data-no-translation-aria-label=\"\" data-no-translation-data-success_message=\"\">Add to cart<\/a>\t<span id=\"woocommerce_loop_add_to_cart_link_describedby_57\" class=\"screen-reader-text\">\n\t\t\t<\/span>\n<a href=\"https:\/\/bulbiochem.bg\/ro\/produs\/amv-diluant-bulmat\/\" class=\"woocommerce-LoopProduct-link woocommerce-loop-product__link\"><\/a><\/div>\n        <p class=\"shop-product-subheading\" style=\"font-size:14px; color:#555; text-align:center; padding:10px 0;\">DILUANT<\/p><div class=\"product-caption\"><div class=\"posted-in\"><a href=\"https:\/\/bulbiochem.bg\/ro\/categorie-de-produse\/diluanti\/\" rel=\"tag\">Diluan\u021bi<\/a><\/div><h3 class=\"woocommerce-loop-product__title\"><a href=\"https:\/\/bulbiochem.bg\/ro\/produs\/amv-diluant-bulmat\/\">\u0410\u041cV<\/a><\/h3>\n\t<span class=\"price\"><span class=\"woocommerce-Price-amount amount\"><bdi><span class=\"woocommerce-Price-currencySymbol\">&#36;<\/span>160.91<\/bdi><\/span><\/span>\n<p class=\"shop-product-short-description\" style=\"font-size:13px; color:#777;\"><p>Pentru diluarea r\u0103\u0219inilor alchidice, grundurilor, vopselelor \u0219i lacurilor. \u00cembun\u0103t\u0103\u021be\u0219te fluiden\u021ba,\ncresc\u00e2nd astfel gradul de luciu al acoperirilor. Potrivit pentru degresarea suprafe\u021belor metalice \u0219i pentru\ncur\u0103\u021barea instrumentelor \u0219i echipamentelor de vopsit dup\u0103 utilizare.<\/p>\n<\/p><\/div><\/div><\/li>\n<li class=\"product type-product post-63 status-publish first instock product_cat-razrediteli has-post-thumbnail sold-individually shipping-taxable purchasable product-type-simple\">\n\t<div class=\"product-block\">        <div class=\"product-transition\"><div class=\"product-image\"><img loading=\"lazy\" decoding=\"async\" width=\"300\" height=\"23\" src=\"https:\/\/bulbiochem.bg\/wp-content\/uploads\/2021\/07\/BULMAT-Industrial-One-SizeArtboard-5-300x23.png\" class=\"attachment-woocommerce_thumbnail size-woocommerce_thumbnail\" alt=\"\" srcset=\"https:\/\/bulbiochem.bg\/wp-content\/uploads\/2021\/07\/BULMAT-Industrial-One-SizeArtboard-5-300x23.png 300w, https:\/\/bulbiochem.bg\/wp-content\/uploads\/2021\/07\/BULMAT-Industrial-One-SizeArtboard-5-768x59.png 768w, https:\/\/bulbiochem.bg\/wp-content\/uploads\/2021\/07\/BULMAT-Industrial-One-SizeArtboard-5-630x48.png 630w, https:\/\/bulbiochem.bg\/wp-content\/uploads\/2021\/07\/BULMAT-Industrial-One-SizeArtboard-5-600x46.png 600w, https:\/\/bulbiochem.bg\/wp-content\/uploads\/2021\/07\/BULMAT-Industrial-One-SizeArtboard-5.png 945w\" sizes=\"(max-width: 300px) 100vw, 300px\" \/><\/div>        <div class=\"group-action\">\n            <div class=\"shop-action\">\n                            <\/div>\n        <\/div>\n        <a href=\"?add-to-cart=63\" aria-describedby=\"woocommerce_loop_add_to_cart_link_describedby_63\" data-quantity=\"1\" class=\"button product_type_simple add_to_cart_button ajax_add_to_cart\" data-product_id=\"63\" data-product_sku=\"PPS\" aria-label=\"Add to cart: \u201cPPS\u201d\" rel=\"nofollow\" data-success_message=\"\u201cPPS\u201d has been added to your cart\" data-no-translation=\"\" data-trp-gettext=\"\" data-no-translation-aria-label=\"\" data-no-translation-data-success_message=\"\">Add to cart<\/a>\t<span id=\"woocommerce_loop_add_to_cart_link_describedby_63\" class=\"screen-reader-text\">\n\t\t\t<\/span>\n<a href=\"https:\/\/bulbiochem.bg\/ro\/produs\/pps-diluant-bulmat\/\" class=\"woocommerce-LoopProduct-link woocommerce-loop-product__link\"><\/a><\/div>\n        <p class=\"shop-product-subheading\" style=\"font-size:14px; color:#555; text-align:center; padding:10px 0;\">DILUANT UNIVERSAL<\/p><div class=\"product-caption\"><div class=\"posted-in\"><a href=\"https:\/\/bulbiochem.bg\/ro\/categorie-de-produse\/diluanti\/\" rel=\"tag\">Diluan\u021bi<\/a><\/div><h3 class=\"woocommerce-loop-product__title\"><a href=\"https:\/\/bulbiochem.bg\/ro\/produs\/pps-diluant-bulmat\/\">PPS<\/a><\/h3>\n\t<span class=\"price\"><span class=\"woocommerce-Price-amount amount\"><bdi><span class=\"woocommerce-Price-currencySymbol\">&#36;<\/span>0.00<\/bdi><\/span><\/span>\n<p class=\"shop-product-short-description\" style=\"font-size:13px; color:#777;\"><p>Pentru diluarea r\u0103\u0219inilor acrilice, epoxidice \u0219i poliuretanice, grundurilor, vopselelor \u0219i lacurilor.\n\u00cembun\u0103t\u0103\u021be\u0219te fluiden\u021ba, cresc\u00e2nd astfel gradul de luciu al acoperirilor. Potrivit pentru degresarea\nsuprafe\u021belor metalice \u0219i pentru cur\u0103\u021barea instrumentelor \u0219i echipamentelor de vopsit dup\u0103 utilizare.<\/p>\n<\/p><\/div><\/div><\/li>\n<li class=\"product type-product post-61 status-publish first instock product_cat-razrediteli has-post-thumbnail shipping-taxable purchasable product-type-simple\">\n\t<div class=\"product-block\">        <div class=\"product-transition\"><div class=\"product-image\"><img loading=\"lazy\" decoding=\"async\" width=\"300\" height=\"23\" src=\"https:\/\/bulbiochem.bg\/wp-content\/uploads\/2021\/07\/BULMAT-Industrial-One-SizeArtboard-10-300x23.png\" class=\"attachment-woocommerce_thumbnail size-woocommerce_thumbnail\" alt=\"\" srcset=\"https:\/\/bulbiochem.bg\/wp-content\/uploads\/2021\/07\/BULMAT-Industrial-One-SizeArtboard-10-300x23.png 300w, https:\/\/bulbiochem.bg\/wp-content\/uploads\/2021\/07\/BULMAT-Industrial-One-SizeArtboard-10-768x59.png 768w, https:\/\/bulbiochem.bg\/wp-content\/uploads\/2021\/07\/BULMAT-Industrial-One-SizeArtboard-10-630x48.png 630w, https:\/\/bulbiochem.bg\/wp-content\/uploads\/2021\/07\/BULMAT-Industrial-One-SizeArtboard-10-600x46.png 600w, https:\/\/bulbiochem.bg\/wp-content\/uploads\/2021\/07\/BULMAT-Industrial-One-SizeArtboard-10.png 945w\" sizes=\"(max-width: 300px) 100vw, 300px\" \/><\/div>        <div class=\"group-action\">\n            <div class=\"shop-action\">\n                            <\/div>\n        <\/div>\n        <a href=\"?add-to-cart=61\" aria-describedby=\"woocommerce_loop_add_to_cart_link_describedby_61\" data-quantity=\"1\" class=\"button product_type_simple add_to_cart_button ajax_add_to_cart\" data-product_id=\"61\" data-product_sku=\"XB total\" aria-label=\"Add to cart: \u201cXB Total\u201d\" rel=\"nofollow\" data-success_message=\"\u201cXB Total\u201d has been added to your cart\" data-no-translation=\"\" data-trp-gettext=\"\" data-no-translation-aria-label=\"\" data-no-translation-data-success_message=\"\">Add to cart<\/a>\t<span id=\"woocommerce_loop_add_to_cart_link_describedby_61\" class=\"screen-reader-text\">\n\t\t\t<\/span>\n<a href=\"https:\/\/bulbiochem.bg\/ro\/produs\/xb-total-diluant-bulmat\/\" class=\"woocommerce-LoopProduct-link woocommerce-loop-product__link\"><\/a><\/div>\n        <p class=\"shop-product-subheading\" style=\"font-size:14px; color:#555; text-align:center; padding:10px 0;\">DILUANT UNIVERSAL<\/p><div class=\"product-caption\"><div class=\"posted-in\"><a href=\"https:\/\/bulbiochem.bg\/ro\/categorie-de-produse\/diluanti\/\" rel=\"tag\">Diluan\u021bi<\/a><\/div><h3 class=\"woocommerce-loop-product__title\"><a href=\"https:\/\/bulbiochem.bg\/ro\/produs\/xb-total-diluant-bulmat\/\">XB Total<\/a><\/h3>\n\t<span class=\"price\"><span class=\"woocommerce-Price-amount amount\"><bdi><span class=\"woocommerce-Price-currencySymbol\">&#36;<\/span>0.00<\/bdi><\/span><\/span>\n<p class=\"shop-product-short-description\" style=\"font-size:13px; color:#777;\"><p>Diluant universal pentru r\u0103\u0219ini alchidice, acrilice, epoxidice, poliuretanice, PVC, vinilester, cauciuc\nclorurat, etilsilicat, siliconice, grunduri, vopsele \u0219i lacuri. Accelereaz\u0103 uscarea sistemelor lacuriere \u00een care este utilizat \u0219i reduce timpul de a\u0219teptare \u00eentre straturi. Potrivit pentru degresarea suprafe\u021belor metalice \u0219i pentru cur\u0103\u021barea instrumentelor \u0219i echipamentelor de vopsit dup\u0103 utilizare.<\/p>\n<\/p><\/div><\/div><\/li>\n<li class=\"product type-product post-6821 status-publish first instock product_cat-76 has-post-thumbnail shipping-taxable product-type-simple\">\n\t<div class=\"product-block\">        <div class=\"product-transition\"><div class=\"product-image\"><img loading=\"lazy\" decoding=\"async\" width=\"300\" height=\"23\" src=\"https:\/\/bulbiochem.bg\/wp-content\/uploads\/2025\/04\/BULMAT-Industrial-One-SizeArtboard-52-300x23.png\" class=\"attachment-woocommerce_thumbnail size-woocommerce_thumbnail\" alt=\"\" srcset=\"https:\/\/bulbiochem.bg\/wp-content\/uploads\/2025\/04\/BULMAT-Industrial-One-SizeArtboard-52-300x23.png 300w, https:\/\/bulbiochem.bg\/wp-content\/uploads\/2025\/04\/BULMAT-Industrial-One-SizeArtboard-52-768x59.png 768w, https:\/\/bulbiochem.bg\/wp-content\/uploads\/2025\/04\/BULMAT-Industrial-One-SizeArtboard-52-18x1.png 18w, https:\/\/bulbiochem.bg\/wp-content\/uploads\/2025\/04\/BULMAT-Industrial-One-SizeArtboard-52-630x48.png 630w, https:\/\/bulbiochem.bg\/wp-content\/uploads\/2025\/04\/BULMAT-Industrial-One-SizeArtboard-52-600x46.png 600w, https:\/\/bulbiochem.bg\/wp-content\/uploads\/2025\/04\/BULMAT-Industrial-One-SizeArtboard-52.png 945w\" sizes=\"(max-width: 300px) 100vw, 300px\" \/><\/div>        <div class=\"group-action\">\n            <div class=\"shop-action\">\n                            <\/div>\n        <\/div>\n        <a href=\"https:\/\/bulbiochem.bg\/ro\/produs\/e-si-primer-rapid-i-nt-450-grund-etilsilicat-de-zinc-bulmat\/\" aria-describedby=\"woocommerce_loop_add_to_cart_link_describedby_6821\" data-quantity=\"1\" class=\"button product_type_simple\" data-product_id=\"6821\" data-product_sku=\"NT-450\" aria-label=\"Read more about \u201cE-Si Primer Rapid I NT-450\u201d\" rel=\"nofollow\" data-success_message=\"\" data-no-translation=\"\" data-trp-gettext=\"\" data-no-translation-aria-label=\"\">Read more<\/a>\t<span id=\"woocommerce_loop_add_to_cart_link_describedby_6821\" class=\"screen-reader-text\">\n\t\t\t<\/span>\n<a href=\"https:\/\/bulbiochem.bg\/ro\/produs\/e-si-primer-rapid-i-nt-450-grund-etilsilicat-de-zinc-bulmat\/\" class=\"woocommerce-LoopProduct-link woocommerce-loop-product__link\"><\/a><\/div>\n        <p class=\"shop-product-subheading\" style=\"font-size:14px; color:#555; text-align:center; padding:10px 0;\">GRUND DE ZINC ETILSILICAT<\/p><div class=\"product-caption\"><div class=\"posted-in\"><a href=\"https:\/\/bulbiochem.bg\/ro\/categorie-de-produse\/produse-specializate\/\" rel=\"tag\">Produse specializate<\/a><\/div><h3 class=\"woocommerce-loop-product__title\"><a href=\"https:\/\/bulbiochem.bg\/ro\/produs\/e-si-primer-rapid-i-nt-450-grund-etilsilicat-de-zinc-bulmat\/\">E-Si Primer Rapid I NT-450<\/a><\/h3>\n<p class=\"shop-product-short-description\" style=\"font-size:13px; color:#777;\"><p>Grund de etil silicat monocomponent cu uscare rapid\u0103 pentru suprafe\u021be metalice cu con\u021binut ridicat\nde zinc \u0219i puritate de 99,99%.<\/p>\n<\/p><\/div><\/div><\/li>\n<\/ul>\n<\/div><\/div>\t\t<\/div>\n\t\t\t\t<\/div>\n\t\t\t\t\t<\/div>\n\t\t<\/div>\n\t\t\t\t\t<\/div>\n\t\t<\/div>\n\t\t\t\t<\/div>","protected":false},"excerpt":{"rendered":"","protected":false},"author":2,"featured_media":0,"parent":0,"menu_order":0,"comment_status":"closed","ping_status":"closed","template":"elementor_header_footer","meta":{"footnotes":""},"class_list":["post-4025","page","type-page","status-publish","hentry"],"yoast_head":"<!-- This site is optimized with the Yoast SEO plugin v24.3 - https:\/\/yoast.com\/wordpress\/plugins\/seo\/ -->\n<title>Shop Slider - \u0411\u0443\u043b\u043c\u0430\u0442<\/title>\n<meta name=\"robots\" content=\"index, follow, max-snippet:-1, max-image-preview:large, max-video-preview:-1\" \/>\n<link rel=\"canonical\" href=\"https:\/\/bulbiochem.bg\/ro\/shop-slider\/\" \/>\n<meta property=\"og:locale\" content=\"ro_RO\" \/>\n<meta property=\"og:type\" content=\"article\" \/>\n<meta property=\"og:title\" content=\"Shop Slider - \u0411\u0443\u043b\u043c\u0430\u0442\" \/>\n<meta property=\"og:url\" content=\"https:\/\/bulbiochem.bg\/ro\/shop-slider\/\" \/>\n<meta property=\"og:site_name\" content=\"\u0411\u0443\u043b\u043c\u0430\u0442\" \/>\n<meta name=\"twitter:card\" content=\"summary_large_image\" \/>\n<script type=\"application\/ld+json\" class=\"yoast-schema-graph\">{\"@context\":\"https:\/\/schema.org\",\"@graph\":[{\"@type\":\"WebPage\",\"@id\":\"https:\/\/bulbiochem.bg\/shop-slider\/\",\"url\":\"https:\/\/bulbiochem.bg\/shop-slider\/\",\"name\":\"Shop Slider - \u0411\u0443\u043b\u043c\u0430\u0442\",\"isPartOf\":{\"@id\":\"https:\/\/bulbiochem.bg\/#website\"},\"datePublished\":\"2021-07-15T09:57:03+00:00\",\"dateModified\":\"2021-07-15T09:57:03+00:00\",\"breadcrumb\":{\"@id\":\"https:\/\/bulbiochem.bg\/shop-slider\/#breadcrumb\"},\"inLanguage\":\"ro-RO\",\"potentialAction\":[{\"@type\":\"ReadAction\",\"target\":[\"https:\/\/bulbiochem.bg\/shop-slider\/\"]}]},{\"@type\":\"BreadcrumbList\",\"@id\":\"https:\/\/bulbiochem.bg\/shop-slider\/#breadcrumb\",\"itemListElement\":[{\"@type\":\"ListItem\",\"position\":1,\"name\":\"Home\",\"item\":\"https:\/\/bulbiochem.bg\/\"},{\"@type\":\"ListItem\",\"position\":2,\"name\":\"Shop Slider\"}]},{\"@type\":\"WebSite\",\"@id\":\"https:\/\/bulbiochem.bg\/#website\",\"url\":\"https:\/\/bulbiochem.bg\/\",\"name\":\"\u0411\u0443\u043b\u043c\u0430\u0442\",\"description\":\"\u0411\u0443\u043b\u0431\u0438\u043e\u043a\u0435\u043c \u0415\u041e\u041e\u0414.\",\"publisher\":{\"@id\":\"https:\/\/bulbiochem.bg\/#organization\"},\"potentialAction\":[{\"@type\":\"SearchAction\",\"target\":{\"@type\":\"EntryPoint\",\"urlTemplate\":\"https:\/\/bulbiochem.bg\/?s={search_term_string}\"},\"query-input\":{\"@type\":\"PropertyValueSpecification\",\"valueRequired\":true,\"valueName\":\"search_term_string\"}}],\"inLanguage\":\"ro-RO\"},{\"@type\":\"Organization\",\"@id\":\"https:\/\/bulbiochem.bg\/#organization\",\"name\":\"\u0411\u0443\u043b\u043c\u0430\u0442\",\"url\":\"https:\/\/bulbiochem.bg\/\",\"logo\":{\"@type\":\"ImageObject\",\"inLanguage\":\"ro-RO\",\"@id\":\"https:\/\/bulbiochem.bg\/#\/schema\/logo\/image\/\",\"url\":\"https:\/\/bulbiochem.bg\/wp-content\/uploads\/2025\/01\/logo-bulmat-1.png\",\"contentUrl\":\"https:\/\/bulbiochem.bg\/wp-content\/uploads\/2025\/01\/logo-bulmat-1.png\",\"width\":1211,\"height\":268,\"caption\":\"\u0411\u0443\u043b\u043c\u0430\u0442\"},\"image\":{\"@id\":\"https:\/\/bulbiochem.bg\/#\/schema\/logo\/image\/\"}}]}<\/script>\n<!-- \/ Yoast SEO plugin. -->","yoast_head_json":{"title":"Shop Slider - \u0411\u0443\u043b\u043c\u0430\u0442","robots":{"index":"index","follow":"follow","max-snippet":"max-snippet:-1","max-image-preview":"max-image-preview:large","max-video-preview":"max-video-preview:-1"},"canonical":"https:\/\/bulbiochem.bg\/ro\/shop-slider\/","og_locale":"ro_RO","og_type":"article","og_title":"Shop Slider - \u0411\u0443\u043b\u043c\u0430\u0442","og_url":"https:\/\/bulbiochem.bg\/ro\/shop-slider\/","og_site_name":"\u0411\u0443\u043b\u043c\u0430\u0442","twitter_card":"summary_large_image","schema":{"@context":"https:\/\/schema.org","@graph":[{"@type":"WebPage","@id":"https:\/\/bulbiochem.bg\/shop-slider\/","url":"https:\/\/bulbiochem.bg\/shop-slider\/","name":"Shop Slider - \u0411\u0443\u043b\u043c\u0430\u0442","isPartOf":{"@id":"https:\/\/bulbiochem.bg\/#website"},"datePublished":"2021-07-15T09:57:03+00:00","dateModified":"2021-07-15T09:57:03+00:00","breadcrumb":{"@id":"https:\/\/bulbiochem.bg\/shop-slider\/#breadcrumb"},"inLanguage":"ro-RO","potentialAction":[{"@type":"ReadAction","target":["https:\/\/bulbiochem.bg\/shop-slider\/"]}]},{"@type":"BreadcrumbList","@id":"https:\/\/bulbiochem.bg\/shop-slider\/#breadcrumb","itemListElement":[{"@type":"ListItem","position":1,"name":"Home","item":"https:\/\/bulbiochem.bg\/"},{"@type":"ListItem","position":2,"name":"Shop Slider"}]},{"@type":"WebSite","@id":"https:\/\/bulbiochem.bg\/#website","url":"https:\/\/bulbiochem.bg\/","name":"Bulmat","description":"\u0411\u0443\u043b\u0431\u0438\u043e\u043a\u0435\u043c \u0415\u041e\u041e\u0414.","publisher":{"@id":"https:\/\/bulbiochem.bg\/#organization"},"potentialAction":[{"@type":"SearchAction","target":{"@type":"EntryPoint","urlTemplate":"https:\/\/bulbiochem.bg\/?s={search_term_string}"},"query-input":{"@type":"PropertyValueSpecification","valueRequired":true,"valueName":"search_term_string"}}],"inLanguage":"ro-RO"},{"@type":"Organization","@id":"https:\/\/bulbiochem.bg\/#organization","name":"Bulmat","url":"https:\/\/bulbiochem.bg\/","logo":{"@type":"ImageObject","inLanguage":"ro-RO","@id":"https:\/\/bulbiochem.bg\/#\/schema\/logo\/image\/","url":"https:\/\/bulbiochem.bg\/wp-content\/uploads\/2025\/01\/logo-bulmat-1.png","contentUrl":"https:\/\/bulbiochem.bg\/wp-content\/uploads\/2025\/01\/logo-bulmat-1.png","width":1211,"height":268,"caption":"\u0411\u0443\u043b\u043c\u0430\u0442"},"image":{"@id":"https:\/\/bulbiochem.bg\/#\/schema\/logo\/image\/"}}]}},"_links":{"self":[{"href":"https:\/\/bulbiochem.bg\/ro\/wp-json\/wp\/v2\/pages\/4025","targetHints":{"allow":["GET"]}}],"collection":[{"href":"https:\/\/bulbiochem.bg\/ro\/wp-json\/wp\/v2\/pages"}],"about":[{"href":"https:\/\/bulbiochem.bg\/ro\/wp-json\/wp\/v2\/types\/page"}],"author":[{"embeddable":true,"href":"https:\/\/bulbiochem.bg\/ro\/wp-json\/wp\/v2\/users\/2"}],"replies":[{"embeddable":true,"href":"https:\/\/bulbiochem.bg\/ro\/wp-json\/wp\/v2\/comments?post=4025"}],"version-history":[{"count":0,"href":"https:\/\/bulbiochem.bg\/ro\/wp-json\/wp\/v2\/pages\/4025\/revisions"}],"wp:attachment":[{"href":"https:\/\/bulbiochem.bg\/ro\/wp-json\/wp\/v2\/media?parent=4025"}],"curies":[{"name":"wp","href":"https:\/\/api.w.org\/{rel}","templated":true}]}}