{"id":6749,"date":"2025-04-02T07:14:28","date_gmt":"2025-04-02T07:14:28","guid":{"rendered":"https:\/\/bulbiochem.bg\/?page_id=6749"},"modified":"2026-04-03T07:36:16","modified_gmt":"2026-04-03T07:36:16","slug":"despre-proiectul-european","status":"publish","type":"page","link":"https:\/\/bulbiochem.bg\/ro\/despre-proiectul-european\/","title":{"rendered":"\u0417\u0430 \u0435\u0432\u0440\u043e\u043f\u0440\u043e\u0435\u043a\u0442\u0430"},"content":{"rendered":"<figure class=\"wp-block-gallery has-nested-images columns-default is-cropped wp-block-gallery-1 is-layout-flex wp-block-gallery-is-layout-flex\"><div class=\"wp-block-image is-style-default\"><figure class=\"aligncenter size-large\"><img decoding=\"async\" width=\"238\" height=\"71\" data-id=\"6757\" src=\"https:\/\/bulbiochem.bg\/wp-content\/uploads\/2025\/04\/\u043a\u043e\u043d\u043a\u0443\u0440\u0435\u043d\u0442\u043d\u043e\u0441\u0442-2.jpg\" alt=\"\" class=\"wp-image-6757\" srcset=\"https:\/\/bulbiochem.bg\/wp-content\/uploads\/2025\/04\/\u043a\u043e\u043d\u043a\u0443\u0440\u0435\u043d\u0442\u043d\u043e\u0441\u0442-2.jpg 238w, https:\/\/bulbiochem.bg\/wp-content\/uploads\/2025\/04\/\u043a\u043e\u043d\u043a\u0443\u0440\u0435\u043d\u0442\u043d\u043e\u0441\u0442-2-18x5.jpg 18w\" sizes=\"(max-width: 238px) 100vw, 238px\" \/><\/figure><\/div>\n\n<div class=\"wp-block-image\"><figure class=\"aligncenter size-full\"><img decoding=\"async\" width=\"210\" height=\"66\" data-id=\"6758\" src=\"https:\/\/bulbiochem.bg\/wp-content\/uploads\/2025\/04\/\u0435\u0432\u0440\u043e-\u0437\u043d\u0430\u043c\u0435-1.jpg\" alt=\"\" class=\"wp-image-6758\" srcset=\"https:\/\/bulbiochem.bg\/wp-content\/uploads\/2025\/04\/\u0435\u0432\u0440\u043e-\u0437\u043d\u0430\u043c\u0435-1.jpg 210w, https:\/\/bulbiochem.bg\/wp-content\/uploads\/2025\/04\/\u0435\u0432\u0440\u043e-\u0437\u043d\u0430\u043c\u0435-1-18x6.jpg 18w\" sizes=\"(max-width: 210px) 100vw, 210px\" \/><\/figure><\/div><\/figure><p class=\"translation-block\"><strong>\u041f\u0423\u0411\u041b\u0418\u0427\u041d\u0410 \u041f\u041e\u041a\u0410\u041d\u0410 \u2116 1&nbsp;<\/strong>\u0437\u0430 \u0438\u0437\u0431\u043e\u0440 \u043d\u0430 \u0438\u0437\u043f\u044a\u043b\u043d\u0438\u0442\u0435\u043b \u0441 \u043f\u0440\u0435\u0434\u043c\u0435\u0442&nbsp;<strong>\u0414\u043e\u0441\u0442\u0430\u0432\u043a\u0430 \u0438 \u0432\u044a\u0432\u0435\u0436\u0434\u0430\u043d\u0435 \u0432 \u0435\u043a\u0441\u043f\u043b\u043e\u0430\u0442\u0430\u0446\u0438\u044f \u043f\u043e 4 \u043e\u0431\u043e\u0441\u043e\u0431\u0435\u043d\u0438 \u043f\u043e\u0437\u0438\u0446\u0438\u0438::<\/strong><\/p><p><strong>Lot 1: Linie automat\u0103 de umplere \u2013 1 buc.;<\/strong><\/p><p><strong>Lot 2: Ma\u0219in\u0103 semiautomat\u0103 de dozare gravimetric\u0103 \u2013 1 buc.;<\/strong><\/p><p><strong>Lot 3: Instala\u021bie pentru reciclarea diluan\u021bilor \u2013 1 buc.;<\/strong><\/p><p><strong>Lot 4: Achizi\u021bionare de mori \u0219i dispersoare, care include:<\/strong><\/p><p><strong>\u2013 Dispersoare \u2013 mari \u2013 3 buc.<\/strong><\/p><p><strong>\u2013 Dispersor \u2013 mic \u2013 1 buc.<\/strong><\/p><p><strong>\u2013 Moar\u0103 \u2013 mare: 2 buc.<\/strong><\/p><p><strong>\u2013 Moar\u0103 \u2013 medie: 1 buc.<\/strong><\/p><p><strong>\u2013 Moar\u0103 \u2013 mic\u0103: 1 buc.<\/strong><\/p><p>&nbsp;\u00een cadrul implement\u0103rii proiectului nr. BG16RFOP002-2.040-1469 \u2013 \u201e\u00cembun\u0103t\u0103\u021birea capacit\u0103\u021bii de produc\u021bie \u0219i cre\u0219terea poten\u021bialului de export al Bulbiochem EOOD\u201d, finan\u021bat prin Programul Opera\u021bional \u201eInovare \u0219i Competitivitate 2014-2020\u201d, cofinan\u021bat de UE prin FEDR \u0219i cu contribu\u021bia proprie a Beneficiarului.&nbsp;&nbsp;<\/p><p class=\"translation-block\">Setul complet de documente poate fi g\u0103sit <strong><u><a href=\"https:\/\/drive.google.com\/file\/d\/1IJ4eG6H2Rwmie8xod-gb4dGN_xrvj7Mw\/view?usp=sharing\" target=\"_blank\" rel=\"noreferrer noopener\">aici<\/a><\/u><\/strong><a href=\"https:\/\/bulmat-bg.com\/sites\/default\/files\/.rar\" target=\"_blank\" rel=\"noreferrer noopener\">.<\/a><\/p><p>Ofertele trebuie depuse prin sistemul ISUN 2020 p\u00e2n\u0103 la data de 29.07.2020 inclusiv.<\/p><p><\/p>","protected":false},"excerpt":{"rendered":"<p>\u041f\u0423\u0411\u041b\u0418\u0427\u041d\u0410 \u041f\u041e\u041a\u0410\u041d\u0410 \u2116 1&nbsp;\u0437\u0430 \u0438\u0437\u0431\u043e\u0440 \u043d\u0430 \u0438\u0437\u043f\u044a\u043b\u043d\u0438\u0442\u0435\u043b \u0441 \u043f\u0440\u0435\u0434\u043c\u0435\u0442&nbsp;\u0414\u043e\u0441\u0442\u0430\u0432\u043a\u0430 \u0438 \u0432\u044a\u0432\u0435\u0436\u0434\u0430\u043d\u0435 \u0432 \u0435\u043a\u0441\u043f\u043b\u043e\u0430\u0442\u0430\u0446\u0438\u044f \u043f\u043e 4 \u043e\u0431\u043e\u0441\u043e\u0431\u0435\u043d\u0438 \u043f\u043e\u0437\u0438\u0446\u0438\u0438:: \u041e\u041f 1: \u0410\u0432\u0442\u043e\u043c\u0430\u0442\u0438\u0447\u043d\u0430 \u043f\u044a\u043b\u043d\u0430\u0447\u043d\u0430 \u043b\u0438\u043d\u0438\u044f &#8211; 1 \u0431\u0440.; \u041e\u041f 2: \u041f\u043e\u043b\u0443\u0430\u0432\u0442\u043e\u043c\u0430\u0442\u0438\u0447\u043d\u0430 \u0442\u0435\u0433\u043b\u043e\u0432\u043d\u043e\u0434\u043e\u0437\u0438\u0440\u0430\u0449\u0430 \u043c\u0430\u0448\u0438\u043d\u0430 \u2013 1 \u0431\u0440.; \u041e\u041f 3: \u0418\u043d\u0441\u0442\u0430\u043b\u0430\u0446\u0438\u044f \u0437\u0430 \u0440\u0435\u0446\u0438\u043a\u043b\u0438\u0440\u0430\u043d\u0435 \u043d\u0430 \u0440\u0430\u0437\u0440\u0435\u0434\u0438\u0442\u0435\u043b\u0438 &#8211; 1 \u0431\u0440.; \u041e\u041f 4: \u0417\u0430\u043a\u0443\u043f\u0443\u0432\u0430\u043d\u0435 \u043d\u0430 \u043c\u0435\u043b\u043d\u0438\u0446\u0438 \u0438 \u0434\u0438\u0441\u043e\u043b\u0432\u0435\u0440\u0438, \u0432\u043a\u043b\u044e\u0447\u0432\u0430\u0449\u0430: &#8211; \u0414\u0438\u0441\u043e\u043b\u0432\u0435\u0440\u0438 &#8211; \u0433\u043e\u043b\u0435\u043c\u0438 [&hellip;]<\/p>\n","protected":false},"author":3,"featured_media":0,"parent":0,"menu_order":0,"comment_status":"closed","ping_status":"closed","template":"","meta":{"footnotes":""},"class_list":["post-6749","page","type-page","status-publish","hentry"],"yoast_head":"<!-- This site is optimized with the Yoast SEO plugin v24.3 - https:\/\/yoast.com\/wordpress\/plugins\/seo\/ -->\n<title>\u0417\u0430 \u0435\u0432\u0440\u043e\u043f\u0440\u043e\u0435\u043a\u0442\u0430 - \u0411\u0443\u043b\u043c\u0430\u0442<\/title>\n<meta name=\"robots\" content=\"index, follow, max-snippet:-1, max-image-preview:large, max-video-preview:-1\" \/>\n<link rel=\"canonical\" href=\"https:\/\/bulbiochem.bg\/ro\/despre-proiectul-european\/\" \/>\n<meta property=\"og:locale\" content=\"ro_RO\" \/>\n<meta property=\"og:type\" content=\"article\" \/>\n<meta property=\"og:title\" content=\"\u0417\u0430 \u0435\u0432\u0440\u043e\u043f\u0440\u043e\u0435\u043a\u0442\u0430 - \u0411\u0443\u043b\u043c\u0430\u0442\" \/>\n<meta property=\"og:description\" content=\"\u041f\u0423\u0411\u041b\u0418\u0427\u041d\u0410 \u041f\u041e\u041a\u0410\u041d\u0410 \u2116 1&nbsp;\u0437\u0430 \u0438\u0437\u0431\u043e\u0440 \u043d\u0430 \u0438\u0437\u043f\u044a\u043b\u043d\u0438\u0442\u0435\u043b \u0441 \u043f\u0440\u0435\u0434\u043c\u0435\u0442&nbsp;\u0414\u043e\u0441\u0442\u0430\u0432\u043a\u0430 \u0438 \u0432\u044a\u0432\u0435\u0436\u0434\u0430\u043d\u0435 \u0432 \u0435\u043a\u0441\u043f\u043b\u043e\u0430\u0442\u0430\u0446\u0438\u044f \u043f\u043e 4 \u043e\u0431\u043e\u0441\u043e\u0431\u0435\u043d\u0438 \u043f\u043e\u0437\u0438\u0446\u0438\u0438:: \u041e\u041f 1: \u0410\u0432\u0442\u043e\u043c\u0430\u0442\u0438\u0447\u043d\u0430 \u043f\u044a\u043b\u043d\u0430\u0447\u043d\u0430 \u043b\u0438\u043d\u0438\u044f &#8211; 1 \u0431\u0440.; \u041e\u041f 2: \u041f\u043e\u043b\u0443\u0430\u0432\u0442\u043e\u043c\u0430\u0442\u0438\u0447\u043d\u0430 \u0442\u0435\u0433\u043b\u043e\u0432\u043d\u043e\u0434\u043e\u0437\u0438\u0440\u0430\u0449\u0430 \u043c\u0430\u0448\u0438\u043d\u0430 \u2013 1 \u0431\u0440.; \u041e\u041f 3: \u0418\u043d\u0441\u0442\u0430\u043b\u0430\u0446\u0438\u044f \u0437\u0430 \u0440\u0435\u0446\u0438\u043a\u043b\u0438\u0440\u0430\u043d\u0435 \u043d\u0430 \u0440\u0430\u0437\u0440\u0435\u0434\u0438\u0442\u0435\u043b\u0438 &#8211; 1 \u0431\u0440.; \u041e\u041f 4: \u0417\u0430\u043a\u0443\u043f\u0443\u0432\u0430\u043d\u0435 \u043d\u0430 \u043c\u0435\u043b\u043d\u0438\u0446\u0438 \u0438 \u0434\u0438\u0441\u043e\u043b\u0432\u0435\u0440\u0438, \u0432\u043a\u043b\u044e\u0447\u0432\u0430\u0449\u0430: &#8211; \u0414\u0438\u0441\u043e\u043b\u0432\u0435\u0440\u0438 &#8211; \u0433\u043e\u043b\u0435\u043c\u0438 [&hellip;]\" \/>\n<meta property=\"og:url\" content=\"https:\/\/bulbiochem.bg\/ro\/despre-proiectul-european\/\" \/>\n<meta property=\"og:site_name\" content=\"\u0411\u0443\u043b\u043c\u0430\u0442\" \/>\n<meta property=\"article:modified_time\" content=\"2026-04-03T07:36:16+00:00\" \/>\n<meta name=\"twitter:card\" content=\"summary_large_image\" \/>\n<script type=\"application\/ld+json\" class=\"yoast-schema-graph\">{\"@context\":\"https:\/\/schema.org\",\"@graph\":[{\"@type\":\"WebPage\",\"@id\":\"https:\/\/bulbiochem.bg\/%d0%b7%d0%b0-%d0%b5%d0%b2%d1%80%d0%be%d0%bf%d1%80%d0%be%d0%b5%d0%ba%d1%82%d0%b0\/\",\"url\":\"https:\/\/bulbiochem.bg\/%d0%b7%d0%b0-%d0%b5%d0%b2%d1%80%d0%be%d0%bf%d1%80%d0%be%d0%b5%d0%ba%d1%82%d0%b0\/\",\"name\":\"\u0417\u0430 \u0435\u0432\u0440\u043e\u043f\u0440\u043e\u0435\u043a\u0442\u0430 - \u0411\u0443\u043b\u043c\u0430\u0442\",\"isPartOf\":{\"@id\":\"https:\/\/bulbiochem.bg\/#website\"},\"datePublished\":\"2025-04-02T07:14:28+00:00\",\"dateModified\":\"2026-04-03T07:36:16+00:00\",\"breadcrumb\":{\"@id\":\"https:\/\/bulbiochem.bg\/%d0%b7%d0%b0-%d0%b5%d0%b2%d1%80%d0%be%d0%bf%d1%80%d0%be%d0%b5%d0%ba%d1%82%d0%b0\/#breadcrumb\"},\"inLanguage\":\"ro-RO\",\"potentialAction\":[{\"@type\":\"ReadAction\",\"target\":[\"https:\/\/bulbiochem.bg\/%d0%b7%d0%b0-%d0%b5%d0%b2%d1%80%d0%be%d0%bf%d1%80%d0%be%d0%b5%d0%ba%d1%82%d0%b0\/\"]}]},{\"@type\":\"BreadcrumbList\",\"@id\":\"https:\/\/bulbiochem.bg\/%d0%b7%d0%b0-%d0%b5%d0%b2%d1%80%d0%be%d0%bf%d1%80%d0%be%d0%b5%d0%ba%d1%82%d0%b0\/#breadcrumb\",\"itemListElement\":[{\"@type\":\"ListItem\",\"position\":1,\"name\":\"Home\",\"item\":\"https:\/\/bulbiochem.bg\/\"},{\"@type\":\"ListItem\",\"position\":2,\"name\":\"\u0417\u0430 \u0435\u0432\u0440\u043e\u043f\u0440\u043e\u0435\u043a\u0442\u0430\"}]},{\"@type\":\"WebSite\",\"@id\":\"https:\/\/bulbiochem.bg\/#website\",\"url\":\"https:\/\/bulbiochem.bg\/\",\"name\":\"\u0411\u0443\u043b\u043c\u0430\u0442\",\"description\":\"\u0411\u0443\u043b\u0431\u0438\u043e\u043a\u0435\u043c \u0415\u041e\u041e\u0414.\",\"publisher\":{\"@id\":\"https:\/\/bulbiochem.bg\/#organization\"},\"potentialAction\":[{\"@type\":\"SearchAction\",\"target\":{\"@type\":\"EntryPoint\",\"urlTemplate\":\"https:\/\/bulbiochem.bg\/?s={search_term_string}\"},\"query-input\":{\"@type\":\"PropertyValueSpecification\",\"valueRequired\":true,\"valueName\":\"search_term_string\"}}],\"inLanguage\":\"ro-RO\"},{\"@type\":\"Organization\",\"@id\":\"https:\/\/bulbiochem.bg\/#organization\",\"name\":\"\u0411\u0443\u043b\u043c\u0430\u0442\",\"url\":\"https:\/\/bulbiochem.bg\/\",\"logo\":{\"@type\":\"ImageObject\",\"inLanguage\":\"ro-RO\",\"@id\":\"https:\/\/bulbiochem.bg\/#\/schema\/logo\/image\/\",\"url\":\"https:\/\/bulbiochem.bg\/wp-content\/uploads\/2025\/01\/logo-bulmat-1.png\",\"contentUrl\":\"https:\/\/bulbiochem.bg\/wp-content\/uploads\/2025\/01\/logo-bulmat-1.png\",\"width\":1211,\"height\":268,\"caption\":\"\u0411\u0443\u043b\u043c\u0430\u0442\"},\"image\":{\"@id\":\"https:\/\/bulbiochem.bg\/#\/schema\/logo\/image\/\"}}]}<\/script>\n<!-- \/ Yoast SEO plugin. -->","yoast_head_json":{"title":"\u0417\u0430 \u0435\u0432\u0440\u043e\u043f\u0440\u043e\u0435\u043a\u0442\u0430 - \u0411\u0443\u043b\u043c\u0430\u0442","robots":{"index":"index","follow":"follow","max-snippet":"max-snippet:-1","max-image-preview":"max-image-preview:large","max-video-preview":"max-video-preview:-1"},"canonical":"https:\/\/bulbiochem.bg\/ro\/despre-proiectul-european\/","og_locale":"ro_RO","og_type":"article","og_title":"\u0417\u0430 \u0435\u0432\u0440\u043e\u043f\u0440\u043e\u0435\u043a\u0442\u0430 - \u0411\u0443\u043b\u043c\u0430\u0442","og_description":"\u041f\u0423\u0411\u041b\u0418\u0427\u041d\u0410 \u041f\u041e\u041a\u0410\u041d\u0410 \u2116 1&nbsp;\u0437\u0430 \u0438\u0437\u0431\u043e\u0440 \u043d\u0430 \u0438\u0437\u043f\u044a\u043b\u043d\u0438\u0442\u0435\u043b \u0441 \u043f\u0440\u0435\u0434\u043c\u0435\u0442&nbsp;\u0414\u043e\u0441\u0442\u0430\u0432\u043a\u0430 \u0438 \u0432\u044a\u0432\u0435\u0436\u0434\u0430\u043d\u0435 \u0432 \u0435\u043a\u0441\u043f\u043b\u043e\u0430\u0442\u0430\u0446\u0438\u044f \u043f\u043e 4 \u043e\u0431\u043e\u0441\u043e\u0431\u0435\u043d\u0438 \u043f\u043e\u0437\u0438\u0446\u0438\u0438:: \u041e\u041f 1: \u0410\u0432\u0442\u043e\u043c\u0430\u0442\u0438\u0447\u043d\u0430 \u043f\u044a\u043b\u043d\u0430\u0447\u043d\u0430 \u043b\u0438\u043d\u0438\u044f &#8211; 1 \u0431\u0440.; \u041e\u041f 2: \u041f\u043e\u043b\u0443\u0430\u0432\u0442\u043e\u043c\u0430\u0442\u0438\u0447\u043d\u0430 \u0442\u0435\u0433\u043b\u043e\u0432\u043d\u043e\u0434\u043e\u0437\u0438\u0440\u0430\u0449\u0430 \u043c\u0430\u0448\u0438\u043d\u0430 \u2013 1 \u0431\u0440.; \u041e\u041f 3: \u0418\u043d\u0441\u0442\u0430\u043b\u0430\u0446\u0438\u044f \u0437\u0430 \u0440\u0435\u0446\u0438\u043a\u043b\u0438\u0440\u0430\u043d\u0435 \u043d\u0430 \u0440\u0430\u0437\u0440\u0435\u0434\u0438\u0442\u0435\u043b\u0438 &#8211; 1 \u0431\u0440.; \u041e\u041f 4: \u0417\u0430\u043a\u0443\u043f\u0443\u0432\u0430\u043d\u0435 \u043d\u0430 \u043c\u0435\u043b\u043d\u0438\u0446\u0438 \u0438 \u0434\u0438\u0441\u043e\u043b\u0432\u0435\u0440\u0438, \u0432\u043a\u043b\u044e\u0447\u0432\u0430\u0449\u0430: &#8211; \u0414\u0438\u0441\u043e\u043b\u0432\u0435\u0440\u0438 &#8211; \u0433\u043e\u043b\u0435\u043c\u0438 [&hellip;]","og_url":"https:\/\/bulbiochem.bg\/ro\/despre-proiectul-european\/","og_site_name":"\u0411\u0443\u043b\u043c\u0430\u0442","article_modified_time":"2026-04-03T07:36:16+00:00","twitter_card":"summary_large_image","schema":{"@context":"https:\/\/schema.org","@graph":[{"@type":"WebPage","@id":"https:\/\/bulbiochem.bg\/%d0%b7%d0%b0-%d0%b5%d0%b2%d1%80%d0%be%d0%bf%d1%80%d0%be%d0%b5%d0%ba%d1%82%d0%b0\/","url":"https:\/\/bulbiochem.bg\/%d0%b7%d0%b0-%d0%b5%d0%b2%d1%80%d0%be%d0%bf%d1%80%d0%be%d0%b5%d0%ba%d1%82%d0%b0\/","name":"\u0417\u0430 \u0435\u0432\u0440\u043e\u043f\u0440\u043e\u0435\u043a\u0442\u0430 - \u0411\u0443\u043b\u043c\u0430\u0442","isPartOf":{"@id":"https:\/\/bulbiochem.bg\/#website"},"datePublished":"2025-04-02T07:14:28+00:00","dateModified":"2026-04-03T07:36:16+00:00","breadcrumb":{"@id":"https:\/\/bulbiochem.bg\/%d0%b7%d0%b0-%d0%b5%d0%b2%d1%80%d0%be%d0%bf%d1%80%d0%be%d0%b5%d0%ba%d1%82%d0%b0\/#breadcrumb"},"inLanguage":"ro-RO","potentialAction":[{"@type":"ReadAction","target":["https:\/\/bulbiochem.bg\/%d0%b7%d0%b0-%d0%b5%d0%b2%d1%80%d0%be%d0%bf%d1%80%d0%be%d0%b5%d0%ba%d1%82%d0%b0\/"]}]},{"@type":"BreadcrumbList","@id":"https:\/\/bulbiochem.bg\/%d0%b7%d0%b0-%d0%b5%d0%b2%d1%80%d0%be%d0%bf%d1%80%d0%be%d0%b5%d0%ba%d1%82%d0%b0\/#breadcrumb","itemListElement":[{"@type":"ListItem","position":1,"name":"Home","item":"https:\/\/bulbiochem.bg\/"},{"@type":"ListItem","position":2,"name":"\u0417\u0430 \u0435\u0432\u0440\u043e\u043f\u0440\u043e\u0435\u043a\u0442\u0430"}]},{"@type":"WebSite","@id":"https:\/\/bulbiochem.bg\/#website","url":"https:\/\/bulbiochem.bg\/","name":"Bulmat","description":"\u0411\u0443\u043b\u0431\u0438\u043e\u043a\u0435\u043c \u0415\u041e\u041e\u0414.","publisher":{"@id":"https:\/\/bulbiochem.bg\/#organization"},"potentialAction":[{"@type":"SearchAction","target":{"@type":"EntryPoint","urlTemplate":"https:\/\/bulbiochem.bg\/?s={search_term_string}"},"query-input":{"@type":"PropertyValueSpecification","valueRequired":true,"valueName":"search_term_string"}}],"inLanguage":"ro-RO"},{"@type":"Organization","@id":"https:\/\/bulbiochem.bg\/#organization","name":"Bulmat","url":"https:\/\/bulbiochem.bg\/","logo":{"@type":"ImageObject","inLanguage":"ro-RO","@id":"https:\/\/bulbiochem.bg\/#\/schema\/logo\/image\/","url":"https:\/\/bulbiochem.bg\/wp-content\/uploads\/2025\/01\/logo-bulmat-1.png","contentUrl":"https:\/\/bulbiochem.bg\/wp-content\/uploads\/2025\/01\/logo-bulmat-1.png","width":1211,"height":268,"caption":"\u0411\u0443\u043b\u043c\u0430\u0442"},"image":{"@id":"https:\/\/bulbiochem.bg\/#\/schema\/logo\/image\/"}}]}},"_links":{"self":[{"href":"https:\/\/bulbiochem.bg\/ro\/wp-json\/wp\/v2\/pages\/6749","targetHints":{"allow":["GET"]}}],"collection":[{"href":"https:\/\/bulbiochem.bg\/ro\/wp-json\/wp\/v2\/pages"}],"about":[{"href":"https:\/\/bulbiochem.bg\/ro\/wp-json\/wp\/v2\/types\/page"}],"author":[{"embeddable":true,"href":"https:\/\/bulbiochem.bg\/ro\/wp-json\/wp\/v2\/users\/3"}],"replies":[{"embeddable":true,"href":"https:\/\/bulbiochem.bg\/ro\/wp-json\/wp\/v2\/comments?post=6749"}],"version-history":[{"count":0,"href":"https:\/\/bulbiochem.bg\/ro\/wp-json\/wp\/v2\/pages\/6749\/revisions"}],"wp:attachment":[{"href":"https:\/\/bulbiochem.bg\/ro\/wp-json\/wp\/v2\/media?parent=6749"}],"curies":[{"name":"wp","href":"https:\/\/api.w.org\/{rel}","templated":true}]}}