{"id":6772,"date":"2025-04-02T07:40:34","date_gmt":"2025-04-02T07:40:34","guid":{"rendered":"https:\/\/bulbiochem.bg\/?page_id=6772"},"modified":"2025-08-07T18:22:40","modified_gmt":"2025-08-07T18:22:40","slug":"informatii-despre-proiect","status":"publish","type":"page","link":"https:\/\/bulbiochem.bg\/ro\/informatii-despre-proiect\/","title":{"rendered":"Informa\u021bii despre proiect"},"content":{"rendered":"<figure class=\"wp-block-gallery has-nested-images columns-default is-cropped wp-block-gallery-1 is-layout-flex wp-block-gallery-is-layout-flex\"><div class=\"wp-block-image\"><figure class=\"aligncenter size-large\"><img decoding=\"async\" width=\"238\" height=\"71\" data-id=\"6774\" src=\"https:\/\/bulbiochem.bg\/wp-content\/uploads\/2025\/04\/\u043a\u043e\u043d\u043a\u0443\u0440\u0435\u043d\u0442\u043d\u043e\u0441\u0442-6.jpg\" alt=\"\" class=\"wp-image-6774\" srcset=\"https:\/\/bulbiochem.bg\/wp-content\/uploads\/2025\/04\/\u043a\u043e\u043d\u043a\u0443\u0440\u0435\u043d\u0442\u043d\u043e\u0441\u0442-6.jpg 238w, https:\/\/bulbiochem.bg\/wp-content\/uploads\/2025\/04\/\u043a\u043e\u043d\u043a\u0443\u0440\u0435\u043d\u0442\u043d\u043e\u0441\u0442-6-18x5.jpg 18w\" sizes=\"(max-width: 238px) 100vw, 238px\" \/><\/figure><\/div>\n\n<div class=\"wp-block-image\"><figure class=\"aligncenter size-large\"><img decoding=\"async\" width=\"210\" height=\"66\" data-id=\"6773\" src=\"https:\/\/bulbiochem.bg\/wp-content\/uploads\/2025\/04\/\u0435\u0432\u0440\u043e-\u0437\u043d\u0430\u043c\u0435-5.jpg\" alt=\"\" class=\"wp-image-6773\" srcset=\"https:\/\/bulbiochem.bg\/wp-content\/uploads\/2025\/04\/\u0435\u0432\u0440\u043e-\u0437\u043d\u0430\u043c\u0435-5.jpg 210w, https:\/\/bulbiochem.bg\/wp-content\/uploads\/2025\/04\/\u0435\u0432\u0440\u043e-\u0437\u043d\u0430\u043c\u0435-5-18x6.jpg 18w\" sizes=\"(max-width: 210px) 100vw, 210px\" \/><\/figure><\/div><\/figure><p>La data de 10.02.2020, BULBIOCHEM EOOD a demarat implementarea contractului de finan\u021bare nerambursabil\u0103 nr. BG16RFOP002-2.040-1469-C01 \u201e\u00cembun\u0103t\u0103\u021birea capacit\u0103\u021bii de produc\u021bie \u0219i cre\u0219terea poten\u021bialului de export al Bulbiochem EOOD\u201d. Contractul este \u00een cadrul procedurii BG16RFOP002-2.040 \u201e\u00cembun\u0103t\u0103\u021birea capacit\u0103\u021bii de produc\u021bie a IMM-urilor\u201d, finan\u021bat\u0103 de FEDR prin Programul Opera\u021bional \u201eInovare \u0219i Competitivitate\u201d 2014\u20132020. Durata de implementare a proiectului este de 12 luni.<\/p><p>Obiectivul principal al prezentei propuneri de proiect este: \u00eembun\u0103t\u0103\u021birea capacit\u0103\u021bii de produc\u021bie, automatizarea proceselor \u0219i cre\u0219terea competitivit\u0103\u021bii generale a Bulbiochem EOOD prin achizi\u021bionarea de echipamente \u0219i utilaje moderne.<\/p><p class=\"translation-block\">\u041f\u0440\u043e\u0435\u043a\u0442\u044a\u0442 \u2013 \u041f\u043e\u0434\u043e\u0431\u0440\u044f\u0432\u0430\u043d\u0435 \u043d\u0430 \u043f\u0440\u043e\u0438\u0437\u0432\u043e\u0434\u0441\u0442\u0432\u0435\u043d\u0438\u044f \u043a\u0430\u043f\u0430\u0446\u0438\u0442\u0435\u0442 \u0438 \u0437\u0430\u0441\u0438\u043b\u0432\u0430\u043d\u0435 \u043d\u0430 \u0435\u043a\u0441\u043f\u043e\u0440\u0442\u043d\u0438\u044f \u043f\u043e\u0442\u0435\u043d\u0446\u0438\u0430\u043b \u043d\u0430 \u0411\u0443\u043b\u0431\u0438\u043e\u043a\u0435\u043c \u0415\u041e\u041e\u0414 \u0435 \u043d\u0430 \u043e\u0431\u0449\u0430 \u0441\u0442\u043e\u0439\u043d\u043e\u0441\u0442 925 850.00 \u043b\u0432. \u0420\u0430\u0437\u043c\u0435\u0440 \u043d\u0430 \u0431\u0435\u0437\u0432\u044a\u0437\u043c\u0435\u0437\u0434\u043d\u0430\u0442\u0430 \u0444\u0438\u043d\u0430\u043d\u0441\u043e\u0432\u0430 \u043f\u043e\u043c\u043e\u0449:&nbsp;<strong>648 095.00<\/strong>&nbsp;\u043b\u0432. \u043e\u0442 \u043a\u043e\u0438\u0442\u043e 550 880.75 \u043b\u0432. \u0435\u0432\u0440\u043e\u043f\u0435\u0439\u0441\u043a\u043e \u0438 97 214.25 \u043b\u0432. \u043d\u0430\u0446\u0438\u043e\u043d\u0430\u043b\u043d\u043e \u0441\u044a\u0444\u0438\u043d\u0430\u043d\u0441\u0438\u0440\u0430\u043d\u0435.<\/p><p>Data de \u00eenceput a proiectului: 10.02.2020<\/p><p>Data de finalizare a proiectului: 10.02.2021<\/p>","protected":false},"excerpt":{"rendered":"<p>\u041d\u0430 10.02.2020 \u0433. \u0411\u0423\u041b\u0411\u0418\u041e\u041a\u0415\u041c \u0415\u041e\u041e\u0414 \u0441\u0442\u0430\u0440\u0442\u0438\u0440\u0430 \u0438\u0437\u043f\u044a\u043b\u043d\u0435\u043d\u0438\u0435\u0442\u043e \u043d\u0430 \u0434\u043e\u0433\u043e\u0432\u043e\u0440 \u0437\u0430 \u0431\u0435\u0437\u0432\u044a\u0437\u043c\u0435\u0437\u0434\u043d\u0430 \u0444\u0438\u043d\u0430\u043d\u0441\u043e\u0432\u0430 \u043f\u043e\u043c\u043e\u0449 \u2116 BG16RFOP002-2.040-1469-C01 \u041f\u043e\u0434\u043e\u0431\u0440\u044f\u0432\u0430\u043d\u0435 \u043d\u0430 \u043f\u0440\u043e\u0438\u0437\u0432\u043e\u0434\u0441\u0442\u0432\u0435\u043d\u0438\u044f \u043a\u0430\u043f\u0430\u0446\u0438\u0442\u0435\u0442 \u0438 \u0437\u0430\u0441\u0438\u043b\u0432\u0430\u043d\u0435 \u043d\u0430 \u0435\u043a\u0441\u043f\u043e\u0440\u0442\u043d\u0438\u044f \u043f\u043e\u0442\u0435\u043d\u0446\u0438\u0430\u043b \u043d\u0430 \u0411\u0443\u043b\u0431\u0438\u043e\u043a\u0435\u043c \u0415\u041e\u041e\u0414. \u0414\u043e\u0433\u043e\u0432\u043e\u0440\u044a\u0442 \u0435 \u043f\u043e \u043f\u0440\u043e\u0446\u0435\u0434\u0443\u0440\u0430 BG16RFOP002-2.040 \u201e\u041f\u043e\u0434\u043e\u0431\u0440\u044f\u0432\u0430\u043d\u0435 \u043d\u0430 \u043f\u0440\u043e\u0438\u0437\u0432\u043e\u0434\u0441\u0442\u0432\u0435\u043d\u0438\u044f \u043a\u0430\u043f\u0430\u0446\u0438\u0442\u0435\u0442 \u0432 \u041c\u0421\u041f\u201d, \u0444\u0438\u043d\u0430\u043d\u0441\u0438\u0440\u0430\u043d \u043e\u0442 \u0415\u0424\u0420\u0420 \u0447\u0440\u0435\u0437 \u041e\u041f \u201e\u0418\u043d\u043e\u0432\u0430\u0446\u0438\u0438 \u0438 \u043a\u043e\u043d\u043a\u0443\u0440\u0435\u043d\u0442\u043e\u0441\u043f\u043e\u0441\u043e\u0431\u043d\u043e\u0441\u0442\u201c 2014- 2020 \u0433. \u0421\u0440\u043e\u043a\u044a\u0442 \u043d\u0430 \u0438\u0437\u043f\u044a\u043b\u043d\u0435\u043d\u0438\u0435 \u043d\u0430 \u043f\u0440\u043e\u0435\u043a\u0442\u0430 \u0435 [&hellip;]<\/p>\n","protected":false},"author":3,"featured_media":0,"parent":0,"menu_order":0,"comment_status":"closed","ping_status":"closed","template":"","meta":{"footnotes":""},"class_list":["post-6772","page","type-page","status-publish","hentry"],"yoast_head":"<!-- This site is optimized with the Yoast SEO plugin v24.3 - https:\/\/yoast.com\/wordpress\/plugins\/seo\/ -->\n<title>\u0418\u043d\u0444\u043e\u0440\u043c\u0430\u0446\u0438\u044f \u0437\u0430 \u043f\u0440\u043e\u0435\u043a\u0442\u0430 - \u0411\u0443\u043b\u043c\u0430\u0442<\/title>\n<meta name=\"robots\" content=\"index, follow, max-snippet:-1, max-image-preview:large, max-video-preview:-1\" \/>\n<link rel=\"canonical\" href=\"https:\/\/bulbiochem.bg\/ro\/informatii-despre-proiect\/\" \/>\n<meta property=\"og:locale\" content=\"ro_RO\" \/>\n<meta property=\"og:type\" content=\"article\" \/>\n<meta property=\"og:title\" content=\"\u0418\u043d\u0444\u043e\u0440\u043c\u0430\u0446\u0438\u044f \u0437\u0430 \u043f\u0440\u043e\u0435\u043a\u0442\u0430 - \u0411\u0443\u043b\u043c\u0430\u0442\" \/>\n<meta property=\"og:description\" content=\"\u041d\u0430 10.02.2020 \u0433. \u0411\u0423\u041b\u0411\u0418\u041e\u041a\u0415\u041c \u0415\u041e\u041e\u0414 \u0441\u0442\u0430\u0440\u0442\u0438\u0440\u0430 \u0438\u0437\u043f\u044a\u043b\u043d\u0435\u043d\u0438\u0435\u0442\u043e \u043d\u0430 \u0434\u043e\u0433\u043e\u0432\u043e\u0440 \u0437\u0430 \u0431\u0435\u0437\u0432\u044a\u0437\u043c\u0435\u0437\u0434\u043d\u0430 \u0444\u0438\u043d\u0430\u043d\u0441\u043e\u0432\u0430 \u043f\u043e\u043c\u043e\u0449 \u2116 BG16RFOP002-2.040-1469-C01 \u041f\u043e\u0434\u043e\u0431\u0440\u044f\u0432\u0430\u043d\u0435 \u043d\u0430 \u043f\u0440\u043e\u0438\u0437\u0432\u043e\u0434\u0441\u0442\u0432\u0435\u043d\u0438\u044f \u043a\u0430\u043f\u0430\u0446\u0438\u0442\u0435\u0442 \u0438 \u0437\u0430\u0441\u0438\u043b\u0432\u0430\u043d\u0435 \u043d\u0430 \u0435\u043a\u0441\u043f\u043e\u0440\u0442\u043d\u0438\u044f \u043f\u043e\u0442\u0435\u043d\u0446\u0438\u0430\u043b \u043d\u0430 \u0411\u0443\u043b\u0431\u0438\u043e\u043a\u0435\u043c \u0415\u041e\u041e\u0414. \u0414\u043e\u0433\u043e\u0432\u043e\u0440\u044a\u0442 \u0435 \u043f\u043e \u043f\u0440\u043e\u0446\u0435\u0434\u0443\u0440\u0430 BG16RFOP002-2.040 \u201e\u041f\u043e\u0434\u043e\u0431\u0440\u044f\u0432\u0430\u043d\u0435 \u043d\u0430 \u043f\u0440\u043e\u0438\u0437\u0432\u043e\u0434\u0441\u0442\u0432\u0435\u043d\u0438\u044f \u043a\u0430\u043f\u0430\u0446\u0438\u0442\u0435\u0442 \u0432 \u041c\u0421\u041f\u201d, \u0444\u0438\u043d\u0430\u043d\u0441\u0438\u0440\u0430\u043d \u043e\u0442 \u0415\u0424\u0420\u0420 \u0447\u0440\u0435\u0437 \u041e\u041f \u201e\u0418\u043d\u043e\u0432\u0430\u0446\u0438\u0438 \u0438 \u043a\u043e\u043d\u043a\u0443\u0440\u0435\u043d\u0442\u043e\u0441\u043f\u043e\u0441\u043e\u0431\u043d\u043e\u0441\u0442\u201c 2014- 2020 \u0433. \u0421\u0440\u043e\u043a\u044a\u0442 \u043d\u0430 \u0438\u0437\u043f\u044a\u043b\u043d\u0435\u043d\u0438\u0435 \u043d\u0430 \u043f\u0440\u043e\u0435\u043a\u0442\u0430 \u0435 [&hellip;]\" \/>\n<meta property=\"og:url\" content=\"https:\/\/bulbiochem.bg\/ro\/informatii-despre-proiect\/\" \/>\n<meta property=\"og:site_name\" content=\"\u0411\u0443\u043b\u043c\u0430\u0442\" \/>\n<meta property=\"article:modified_time\" content=\"2025-08-07T18:22:40+00:00\" \/>\n<meta name=\"twitter:card\" content=\"summary_large_image\" \/>\n<meta name=\"twitter:label1\" content=\"Est. reading time\" \/>\n\t<meta name=\"twitter:data1\" content=\"2 minute\" \/>\n<script type=\"application\/ld+json\" class=\"yoast-schema-graph\">{\"@context\":\"https:\/\/schema.org\",\"@graph\":[{\"@type\":\"WebPage\",\"@id\":\"https:\/\/bulbiochem.bg\/%d0%b8%d0%bd%d1%84%d0%be%d1%80%d0%bc%d0%b0%d1%86%d0%b8%d1%8f-%d0%b7%d0%b0-%d0%bf%d1%80%d0%be%d0%b5%d0%ba%d1%82%d0%b0\/\",\"url\":\"https:\/\/bulbiochem.bg\/%d0%b8%d0%bd%d1%84%d0%be%d1%80%d0%bc%d0%b0%d1%86%d0%b8%d1%8f-%d0%b7%d0%b0-%d0%bf%d1%80%d0%be%d0%b5%d0%ba%d1%82%d0%b0\/\",\"name\":\"\u0418\u043d\u0444\u043e\u0440\u043c\u0430\u0446\u0438\u044f \u0437\u0430 \u043f\u0440\u043e\u0435\u043a\u0442\u0430 - \u0411\u0443\u043b\u043c\u0430\u0442\",\"isPartOf\":{\"@id\":\"https:\/\/bulbiochem.bg\/#website\"},\"datePublished\":\"2025-04-02T07:40:34+00:00\",\"dateModified\":\"2025-08-07T18:22:40+00:00\",\"breadcrumb\":{\"@id\":\"https:\/\/bulbiochem.bg\/%d0%b8%d0%bd%d1%84%d0%be%d1%80%d0%bc%d0%b0%d1%86%d0%b8%d1%8f-%d0%b7%d0%b0-%d0%bf%d1%80%d0%be%d0%b5%d0%ba%d1%82%d0%b0\/#breadcrumb\"},\"inLanguage\":\"ro-RO\",\"potentialAction\":[{\"@type\":\"ReadAction\",\"target\":[\"https:\/\/bulbiochem.bg\/%d0%b8%d0%bd%d1%84%d0%be%d1%80%d0%bc%d0%b0%d1%86%d0%b8%d1%8f-%d0%b7%d0%b0-%d0%bf%d1%80%d0%be%d0%b5%d0%ba%d1%82%d0%b0\/\"]}]},{\"@type\":\"BreadcrumbList\",\"@id\":\"https:\/\/bulbiochem.bg\/%d0%b8%d0%bd%d1%84%d0%be%d1%80%d0%bc%d0%b0%d1%86%d0%b8%d1%8f-%d0%b7%d0%b0-%d0%bf%d1%80%d0%be%d0%b5%d0%ba%d1%82%d0%b0\/#breadcrumb\",\"itemListElement\":[{\"@type\":\"ListItem\",\"position\":1,\"name\":\"Home\",\"item\":\"https:\/\/bulbiochem.bg\/\"},{\"@type\":\"ListItem\",\"position\":2,\"name\":\"\u0418\u043d\u0444\u043e\u0440\u043c\u0430\u0446\u0438\u044f \u0437\u0430 \u043f\u0440\u043e\u0435\u043a\u0442\u0430\"}]},{\"@type\":\"WebSite\",\"@id\":\"https:\/\/bulbiochem.bg\/#website\",\"url\":\"https:\/\/bulbiochem.bg\/\",\"name\":\"\u0411\u0443\u043b\u043c\u0430\u0442\",\"description\":\"\u0411\u0443\u043b\u0431\u0438\u043e\u043a\u0435\u043c \u0415\u041e\u041e\u0414.\",\"publisher\":{\"@id\":\"https:\/\/bulbiochem.bg\/#organization\"},\"potentialAction\":[{\"@type\":\"SearchAction\",\"target\":{\"@type\":\"EntryPoint\",\"urlTemplate\":\"https:\/\/bulbiochem.bg\/?s={search_term_string}\"},\"query-input\":{\"@type\":\"PropertyValueSpecification\",\"valueRequired\":true,\"valueName\":\"search_term_string\"}}],\"inLanguage\":\"ro-RO\"},{\"@type\":\"Organization\",\"@id\":\"https:\/\/bulbiochem.bg\/#organization\",\"name\":\"\u0411\u0443\u043b\u043c\u0430\u0442\",\"url\":\"https:\/\/bulbiochem.bg\/\",\"logo\":{\"@type\":\"ImageObject\",\"inLanguage\":\"ro-RO\",\"@id\":\"https:\/\/bulbiochem.bg\/#\/schema\/logo\/image\/\",\"url\":\"https:\/\/bulbiochem.bg\/wp-content\/uploads\/2025\/01\/logo-bulmat-1.png\",\"contentUrl\":\"https:\/\/bulbiochem.bg\/wp-content\/uploads\/2025\/01\/logo-bulmat-1.png\",\"width\":1211,\"height\":268,\"caption\":\"\u0411\u0443\u043b\u043c\u0430\u0442\"},\"image\":{\"@id\":\"https:\/\/bulbiochem.bg\/#\/schema\/logo\/image\/\"}}]}<\/script>\n<!-- \/ Yoast SEO plugin. -->","yoast_head_json":{"title":"\u0418\u043d\u0444\u043e\u0440\u043c\u0430\u0446\u0438\u044f \u0437\u0430 \u043f\u0440\u043e\u0435\u043a\u0442\u0430 - \u0411\u0443\u043b\u043c\u0430\u0442","robots":{"index":"index","follow":"follow","max-snippet":"max-snippet:-1","max-image-preview":"max-image-preview:large","max-video-preview":"max-video-preview:-1"},"canonical":"https:\/\/bulbiochem.bg\/ro\/informatii-despre-proiect\/","og_locale":"ro_RO","og_type":"article","og_title":"\u0418\u043d\u0444\u043e\u0440\u043c\u0430\u0446\u0438\u044f \u0437\u0430 \u043f\u0440\u043e\u0435\u043a\u0442\u0430 - \u0411\u0443\u043b\u043c\u0430\u0442","og_description":"\u041d\u0430 10.02.2020 \u0433. \u0411\u0423\u041b\u0411\u0418\u041e\u041a\u0415\u041c \u0415\u041e\u041e\u0414 \u0441\u0442\u0430\u0440\u0442\u0438\u0440\u0430 \u0438\u0437\u043f\u044a\u043b\u043d\u0435\u043d\u0438\u0435\u0442\u043e \u043d\u0430 \u0434\u043e\u0433\u043e\u0432\u043e\u0440 \u0437\u0430 \u0431\u0435\u0437\u0432\u044a\u0437\u043c\u0435\u0437\u0434\u043d\u0430 \u0444\u0438\u043d\u0430\u043d\u0441\u043e\u0432\u0430 \u043f\u043e\u043c\u043e\u0449 \u2116 BG16RFOP002-2.040-1469-C01 \u041f\u043e\u0434\u043e\u0431\u0440\u044f\u0432\u0430\u043d\u0435 \u043d\u0430 \u043f\u0440\u043e\u0438\u0437\u0432\u043e\u0434\u0441\u0442\u0432\u0435\u043d\u0438\u044f \u043a\u0430\u043f\u0430\u0446\u0438\u0442\u0435\u0442 \u0438 \u0437\u0430\u0441\u0438\u043b\u0432\u0430\u043d\u0435 \u043d\u0430 \u0435\u043a\u0441\u043f\u043e\u0440\u0442\u043d\u0438\u044f \u043f\u043e\u0442\u0435\u043d\u0446\u0438\u0430\u043b \u043d\u0430 \u0411\u0443\u043b\u0431\u0438\u043e\u043a\u0435\u043c \u0415\u041e\u041e\u0414. \u0414\u043e\u0433\u043e\u0432\u043e\u0440\u044a\u0442 \u0435 \u043f\u043e \u043f\u0440\u043e\u0446\u0435\u0434\u0443\u0440\u0430 BG16RFOP002-2.040 \u201e\u041f\u043e\u0434\u043e\u0431\u0440\u044f\u0432\u0430\u043d\u0435 \u043d\u0430 \u043f\u0440\u043e\u0438\u0437\u0432\u043e\u0434\u0441\u0442\u0432\u0435\u043d\u0438\u044f \u043a\u0430\u043f\u0430\u0446\u0438\u0442\u0435\u0442 \u0432 \u041c\u0421\u041f\u201d, \u0444\u0438\u043d\u0430\u043d\u0441\u0438\u0440\u0430\u043d \u043e\u0442 \u0415\u0424\u0420\u0420 \u0447\u0440\u0435\u0437 \u041e\u041f \u201e\u0418\u043d\u043e\u0432\u0430\u0446\u0438\u0438 \u0438 \u043a\u043e\u043d\u043a\u0443\u0440\u0435\u043d\u0442\u043e\u0441\u043f\u043e\u0441\u043e\u0431\u043d\u043e\u0441\u0442\u201c 2014- 2020 \u0433. \u0421\u0440\u043e\u043a\u044a\u0442 \u043d\u0430 \u0438\u0437\u043f\u044a\u043b\u043d\u0435\u043d\u0438\u0435 \u043d\u0430 \u043f\u0440\u043e\u0435\u043a\u0442\u0430 \u0435 [&hellip;]","og_url":"https:\/\/bulbiochem.bg\/ro\/informatii-despre-proiect\/","og_site_name":"\u0411\u0443\u043b\u043c\u0430\u0442","article_modified_time":"2025-08-07T18:22:40+00:00","twitter_card":"summary_large_image","twitter_misc":{"Est. reading time":"2 minute"},"schema":{"@context":"https:\/\/schema.org","@graph":[{"@type":"WebPage","@id":"https:\/\/bulbiochem.bg\/%d0%b8%d0%bd%d1%84%d0%be%d1%80%d0%bc%d0%b0%d1%86%d0%b8%d1%8f-%d0%b7%d0%b0-%d0%bf%d1%80%d0%be%d0%b5%d0%ba%d1%82%d0%b0\/","url":"https:\/\/bulbiochem.bg\/%d0%b8%d0%bd%d1%84%d0%be%d1%80%d0%bc%d0%b0%d1%86%d0%b8%d1%8f-%d0%b7%d0%b0-%d0%bf%d1%80%d0%be%d0%b5%d0%ba%d1%82%d0%b0\/","name":"\u0418\u043d\u0444\u043e\u0440\u043c\u0430\u0446\u0438\u044f \u0437\u0430 \u043f\u0440\u043e\u0435\u043a\u0442\u0430 - \u0411\u0443\u043b\u043c\u0430\u0442","isPartOf":{"@id":"https:\/\/bulbiochem.bg\/#website"},"datePublished":"2025-04-02T07:40:34+00:00","dateModified":"2025-08-07T18:22:40+00:00","breadcrumb":{"@id":"https:\/\/bulbiochem.bg\/%d0%b8%d0%bd%d1%84%d0%be%d1%80%d0%bc%d0%b0%d1%86%d0%b8%d1%8f-%d0%b7%d0%b0-%d0%bf%d1%80%d0%be%d0%b5%d0%ba%d1%82%d0%b0\/#breadcrumb"},"inLanguage":"ro-RO","potentialAction":[{"@type":"ReadAction","target":["https:\/\/bulbiochem.bg\/%d0%b8%d0%bd%d1%84%d0%be%d1%80%d0%bc%d0%b0%d1%86%d0%b8%d1%8f-%d0%b7%d0%b0-%d0%bf%d1%80%d0%be%d0%b5%d0%ba%d1%82%d0%b0\/"]}]},{"@type":"BreadcrumbList","@id":"https:\/\/bulbiochem.bg\/%d0%b8%d0%bd%d1%84%d0%be%d1%80%d0%bc%d0%b0%d1%86%d0%b8%d1%8f-%d0%b7%d0%b0-%d0%bf%d1%80%d0%be%d0%b5%d0%ba%d1%82%d0%b0\/#breadcrumb","itemListElement":[{"@type":"ListItem","position":1,"name":"Home","item":"https:\/\/bulbiochem.bg\/"},{"@type":"ListItem","position":2,"name":"\u0418\u043d\u0444\u043e\u0440\u043c\u0430\u0446\u0438\u044f \u0437\u0430 \u043f\u0440\u043e\u0435\u043a\u0442\u0430"}]},{"@type":"WebSite","@id":"https:\/\/bulbiochem.bg\/#website","url":"https:\/\/bulbiochem.bg\/","name":"Bulmat","description":"\u0411\u0443\u043b\u0431\u0438\u043e\u043a\u0435\u043c \u0415\u041e\u041e\u0414.","publisher":{"@id":"https:\/\/bulbiochem.bg\/#organization"},"potentialAction":[{"@type":"SearchAction","target":{"@type":"EntryPoint","urlTemplate":"https:\/\/bulbiochem.bg\/?s={search_term_string}"},"query-input":{"@type":"PropertyValueSpecification","valueRequired":true,"valueName":"search_term_string"}}],"inLanguage":"ro-RO"},{"@type":"Organization","@id":"https:\/\/bulbiochem.bg\/#organization","name":"Bulmat","url":"https:\/\/bulbiochem.bg\/","logo":{"@type":"ImageObject","inLanguage":"ro-RO","@id":"https:\/\/bulbiochem.bg\/#\/schema\/logo\/image\/","url":"https:\/\/bulbiochem.bg\/wp-content\/uploads\/2025\/01\/logo-bulmat-1.png","contentUrl":"https:\/\/bulbiochem.bg\/wp-content\/uploads\/2025\/01\/logo-bulmat-1.png","width":1211,"height":268,"caption":"\u0411\u0443\u043b\u043c\u0430\u0442"},"image":{"@id":"https:\/\/bulbiochem.bg\/#\/schema\/logo\/image\/"}}]}},"_links":{"self":[{"href":"https:\/\/bulbiochem.bg\/ro\/wp-json\/wp\/v2\/pages\/6772","targetHints":{"allow":["GET"]}}],"collection":[{"href":"https:\/\/bulbiochem.bg\/ro\/wp-json\/wp\/v2\/pages"}],"about":[{"href":"https:\/\/bulbiochem.bg\/ro\/wp-json\/wp\/v2\/types\/page"}],"author":[{"embeddable":true,"href":"https:\/\/bulbiochem.bg\/ro\/wp-json\/wp\/v2\/users\/3"}],"replies":[{"embeddable":true,"href":"https:\/\/bulbiochem.bg\/ro\/wp-json\/wp\/v2\/comments?post=6772"}],"version-history":[{"count":0,"href":"https:\/\/bulbiochem.bg\/ro\/wp-json\/wp\/v2\/pages\/6772\/revisions"}],"wp:attachment":[{"href":"https:\/\/bulbiochem.bg\/ro\/wp-json\/wp\/v2\/media?parent=6772"}],"curies":[{"name":"wp","href":"https:\/\/api.w.org\/{rel}","templated":true}]}}