{"id":6608,"date":"2025-03-10T11:38:29","date_gmt":"2025-03-10T11:38:29","guid":{"rendered":"https:\/\/bulbiochem.bg\/?post_type=product&#038;p=6608"},"modified":"2026-02-20T09:17:22","modified_gmt":"2026-02-20T09:17:22","slug":"a-power-3-in-1-rapid-i-1312-acoperire-alchidica-bulmat","status":"publish","type":"product","link":"https:\/\/bulbiochem.bg\/ro\/produs\/a-power-3-in-1-rapid-i-1312-acoperire-alchidica-bulmat\/","title":{"rendered":"A-Power 3-in-1 Rapid I AS-1312"},"content":{"rendered":"<p>\u2022 Acoperire cu un singur strat care reduce costul aplic\u0103rii grundului \u0219i vopselei;<br \/>\n\u2022 Transform\u0103 coroziunea \u00eentr-un compus necorosiv;<br \/>\n\u2022 Rezisten\u021ba termic\u0103 a filmului p\u00e2n\u0103 la 105 \u030aC;<br \/>\n\u2022 Posibilitate de a lucra la temperaturi foarte sc\u0103zute (p\u00e2n\u0103 la \u201310 \u030a\u0421);<br \/>\n\u2022 Produs cu uscare rapid\u0103;<br \/>\n\u2022 Elasticitate ridicat\u0103 \u0219i rezisten\u021b\u0103 la dilatare liniar\u0103.<\/p>","protected":false},"excerpt":{"rendered":"<p>Acoperire monocomponent\u0103, auto-primant\u0103, cu uscare rapid\u0103, pentru uz industrial, cu con\u021binut ridicat de aditivi anticorozivi (fosfat de zinc) \u0219i ingrediente active de conversie a coroziunii. Emailul ac\u021bioneaz\u0103 at\u00e2t ca un convertor de rugin\u0103, c\u00e2t \u0219i ca grund \u0219i vopsea, reduc\u00e2nd astfel semnificativ costurile de aplicare.<\/p>","protected":false},"featured_media":7000,"template":"","meta":[],"product_cat":[59],"product_tag":[63,66,69,70,65],"class_list":{"0":"post-6608","1":"product","2":"type-product","3":"status-publish","4":"has-post-thumbnail","6":"product_cat-alkidni","7":"product_tag-antikorozionna-zashtita","8":"product_tag-66","9":"product_tag-69","10":"product_tag-70","11":"product_tag-65","13":"first","14":"instock","15":"shipping-taxable","16":"product-type-simple"},"yoast_head":"<!-- This site is optimized with the Yoast SEO plugin v24.3 - https:\/\/yoast.com\/wordpress\/plugins\/seo\/ -->\n<title>A-Power 3-in-1 Rapid I AS-1312 - \u0411\u0443\u043b\u043c\u0430\u0442<\/title>\n<meta name=\"description\" content=\"\u0415\u0434\u043d\u043e\u043a\u043e\u043c\u043f\u043e\u043d\u0435\u043d\u0442\u043d\u043e, \u0435\u0434\u043d\u043e\u0441\u043b\u043e\u0439\u043d\u043e, \u0431\u044a\u0440\u0437\u043e\u0441\u044a\u0445\u043d\u0435\u0449\u043e \u043f\u043e\u043a\u0440\u0438\u0442\u0438\u0435 \u043d\u0430 \u0430\u043b\u043a\u0438\u0434\u043d\u0430 \u043e\u0441\u043d\u043e\u0432\u0430 \u0437\u0430 \u0438\u043d\u0434\u0443\u0441\u0442\u0440\u0438\u0430\u043b\u043d\u0430 \u0443\u043f\u043e\u0442\u0440\u0435\u0431\u0430 \u0441 \u0432\u0438\u0441\u043e\u043a\u043e \u0441\u044a\u0434\u044a\u0440\u0436\u0430\u043d\u0438\u0435 \u043d\u0430 \u0430\u043d\u0442\u0438\u043a\u043e\u0440\u043e\u0437\u0438\u043e\u043d\u043d\u0438 \u0434\u043e\u0431\u0430\u0432\u043a\u0438 (\u0446\u0438\u043d\u043a\u043e\u0432 \u0444\u043e\u0441\u0444\u0430\u0442) \u0438 \u0430\u043a\u0442\u0438\u0432\u043d\u0438 \u0441\u044a\u0441\u0442\u0430\u0432\u043a\u0438, \u043f\u0440\u0435\u043e\u0431\u0440\u0430\u0437\u0443\u0432\u0430\u0449\u0438 \u043a\u043e\u0440\u043e\u0437\u0438\u044f\u0442\u0430.\" \/>\n<meta name=\"robots\" content=\"index, follow, max-snippet:-1, max-image-preview:large, max-video-preview:-1\" \/>\n<link rel=\"canonical\" href=\"https:\/\/bulbiochem.bg\/ro\/produs\/a-power-3-in-1-rapid-i-1312-acoperire-alchidica-bulmat\/\" \/>\n<meta property=\"og:locale\" content=\"ro_RO\" \/>\n<meta property=\"og:type\" content=\"article\" \/>\n<meta property=\"og:title\" content=\"A-Power 3-in-1 Rapid I AS-1312 - \u0411\u0443\u043b\u043c\u0430\u0442\" \/>\n<meta property=\"og:description\" content=\"\u0415\u0434\u043d\u043e\u043a\u043e\u043c\u043f\u043e\u043d\u0435\u043d\u0442\u043d\u043e, \u0435\u0434\u043d\u043e\u0441\u043b\u043e\u0439\u043d\u043e, \u0431\u044a\u0440\u0437\u043e\u0441\u044a\u0445\u043d\u0435\u0449\u043e \u043f\u043e\u043a\u0440\u0438\u0442\u0438\u0435 \u043d\u0430 \u0430\u043b\u043a\u0438\u0434\u043d\u0430 \u043e\u0441\u043d\u043e\u0432\u0430 \u0437\u0430 \u0438\u043d\u0434\u0443\u0441\u0442\u0440\u0438\u0430\u043b\u043d\u0430 \u0443\u043f\u043e\u0442\u0440\u0435\u0431\u0430 \u0441 \u0432\u0438\u0441\u043e\u043a\u043e \u0441\u044a\u0434\u044a\u0440\u0436\u0430\u043d\u0438\u0435 \u043d\u0430 \u0430\u043d\u0442\u0438\u043a\u043e\u0440\u043e\u0437\u0438\u043e\u043d\u043d\u0438 \u0434\u043e\u0431\u0430\u0432\u043a\u0438 (\u0446\u0438\u043d\u043a\u043e\u0432 \u0444\u043e\u0441\u0444\u0430\u0442) \u0438 \u0430\u043a\u0442\u0438\u0432\u043d\u0438 \u0441\u044a\u0441\u0442\u0430\u0432\u043a\u0438, \u043f\u0440\u0435\u043e\u0431\u0440\u0430\u0437\u0443\u0432\u0430\u0449\u0438 \u043a\u043e\u0440\u043e\u0437\u0438\u044f\u0442\u0430.\" \/>\n<meta property=\"og:url\" content=\"https:\/\/bulbiochem.bg\/ro\/produs\/a-power-3-in-1-rapid-i-1312-acoperire-alchidica-bulmat\/\" \/>\n<meta property=\"og:site_name\" content=\"\u0411\u0443\u043b\u043c\u0430\u0442\" \/>\n<meta property=\"article:modified_time\" content=\"2026-02-20T09:17:22+00:00\" \/>\n<meta property=\"og:image\" content=\"https:\/\/bulbiochem.bg\/wp-content\/uploads\/2025\/03\/110.-A-Power-3-in-1-Rapid-AS-1312@8x.png\" \/>\n\t<meta property=\"og:image:width\" content=\"2521\" \/>\n\t<meta property=\"og:image:height\" content=\"193\" \/>\n\t<meta property=\"og:image:type\" content=\"image\/png\" \/>\n<meta name=\"twitter:card\" content=\"summary_large_image\" \/>\n<meta name=\"twitter:label1\" content=\"Est. reading time\" \/>\n\t<meta name=\"twitter:data1\" content=\"1 minut\" \/>\n<script type=\"application\/ld+json\" class=\"yoast-schema-graph\">{\"@context\":\"https:\/\/schema.org\",\"@graph\":[{\"@type\":\"WebPage\",\"@id\":\"https:\/\/bulbiochem.bg\/product\/a-power-3-in-1-rapid-i-1312-alkidno-pokritie-bulmat\/\",\"url\":\"https:\/\/bulbiochem.bg\/product\/a-power-3-in-1-rapid-i-1312-alkidno-pokritie-bulmat\/\",\"name\":\"A-Power 3-in-1 Rapid I AS-1312 - \u0411\u0443\u043b\u043c\u0430\u0442\",\"isPartOf\":{\"@id\":\"https:\/\/bulbiochem.bg\/#website\"},\"primaryImageOfPage\":{\"@id\":\"https:\/\/bulbiochem.bg\/product\/a-power-3-in-1-rapid-i-1312-alkidno-pokritie-bulmat\/#primaryimage\"},\"image\":{\"@id\":\"https:\/\/bulbiochem.bg\/product\/a-power-3-in-1-rapid-i-1312-alkidno-pokritie-bulmat\/#primaryimage\"},\"thumbnailUrl\":\"https:\/\/bulbiochem.bg\/wp-content\/uploads\/2025\/03\/110.-A-Power-3-in-1-Rapid-AS-1312@8x.png\",\"datePublished\":\"2025-03-10T11:38:29+00:00\",\"dateModified\":\"2026-02-20T09:17:22+00:00\",\"description\":\"\u0415\u0434\u043d\u043e\u043a\u043e\u043c\u043f\u043e\u043d\u0435\u043d\u0442\u043d\u043e, \u0435\u0434\u043d\u043e\u0441\u043b\u043e\u0439\u043d\u043e, \u0431\u044a\u0440\u0437\u043e\u0441\u044a\u0445\u043d\u0435\u0449\u043e \u043f\u043e\u043a\u0440\u0438\u0442\u0438\u0435 \u043d\u0430 \u0430\u043b\u043a\u0438\u0434\u043d\u0430 \u043e\u0441\u043d\u043e\u0432\u0430 \u0437\u0430 \u0438\u043d\u0434\u0443\u0441\u0442\u0440\u0438\u0430\u043b\u043d\u0430 \u0443\u043f\u043e\u0442\u0440\u0435\u0431\u0430 \u0441 \u0432\u0438\u0441\u043e\u043a\u043e \u0441\u044a\u0434\u044a\u0440\u0436\u0430\u043d\u0438\u0435 \u043d\u0430 \u0430\u043d\u0442\u0438\u043a\u043e\u0440\u043e\u0437\u0438\u043e\u043d\u043d\u0438 \u0434\u043e\u0431\u0430\u0432\u043a\u0438 (\u0446\u0438\u043d\u043a\u043e\u0432 \u0444\u043e\u0441\u0444\u0430\u0442) \u0438 \u0430\u043a\u0442\u0438\u0432\u043d\u0438 \u0441\u044a\u0441\u0442\u0430\u0432\u043a\u0438, \u043f\u0440\u0435\u043e\u0431\u0440\u0430\u0437\u0443\u0432\u0430\u0449\u0438 \u043a\u043e\u0440\u043e\u0437\u0438\u044f\u0442\u0430.\",\"breadcrumb\":{\"@id\":\"https:\/\/bulbiochem.bg\/product\/a-power-3-in-1-rapid-i-1312-alkidno-pokritie-bulmat\/#breadcrumb\"},\"inLanguage\":\"ro-RO\",\"potentialAction\":[{\"@type\":\"ReadAction\",\"target\":[\"https:\/\/bulbiochem.bg\/product\/a-power-3-in-1-rapid-i-1312-alkidno-pokritie-bulmat\/\"]}]},{\"@type\":\"ImageObject\",\"inLanguage\":\"ro-RO\",\"@id\":\"https:\/\/bulbiochem.bg\/product\/a-power-3-in-1-rapid-i-1312-alkidno-pokritie-bulmat\/#primaryimage\",\"url\":\"https:\/\/bulbiochem.bg\/wp-content\/uploads\/2025\/03\/110.-A-Power-3-in-1-Rapid-AS-1312@8x.png\",\"contentUrl\":\"https:\/\/bulbiochem.bg\/wp-content\/uploads\/2025\/03\/110.-A-Power-3-in-1-Rapid-AS-1312@8x.png\",\"width\":2521,\"height\":193},{\"@type\":\"BreadcrumbList\",\"@id\":\"https:\/\/bulbiochem.bg\/product\/a-power-3-in-1-rapid-i-1312-alkidno-pokritie-bulmat\/#breadcrumb\",\"itemListElement\":[{\"@type\":\"ListItem\",\"position\":1,\"name\":\"Home\",\"item\":\"https:\/\/bulbiochem.bg\/\"},{\"@type\":\"ListItem\",\"position\":2,\"name\":\"\u041f\u0440\u043e\u0434\u0443\u043a\u0442\u0438\",\"item\":\"https:\/\/bulbiochem.bg\/products\/\"},{\"@type\":\"ListItem\",\"position\":3,\"name\":\"A-Power 3-in-1 Rapid I AS-1312\"}]},{\"@type\":\"WebSite\",\"@id\":\"https:\/\/bulbiochem.bg\/#website\",\"url\":\"https:\/\/bulbiochem.bg\/\",\"name\":\"\u0411\u0443\u043b\u043c\u0430\u0442\",\"description\":\"\u0411\u0443\u043b\u0431\u0438\u043e\u043a\u0435\u043c \u0415\u041e\u041e\u0414.\",\"publisher\":{\"@id\":\"https:\/\/bulbiochem.bg\/#organization\"},\"potentialAction\":[{\"@type\":\"SearchAction\",\"target\":{\"@type\":\"EntryPoint\",\"urlTemplate\":\"https:\/\/bulbiochem.bg\/?s={search_term_string}\"},\"query-input\":{\"@type\":\"PropertyValueSpecification\",\"valueRequired\":true,\"valueName\":\"search_term_string\"}}],\"inLanguage\":\"ro-RO\"},{\"@type\":\"Organization\",\"@id\":\"https:\/\/bulbiochem.bg\/#organization\",\"name\":\"\u0411\u0443\u043b\u043c\u0430\u0442\",\"url\":\"https:\/\/bulbiochem.bg\/\",\"logo\":{\"@type\":\"ImageObject\",\"inLanguage\":\"ro-RO\",\"@id\":\"https:\/\/bulbiochem.bg\/#\/schema\/logo\/image\/\",\"url\":\"https:\/\/bulbiochem.bg\/wp-content\/uploads\/2025\/01\/logo-bulmat-1.png\",\"contentUrl\":\"https:\/\/bulbiochem.bg\/wp-content\/uploads\/2025\/01\/logo-bulmat-1.png\",\"width\":1211,\"height\":268,\"caption\":\"\u0411\u0443\u043b\u043c\u0430\u0442\"},\"image\":{\"@id\":\"https:\/\/bulbiochem.bg\/#\/schema\/logo\/image\/\"}}]}<\/script>\n<!-- \/ Yoast SEO plugin. -->","yoast_head_json":{"title":"A-Power 3-in-1 Rapid I AS-1312 - Bulmat","description":"\u0415\u0434\u043d\u043e\u043a\u043e\u043c\u043f\u043e\u043d\u0435\u043d\u0442\u043d\u043e, \u0435\u0434\u043d\u043e\u0441\u043b\u043e\u0439\u043d\u043e, \u0431\u044a\u0440\u0437\u043e\u0441\u044a\u0445\u043d\u0435\u0449\u043e \u043f\u043e\u043a\u0440\u0438\u0442\u0438\u0435 \u043d\u0430 \u0430\u043b\u043a\u0438\u0434\u043d\u0430 \u043e\u0441\u043d\u043e\u0432\u0430 \u0437\u0430 \u0438\u043d\u0434\u0443\u0441\u0442\u0440\u0438\u0430\u043b\u043d\u0430 \u0443\u043f\u043e\u0442\u0440\u0435\u0431\u0430 \u0441 \u0432\u0438\u0441\u043e\u043a\u043e \u0441\u044a\u0434\u044a\u0440\u0436\u0430\u043d\u0438\u0435 \u043d\u0430 \u0430\u043d\u0442\u0438\u043a\u043e\u0440\u043e\u0437\u0438\u043e\u043d\u043d\u0438 \u0434\u043e\u0431\u0430\u0432\u043a\u0438 (\u0446\u0438\u043d\u043a\u043e\u0432 \u0444\u043e\u0441\u0444\u0430\u0442) \u0438 \u0430\u043a\u0442\u0438\u0432\u043d\u0438 \u0441\u044a\u0441\u0442\u0430\u0432\u043a\u0438, \u043f\u0440\u0435\u043e\u0431\u0440\u0430\u0437\u0443\u0432\u0430\u0449\u0438 \u043a\u043e\u0440\u043e\u0437\u0438\u044f\u0442\u0430.","robots":{"index":"index","follow":"follow","max-snippet":"max-snippet:-1","max-image-preview":"max-image-preview:large","max-video-preview":"max-video-preview:-1"},"canonical":"https:\/\/bulbiochem.bg\/ro\/produs\/a-power-3-in-1-rapid-i-1312-acoperire-alchidica-bulmat\/","og_locale":"ro_RO","og_type":"article","og_title":"A-Power 3-in-1 Rapid I AS-1312 - \u0411\u0443\u043b\u043c\u0430\u0442","og_description":"\u0415\u0434\u043d\u043e\u043a\u043e\u043c\u043f\u043e\u043d\u0435\u043d\u0442\u043d\u043e, \u0435\u0434\u043d\u043e\u0441\u043b\u043e\u0439\u043d\u043e, \u0431\u044a\u0440\u0437\u043e\u0441\u044a\u0445\u043d\u0435\u0449\u043e \u043f\u043e\u043a\u0440\u0438\u0442\u0438\u0435 \u043d\u0430 \u0430\u043b\u043a\u0438\u0434\u043d\u0430 \u043e\u0441\u043d\u043e\u0432\u0430 \u0437\u0430 \u0438\u043d\u0434\u0443\u0441\u0442\u0440\u0438\u0430\u043b\u043d\u0430 \u0443\u043f\u043e\u0442\u0440\u0435\u0431\u0430 \u0441 \u0432\u0438\u0441\u043e\u043a\u043e \u0441\u044a\u0434\u044a\u0440\u0436\u0430\u043d\u0438\u0435 \u043d\u0430 \u0430\u043d\u0442\u0438\u043a\u043e\u0440\u043e\u0437\u0438\u043e\u043d\u043d\u0438 \u0434\u043e\u0431\u0430\u0432\u043a\u0438 (\u0446\u0438\u043d\u043a\u043e\u0432 \u0444\u043e\u0441\u0444\u0430\u0442) \u0438 \u0430\u043a\u0442\u0438\u0432\u043d\u0438 \u0441\u044a\u0441\u0442\u0430\u0432\u043a\u0438, \u043f\u0440\u0435\u043e\u0431\u0440\u0430\u0437\u0443\u0432\u0430\u0449\u0438 \u043a\u043e\u0440\u043e\u0437\u0438\u044f\u0442\u0430.","og_url":"https:\/\/bulbiochem.bg\/ro\/produs\/a-power-3-in-1-rapid-i-1312-acoperire-alchidica-bulmat\/","og_site_name":"\u0411\u0443\u043b\u043c\u0430\u0442","article_modified_time":"2026-02-20T09:17:22+00:00","og_image":[{"width":2521,"height":193,"url":"https:\/\/bulbiochem.bg\/wp-content\/uploads\/2025\/03\/110.-A-Power-3-in-1-Rapid-AS-1312@8x.png","type":"image\/png"}],"twitter_card":"summary_large_image","twitter_misc":{"Est. reading time":"1 minut"},"schema":{"@context":"https:\/\/schema.org","@graph":[{"@type":"WebPage","@id":"https:\/\/bulbiochem.bg\/product\/a-power-3-in-1-rapid-i-1312-alkidno-pokritie-bulmat\/","url":"https:\/\/bulbiochem.bg\/product\/a-power-3-in-1-rapid-i-1312-alkidno-pokritie-bulmat\/","name":"A-Power 3-in-1 Rapid I AS-1312 - Bulmat","isPartOf":{"@id":"https:\/\/bulbiochem.bg\/#website"},"primaryImageOfPage":{"@id":"https:\/\/bulbiochem.bg\/product\/a-power-3-in-1-rapid-i-1312-alkidno-pokritie-bulmat\/#primaryimage"},"image":{"@id":"https:\/\/bulbiochem.bg\/product\/a-power-3-in-1-rapid-i-1312-alkidno-pokritie-bulmat\/#primaryimage"},"thumbnailUrl":"https:\/\/bulbiochem.bg\/wp-content\/uploads\/2025\/03\/110.-A-Power-3-in-1-Rapid-AS-1312@8x.png","datePublished":"2025-03-10T11:38:29+00:00","dateModified":"2026-02-20T09:17:22+00:00","description":"\u0415\u0434\u043d\u043e\u043a\u043e\u043c\u043f\u043e\u043d\u0435\u043d\u0442\u043d\u043e, \u0435\u0434\u043d\u043e\u0441\u043b\u043e\u0439\u043d\u043e, \u0431\u044a\u0440\u0437\u043e\u0441\u044a\u0445\u043d\u0435\u0449\u043e \u043f\u043e\u043a\u0440\u0438\u0442\u0438\u0435 \u043d\u0430 \u0430\u043b\u043a\u0438\u0434\u043d\u0430 \u043e\u0441\u043d\u043e\u0432\u0430 \u0437\u0430 \u0438\u043d\u0434\u0443\u0441\u0442\u0440\u0438\u0430\u043b\u043d\u0430 \u0443\u043f\u043e\u0442\u0440\u0435\u0431\u0430 \u0441 \u0432\u0438\u0441\u043e\u043a\u043e \u0441\u044a\u0434\u044a\u0440\u0436\u0430\u043d\u0438\u0435 \u043d\u0430 \u0430\u043d\u0442\u0438\u043a\u043e\u0440\u043e\u0437\u0438\u043e\u043d\u043d\u0438 \u0434\u043e\u0431\u0430\u0432\u043a\u0438 (\u0446\u0438\u043d\u043a\u043e\u0432 \u0444\u043e\u0441\u0444\u0430\u0442) \u0438 \u0430\u043a\u0442\u0438\u0432\u043d\u0438 \u0441\u044a\u0441\u0442\u0430\u0432\u043a\u0438, \u043f\u0440\u0435\u043e\u0431\u0440\u0430\u0437\u0443\u0432\u0430\u0449\u0438 \u043a\u043e\u0440\u043e\u0437\u0438\u044f\u0442\u0430.","breadcrumb":{"@id":"https:\/\/bulbiochem.bg\/product\/a-power-3-in-1-rapid-i-1312-alkidno-pokritie-bulmat\/#breadcrumb"},"inLanguage":"ro-RO","potentialAction":[{"@type":"ReadAction","target":["https:\/\/bulbiochem.bg\/product\/a-power-3-in-1-rapid-i-1312-alkidno-pokritie-bulmat\/"]}]},{"@type":"ImageObject","inLanguage":"ro-RO","@id":"https:\/\/bulbiochem.bg\/product\/a-power-3-in-1-rapid-i-1312-alkidno-pokritie-bulmat\/#primaryimage","url":"https:\/\/bulbiochem.bg\/wp-content\/uploads\/2025\/03\/110.-A-Power-3-in-1-Rapid-AS-1312@8x.png","contentUrl":"https:\/\/bulbiochem.bg\/wp-content\/uploads\/2025\/03\/110.-A-Power-3-in-1-Rapid-AS-1312@8x.png","width":2521,"height":193},{"@type":"BreadcrumbList","@id":"https:\/\/bulbiochem.bg\/product\/a-power-3-in-1-rapid-i-1312-alkidno-pokritie-bulmat\/#breadcrumb","itemListElement":[{"@type":"ListItem","position":1,"name":"Home","item":"https:\/\/bulbiochem.bg\/"},{"@type":"ListItem","position":2,"name":"\u041f\u0440\u043e\u0434\u0443\u043a\u0442\u0438","item":"https:\/\/bulbiochem.bg\/products\/"},{"@type":"ListItem","position":3,"name":"A-Power 3-in-1 Rapid I AS-1312"}]},{"@type":"WebSite","@id":"https:\/\/bulbiochem.bg\/#website","url":"https:\/\/bulbiochem.bg\/","name":"Bulmat","description":"\u0411\u0443\u043b\u0431\u0438\u043e\u043a\u0435\u043c \u0415\u041e\u041e\u0414.","publisher":{"@id":"https:\/\/bulbiochem.bg\/#organization"},"potentialAction":[{"@type":"SearchAction","target":{"@type":"EntryPoint","urlTemplate":"https:\/\/bulbiochem.bg\/?s={search_term_string}"},"query-input":{"@type":"PropertyValueSpecification","valueRequired":true,"valueName":"search_term_string"}}],"inLanguage":"ro-RO"},{"@type":"Organization","@id":"https:\/\/bulbiochem.bg\/#organization","name":"Bulmat","url":"https:\/\/bulbiochem.bg\/","logo":{"@type":"ImageObject","inLanguage":"ro-RO","@id":"https:\/\/bulbiochem.bg\/#\/schema\/logo\/image\/","url":"https:\/\/bulbiochem.bg\/wp-content\/uploads\/2025\/01\/logo-bulmat-1.png","contentUrl":"https:\/\/bulbiochem.bg\/wp-content\/uploads\/2025\/01\/logo-bulmat-1.png","width":1211,"height":268,"caption":"\u0411\u0443\u043b\u043c\u0430\u0442"},"image":{"@id":"https:\/\/bulbiochem.bg\/#\/schema\/logo\/image\/"}}]}},"_links":{"self":[{"href":"https:\/\/bulbiochem.bg\/ro\/wp-json\/wp\/v2\/product\/6608","targetHints":{"allow":["GET"]}}],"collection":[{"href":"https:\/\/bulbiochem.bg\/ro\/wp-json\/wp\/v2\/product"}],"about":[{"href":"https:\/\/bulbiochem.bg\/ro\/wp-json\/wp\/v2\/types\/product"}],"wp:featuredmedia":[{"embeddable":true,"href":"https:\/\/bulbiochem.bg\/ro\/wp-json\/wp\/v2\/media\/7000"}],"wp:attachment":[{"href":"https:\/\/bulbiochem.bg\/ro\/wp-json\/wp\/v2\/media?parent=6608"}],"wp:term":[{"taxonomy":"product_cat","embeddable":true,"href":"https:\/\/bulbiochem.bg\/ro\/wp-json\/wp\/v2\/product_cat?post=6608"},{"taxonomy":"product_tag","embeddable":true,"href":"https:\/\/bulbiochem.bg\/ro\/wp-json\/wp\/v2\/product_tag?post=6608"}],"curies":[{"name":"wp","href":"https:\/\/api.w.org\/{rel}","templated":true}]}}