{"id":6794,"date":"2025-04-14T12:09:25","date_gmt":"2025-04-14T12:09:25","guid":{"rendered":"https:\/\/bulbiochem.bg\/?post_type=product&#038;p=6794"},"modified":"2026-02-20T09:19:50","modified_gmt":"2026-02-20T09:19:50","slug":"acryl-defense-2-in-1-i-acr-1512-acoperire-acrilica-bulmat","status":"publish","type":"product","link":"https:\/\/bulbiochem.bg\/ro\/produs\/acryl-defense-2-in-1-i-acr-1512-acoperire-acrilica-bulmat\/","title":{"rendered":"Acryl Defense 3-in-1 Rapid I ACR-1512"},"content":{"rendered":"<p>\u2022 Acoperire cu un singur strat care reduce costul aplic\u0103rii grundului \u0219i vopselei;<br \/>\n\u2022 Rezisten\u021ba termic\u0103 a filmului p\u00e2n\u0103 la 105 \u030aC;<br \/>\n\u2022 Posibilitate de a lucra la temperaturi foarte sc\u0103zute (p\u00e2n\u0103 la \u201310 \u030a\u0421);<br \/>\n\u2022 Produs cu uscare rapid\u0103;<br \/>\n\u2022 Rezisten\u021b\u0103 la UV \u0219i stabilitate a culorii f\u0103r\u0103 decolorare;<br \/>\n\u2022 Elasticitate ridicat\u0103 \u0219i rezisten\u021b\u0103 la dilatare liniar\u0103.<\/p>","protected":false},"excerpt":{"rendered":"<p>Acoperire monocomponent\u0103, auto-primant\u0103, cu uscare rapid\u0103, pentru uz industrial, cu un con\u021binut\nridicat de aditivi anticorozivi (fosfat de zinc) \u0219i componente active de conversie a coroziunii. Emailul\nfunc\u021bioneaz\u0103 simultan ca un convertor de rugin\u0103, grund \u0219i strat de acoperire, reduc\u00e2nd semnificativ\ncosturile de aplicare.<\/p>","protected":false},"featured_media":6795,"template":"","meta":[],"product_cat":[60],"product_tag":[64,63,69,70],"class_list":{"0":"post-6794","1":"product","2":"type-product","3":"status-publish","4":"has-post-thumbnail","6":"product_cat-akrilni-produkti","7":"product_tag-uv-","8":"product_tag-antikorozionna-zashtita","9":"product_tag-69","10":"product_tag-70","12":"first","13":"instock","14":"shipping-taxable","15":"product-type-simple"},"yoast_head":"<!-- This site is optimized with the Yoast SEO plugin v24.3 - https:\/\/yoast.com\/wordpress\/plugins\/seo\/ -->\n<title>Acryl Defense 3-in-1 Rapid I ACR-1512 - \u0411\u0443\u043b\u043c\u0430\u0442<\/title>\n<meta name=\"description\" content=\"\u0415\u0434\u043d\u043e\u043a\u043e\u043c\u043f\u043e\u043d\u0435\u043d\u0442\u043d\u043e, \u0435\u0434\u043d\u043e\u0441\u043b\u043e\u0439\u043d\u043e, \u0431\u044a\u0440\u0437\u043e\u0441\u044a\u0445\u043d\u0435\u0449\u043e \u043f\u043e\u043a\u0440\u0438\u0442\u0438\u0435 \u0437\u0430 \u0438\u043d\u0434\u0443\u0441\u0442\u0440\u0438\u0430\u043b\u043d\u0430 \u0443\u043f\u043e\u0442\u0440\u0435\u0431\u0430 \u0441 \u0432\u0438\u0441\u043e\u043a\u043e \u0441\u044a\u0434\u044a\u0440\u0436\u0430\u043d\u0438\u0435 \u043d\u0430 \u0430\u043d\u0442\u0438\u043a\u043e\u0440\u043e\u0437\u0438\u043e\u043d\u043d\u0438 \u0434\u043e\u0431\u0430\u0432\u043a\u0438 (\u0446\u0438\u043d\u043a\u043e\u0432 \u0444\u043e\u0441\u0444\u0430\u0442) \u0438 \u0430\u043a\u0442\u0438\u0432\u043d\u0438 \u0441\u044a\u0441\u0442\u0430\u0432\u043a\u0438, \u043f\u0440\u0435\u043e\u0431\u0440\u0430\u0437\u0443\u0432\u0430\u0449\u0438 \u043a\u043e\u0440\u043e\u0437\u0438\u044f\u0442\u0430\" \/>\n<meta name=\"robots\" content=\"index, follow, max-snippet:-1, max-image-preview:large, max-video-preview:-1\" \/>\n<link rel=\"canonical\" href=\"https:\/\/bulbiochem.bg\/ro\/produs\/acryl-defense-2-in-1-i-acr-1512-acoperire-acrilica-bulmat\/\" \/>\n<meta property=\"og:locale\" content=\"ro_RO\" \/>\n<meta property=\"og:type\" content=\"article\" \/>\n<meta property=\"og:title\" content=\"Acryl Defense 3-in-1 Rapid I ACR-1512 - \u0411\u0443\u043b\u043c\u0430\u0442\" \/>\n<meta property=\"og:description\" content=\"\u0415\u0434\u043d\u043e\u043a\u043e\u043c\u043f\u043e\u043d\u0435\u043d\u0442\u043d\u043e, \u0435\u0434\u043d\u043e\u0441\u043b\u043e\u0439\u043d\u043e, \u0431\u044a\u0440\u0437\u043e\u0441\u044a\u0445\u043d\u0435\u0449\u043e \u043f\u043e\u043a\u0440\u0438\u0442\u0438\u0435 \u0437\u0430 \u0438\u043d\u0434\u0443\u0441\u0442\u0440\u0438\u0430\u043b\u043d\u0430 \u0443\u043f\u043e\u0442\u0440\u0435\u0431\u0430 \u0441 \u0432\u0438\u0441\u043e\u043a\u043e \u0441\u044a\u0434\u044a\u0440\u0436\u0430\u043d\u0438\u0435 \u043d\u0430 \u0430\u043d\u0442\u0438\u043a\u043e\u0440\u043e\u0437\u0438\u043e\u043d\u043d\u0438 \u0434\u043e\u0431\u0430\u0432\u043a\u0438 (\u0446\u0438\u043d\u043a\u043e\u0432 \u0444\u043e\u0441\u0444\u0430\u0442) \u0438 \u0430\u043a\u0442\u0438\u0432\u043d\u0438 \u0441\u044a\u0441\u0442\u0430\u0432\u043a\u0438, \u043f\u0440\u0435\u043e\u0431\u0440\u0430\u0437\u0443\u0432\u0430\u0449\u0438 \u043a\u043e\u0440\u043e\u0437\u0438\u044f\u0442\u0430\" \/>\n<meta property=\"og:url\" content=\"https:\/\/bulbiochem.bg\/ro\/produs\/acryl-defense-2-in-1-i-acr-1512-acoperire-acrilica-bulmat\/\" \/>\n<meta property=\"og:site_name\" content=\"\u0411\u0443\u043b\u043c\u0430\u0442\" \/>\n<meta property=\"article:modified_time\" content=\"2026-02-20T09:19:50+00:00\" \/>\n<meta property=\"og:image\" content=\"https:\/\/bulbiochem.bg\/wp-content\/uploads\/2025\/04\/BULMAT-Industrial-One-SizeArtboard-32.png\" \/>\n\t<meta property=\"og:image:width\" content=\"945\" \/>\n\t<meta property=\"og:image:height\" content=\"72\" \/>\n\t<meta property=\"og:image:type\" content=\"image\/png\" \/>\n<meta name=\"twitter:card\" content=\"summary_large_image\" \/>\n<meta name=\"twitter:label1\" content=\"Est. reading time\" \/>\n\t<meta name=\"twitter:data1\" content=\"1 minut\" \/>\n<script type=\"application\/ld+json\" class=\"yoast-schema-graph\">{\"@context\":\"https:\/\/schema.org\",\"@graph\":[{\"@type\":\"WebPage\",\"@id\":\"https:\/\/bulbiochem.bg\/product\/acryl-defense-3-in-1-i-as-1512-akrilno-pokritie-bulmat\/\",\"url\":\"https:\/\/bulbiochem.bg\/product\/acryl-defense-3-in-1-i-as-1512-akrilno-pokritie-bulmat\/\",\"name\":\"Acryl Defense 3-in-1 Rapid I ACR-1512 - \u0411\u0443\u043b\u043c\u0430\u0442\",\"isPartOf\":{\"@id\":\"https:\/\/bulbiochem.bg\/#website\"},\"primaryImageOfPage\":{\"@id\":\"https:\/\/bulbiochem.bg\/product\/acryl-defense-3-in-1-i-as-1512-akrilno-pokritie-bulmat\/#primaryimage\"},\"image\":{\"@id\":\"https:\/\/bulbiochem.bg\/product\/acryl-defense-3-in-1-i-as-1512-akrilno-pokritie-bulmat\/#primaryimage\"},\"thumbnailUrl\":\"https:\/\/bulbiochem.bg\/wp-content\/uploads\/2025\/04\/BULMAT-Industrial-One-SizeArtboard-32.png\",\"datePublished\":\"2025-04-14T12:09:25+00:00\",\"dateModified\":\"2026-02-20T09:19:50+00:00\",\"description\":\"\u0415\u0434\u043d\u043e\u043a\u043e\u043c\u043f\u043e\u043d\u0435\u043d\u0442\u043d\u043e, \u0435\u0434\u043d\u043e\u0441\u043b\u043e\u0439\u043d\u043e, \u0431\u044a\u0440\u0437\u043e\u0441\u044a\u0445\u043d\u0435\u0449\u043e \u043f\u043e\u043a\u0440\u0438\u0442\u0438\u0435 \u0437\u0430 \u0438\u043d\u0434\u0443\u0441\u0442\u0440\u0438\u0430\u043b\u043d\u0430 \u0443\u043f\u043e\u0442\u0440\u0435\u0431\u0430 \u0441 \u0432\u0438\u0441\u043e\u043a\u043e \u0441\u044a\u0434\u044a\u0440\u0436\u0430\u043d\u0438\u0435 \u043d\u0430 \u0430\u043d\u0442\u0438\u043a\u043e\u0440\u043e\u0437\u0438\u043e\u043d\u043d\u0438 \u0434\u043e\u0431\u0430\u0432\u043a\u0438 (\u0446\u0438\u043d\u043a\u043e\u0432 \u0444\u043e\u0441\u0444\u0430\u0442) \u0438 \u0430\u043a\u0442\u0438\u0432\u043d\u0438 \u0441\u044a\u0441\u0442\u0430\u0432\u043a\u0438, \u043f\u0440\u0435\u043e\u0431\u0440\u0430\u0437\u0443\u0432\u0430\u0449\u0438 \u043a\u043e\u0440\u043e\u0437\u0438\u044f\u0442\u0430\",\"breadcrumb\":{\"@id\":\"https:\/\/bulbiochem.bg\/product\/acryl-defense-3-in-1-i-as-1512-akrilno-pokritie-bulmat\/#breadcrumb\"},\"inLanguage\":\"ro-RO\",\"potentialAction\":[{\"@type\":\"ReadAction\",\"target\":[\"https:\/\/bulbiochem.bg\/product\/acryl-defense-3-in-1-i-as-1512-akrilno-pokritie-bulmat\/\"]}]},{\"@type\":\"ImageObject\",\"inLanguage\":\"ro-RO\",\"@id\":\"https:\/\/bulbiochem.bg\/product\/acryl-defense-3-in-1-i-as-1512-akrilno-pokritie-bulmat\/#primaryimage\",\"url\":\"https:\/\/bulbiochem.bg\/wp-content\/uploads\/2025\/04\/BULMAT-Industrial-One-SizeArtboard-32.png\",\"contentUrl\":\"https:\/\/bulbiochem.bg\/wp-content\/uploads\/2025\/04\/BULMAT-Industrial-One-SizeArtboard-32.png\",\"width\":945,\"height\":72,\"caption\":\"\u0415\u0434\u043d\u043e\u043a\u043e\u043c\u043f\u043e\u043d\u0435\u043d\u0442\u043d\u043e, \u0435\u0434\u043d\u043e\u0441\u043b\u043e\u0439\u043d\u043e, \u0431\u044a\u0440\u0437\u043e\u0441\u044a\u0445\u043d\u0435\u0449\u043e \u043f\u043e\u043a\u0440\u0438\u0442\u0438\u0435 \u0437\u0430 \u0438\u043d\u0434\u0443\u0441\u0442\u0440\u0438\u0430\u043b\u043d\u0430 \u0443\u043f\u043e\u0442\u0440\u0435\u0431\u0430 \u0441 \u0432\u0438\u0441\u043e\u043a\u043e \u0441\u044a\u0434\u044a\u0440\u0436\u0430\u043d\u0438\u0435 \u043d\u0430 \u0430\u043d\u0442\u0438\u043a\u043e\u0440\u043e\u0437\u0438\u043e\u043d\u043d\u0438 \u0434\u043e\u0431\u0430\u0432\u043a\u0438 (\u0446\u0438\u043d\u043a\u043e\u0432 \u0444\u043e\u0441\u0444\u0430\u0442) \u0438 \u0430\u043a\u0442\u0438\u0432\u043d\u0438 \u0441\u044a\u0441\u0442\u0430\u0432\u043a\u0438, \u043f\u0440\u0435\u043e\u0431\u0440\u0430\u0437\u0443\u0432\u0430\u0449\u0438 \u043a\u043e\u0440\u043e\u0437\u0438\u044f\u0442\u0430.\"},{\"@type\":\"BreadcrumbList\",\"@id\":\"https:\/\/bulbiochem.bg\/product\/acryl-defense-3-in-1-i-as-1512-akrilno-pokritie-bulmat\/#breadcrumb\",\"itemListElement\":[{\"@type\":\"ListItem\",\"position\":1,\"name\":\"Home\",\"item\":\"https:\/\/bulbiochem.bg\/\"},{\"@type\":\"ListItem\",\"position\":2,\"name\":\"\u041f\u0440\u043e\u0434\u0443\u043a\u0442\u0438\",\"item\":\"https:\/\/bulbiochem.bg\/products\/\"},{\"@type\":\"ListItem\",\"position\":3,\"name\":\"Acryl Defense 3-in-1 Rapid I ACR-1512\"}]},{\"@type\":\"WebSite\",\"@id\":\"https:\/\/bulbiochem.bg\/#website\",\"url\":\"https:\/\/bulbiochem.bg\/\",\"name\":\"\u0411\u0443\u043b\u043c\u0430\u0442\",\"description\":\"\u0411\u0443\u043b\u0431\u0438\u043e\u043a\u0435\u043c \u0415\u041e\u041e\u0414.\",\"publisher\":{\"@id\":\"https:\/\/bulbiochem.bg\/#organization\"},\"potentialAction\":[{\"@type\":\"SearchAction\",\"target\":{\"@type\":\"EntryPoint\",\"urlTemplate\":\"https:\/\/bulbiochem.bg\/?s={search_term_string}\"},\"query-input\":{\"@type\":\"PropertyValueSpecification\",\"valueRequired\":true,\"valueName\":\"search_term_string\"}}],\"inLanguage\":\"ro-RO\"},{\"@type\":\"Organization\",\"@id\":\"https:\/\/bulbiochem.bg\/#organization\",\"name\":\"\u0411\u0443\u043b\u043c\u0430\u0442\",\"url\":\"https:\/\/bulbiochem.bg\/\",\"logo\":{\"@type\":\"ImageObject\",\"inLanguage\":\"ro-RO\",\"@id\":\"https:\/\/bulbiochem.bg\/#\/schema\/logo\/image\/\",\"url\":\"https:\/\/bulbiochem.bg\/wp-content\/uploads\/2025\/01\/logo-bulmat-1.png\",\"contentUrl\":\"https:\/\/bulbiochem.bg\/wp-content\/uploads\/2025\/01\/logo-bulmat-1.png\",\"width\":1211,\"height\":268,\"caption\":\"\u0411\u0443\u043b\u043c\u0430\u0442\"},\"image\":{\"@id\":\"https:\/\/bulbiochem.bg\/#\/schema\/logo\/image\/\"}}]}<\/script>\n<!-- \/ Yoast SEO plugin. -->","yoast_head_json":{"title":"Acryl Defense 3-in-1 Rapid I ACR-1512 - Bulmat","description":"\u0415\u0434\u043d\u043e\u043a\u043e\u043c\u043f\u043e\u043d\u0435\u043d\u0442\u043d\u043e, \u0435\u0434\u043d\u043e\u0441\u043b\u043e\u0439\u043d\u043e, \u0431\u044a\u0440\u0437\u043e\u0441\u044a\u0445\u043d\u0435\u0449\u043e \u043f\u043e\u043a\u0440\u0438\u0442\u0438\u0435 \u0437\u0430 \u0438\u043d\u0434\u0443\u0441\u0442\u0440\u0438\u0430\u043b\u043d\u0430 \u0443\u043f\u043e\u0442\u0440\u0435\u0431\u0430 \u0441 \u0432\u0438\u0441\u043e\u043a\u043e \u0441\u044a\u0434\u044a\u0440\u0436\u0430\u043d\u0438\u0435 \u043d\u0430 \u0430\u043d\u0442\u0438\u043a\u043e\u0440\u043e\u0437\u0438\u043e\u043d\u043d\u0438 \u0434\u043e\u0431\u0430\u0432\u043a\u0438 (\u0446\u0438\u043d\u043a\u043e\u0432 \u0444\u043e\u0441\u0444\u0430\u0442) \u0438 \u0430\u043a\u0442\u0438\u0432\u043d\u0438 \u0441\u044a\u0441\u0442\u0430\u0432\u043a\u0438, \u043f\u0440\u0435\u043e\u0431\u0440\u0430\u0437\u0443\u0432\u0430\u0449\u0438 \u043a\u043e\u0440\u043e\u0437\u0438\u044f\u0442\u0430","robots":{"index":"index","follow":"follow","max-snippet":"max-snippet:-1","max-image-preview":"max-image-preview:large","max-video-preview":"max-video-preview:-1"},"canonical":"https:\/\/bulbiochem.bg\/ro\/produs\/acryl-defense-2-in-1-i-acr-1512-acoperire-acrilica-bulmat\/","og_locale":"ro_RO","og_type":"article","og_title":"Acryl Defense 3-in-1 Rapid I ACR-1512 - \u0411\u0443\u043b\u043c\u0430\u0442","og_description":"\u0415\u0434\u043d\u043e\u043a\u043e\u043c\u043f\u043e\u043d\u0435\u043d\u0442\u043d\u043e, \u0435\u0434\u043d\u043e\u0441\u043b\u043e\u0439\u043d\u043e, \u0431\u044a\u0440\u0437\u043e\u0441\u044a\u0445\u043d\u0435\u0449\u043e \u043f\u043e\u043a\u0440\u0438\u0442\u0438\u0435 \u0437\u0430 \u0438\u043d\u0434\u0443\u0441\u0442\u0440\u0438\u0430\u043b\u043d\u0430 \u0443\u043f\u043e\u0442\u0440\u0435\u0431\u0430 \u0441 \u0432\u0438\u0441\u043e\u043a\u043e \u0441\u044a\u0434\u044a\u0440\u0436\u0430\u043d\u0438\u0435 \u043d\u0430 \u0430\u043d\u0442\u0438\u043a\u043e\u0440\u043e\u0437\u0438\u043e\u043d\u043d\u0438 \u0434\u043e\u0431\u0430\u0432\u043a\u0438 (\u0446\u0438\u043d\u043a\u043e\u0432 \u0444\u043e\u0441\u0444\u0430\u0442) \u0438 \u0430\u043a\u0442\u0438\u0432\u043d\u0438 \u0441\u044a\u0441\u0442\u0430\u0432\u043a\u0438, \u043f\u0440\u0435\u043e\u0431\u0440\u0430\u0437\u0443\u0432\u0430\u0449\u0438 \u043a\u043e\u0440\u043e\u0437\u0438\u044f\u0442\u0430","og_url":"https:\/\/bulbiochem.bg\/ro\/produs\/acryl-defense-2-in-1-i-acr-1512-acoperire-acrilica-bulmat\/","og_site_name":"\u0411\u0443\u043b\u043c\u0430\u0442","article_modified_time":"2026-02-20T09:19:50+00:00","og_image":[{"width":945,"height":72,"url":"https:\/\/bulbiochem.bg\/wp-content\/uploads\/2025\/04\/BULMAT-Industrial-One-SizeArtboard-32.png","type":"image\/png"}],"twitter_card":"summary_large_image","twitter_misc":{"Est. reading time":"1 minut"},"schema":{"@context":"https:\/\/schema.org","@graph":[{"@type":"WebPage","@id":"https:\/\/bulbiochem.bg\/product\/acryl-defense-3-in-1-i-as-1512-akrilno-pokritie-bulmat\/","url":"https:\/\/bulbiochem.bg\/product\/acryl-defense-3-in-1-i-as-1512-akrilno-pokritie-bulmat\/","name":"Acryl Defense 3-in-1 Rapid I ACR-1512 - Bulmat","isPartOf":{"@id":"https:\/\/bulbiochem.bg\/#website"},"primaryImageOfPage":{"@id":"https:\/\/bulbiochem.bg\/product\/acryl-defense-3-in-1-i-as-1512-akrilno-pokritie-bulmat\/#primaryimage"},"image":{"@id":"https:\/\/bulbiochem.bg\/product\/acryl-defense-3-in-1-i-as-1512-akrilno-pokritie-bulmat\/#primaryimage"},"thumbnailUrl":"https:\/\/bulbiochem.bg\/wp-content\/uploads\/2025\/04\/BULMAT-Industrial-One-SizeArtboard-32.png","datePublished":"2025-04-14T12:09:25+00:00","dateModified":"2026-02-20T09:19:50+00:00","description":"\u0415\u0434\u043d\u043e\u043a\u043e\u043c\u043f\u043e\u043d\u0435\u043d\u0442\u043d\u043e, \u0435\u0434\u043d\u043e\u0441\u043b\u043e\u0439\u043d\u043e, \u0431\u044a\u0440\u0437\u043e\u0441\u044a\u0445\u043d\u0435\u0449\u043e \u043f\u043e\u043a\u0440\u0438\u0442\u0438\u0435 \u0437\u0430 \u0438\u043d\u0434\u0443\u0441\u0442\u0440\u0438\u0430\u043b\u043d\u0430 \u0443\u043f\u043e\u0442\u0440\u0435\u0431\u0430 \u0441 \u0432\u0438\u0441\u043e\u043a\u043e \u0441\u044a\u0434\u044a\u0440\u0436\u0430\u043d\u0438\u0435 \u043d\u0430 \u0430\u043d\u0442\u0438\u043a\u043e\u0440\u043e\u0437\u0438\u043e\u043d\u043d\u0438 \u0434\u043e\u0431\u0430\u0432\u043a\u0438 (\u0446\u0438\u043d\u043a\u043e\u0432 \u0444\u043e\u0441\u0444\u0430\u0442) \u0438 \u0430\u043a\u0442\u0438\u0432\u043d\u0438 \u0441\u044a\u0441\u0442\u0430\u0432\u043a\u0438, \u043f\u0440\u0435\u043e\u0431\u0440\u0430\u0437\u0443\u0432\u0430\u0449\u0438 \u043a\u043e\u0440\u043e\u0437\u0438\u044f\u0442\u0430","breadcrumb":{"@id":"https:\/\/bulbiochem.bg\/product\/acryl-defense-3-in-1-i-as-1512-akrilno-pokritie-bulmat\/#breadcrumb"},"inLanguage":"ro-RO","potentialAction":[{"@type":"ReadAction","target":["https:\/\/bulbiochem.bg\/product\/acryl-defense-3-in-1-i-as-1512-akrilno-pokritie-bulmat\/"]}]},{"@type":"ImageObject","inLanguage":"ro-RO","@id":"https:\/\/bulbiochem.bg\/product\/acryl-defense-3-in-1-i-as-1512-akrilno-pokritie-bulmat\/#primaryimage","url":"https:\/\/bulbiochem.bg\/wp-content\/uploads\/2025\/04\/BULMAT-Industrial-One-SizeArtboard-32.png","contentUrl":"https:\/\/bulbiochem.bg\/wp-content\/uploads\/2025\/04\/BULMAT-Industrial-One-SizeArtboard-32.png","width":945,"height":72,"caption":"\u0415\u0434\u043d\u043e\u043a\u043e\u043c\u043f\u043e\u043d\u0435\u043d\u0442\u043d\u043e, \u0435\u0434\u043d\u043e\u0441\u043b\u043e\u0439\u043d\u043e, \u0431\u044a\u0440\u0437\u043e\u0441\u044a\u0445\u043d\u0435\u0449\u043e \u043f\u043e\u043a\u0440\u0438\u0442\u0438\u0435 \u0437\u0430 \u0438\u043d\u0434\u0443\u0441\u0442\u0440\u0438\u0430\u043b\u043d\u0430 \u0443\u043f\u043e\u0442\u0440\u0435\u0431\u0430 \u0441 \u0432\u0438\u0441\u043e\u043a\u043e \u0441\u044a\u0434\u044a\u0440\u0436\u0430\u043d\u0438\u0435 \u043d\u0430 \u0430\u043d\u0442\u0438\u043a\u043e\u0440\u043e\u0437\u0438\u043e\u043d\u043d\u0438 \u0434\u043e\u0431\u0430\u0432\u043a\u0438 (\u0446\u0438\u043d\u043a\u043e\u0432 \u0444\u043e\u0441\u0444\u0430\u0442) \u0438 \u0430\u043a\u0442\u0438\u0432\u043d\u0438 \u0441\u044a\u0441\u0442\u0430\u0432\u043a\u0438, \u043f\u0440\u0435\u043e\u0431\u0440\u0430\u0437\u0443\u0432\u0430\u0449\u0438 \u043a\u043e\u0440\u043e\u0437\u0438\u044f\u0442\u0430."},{"@type":"BreadcrumbList","@id":"https:\/\/bulbiochem.bg\/product\/acryl-defense-3-in-1-i-as-1512-akrilno-pokritie-bulmat\/#breadcrumb","itemListElement":[{"@type":"ListItem","position":1,"name":"Home","item":"https:\/\/bulbiochem.bg\/"},{"@type":"ListItem","position":2,"name":"\u041f\u0440\u043e\u0434\u0443\u043a\u0442\u0438","item":"https:\/\/bulbiochem.bg\/products\/"},{"@type":"ListItem","position":3,"name":"Acryl Defense 3-in-1 Rapid I ACR-1512"}]},{"@type":"WebSite","@id":"https:\/\/bulbiochem.bg\/#website","url":"https:\/\/bulbiochem.bg\/","name":"Bulmat","description":"\u0411\u0443\u043b\u0431\u0438\u043e\u043a\u0435\u043c \u0415\u041e\u041e\u0414.","publisher":{"@id":"https:\/\/bulbiochem.bg\/#organization"},"potentialAction":[{"@type":"SearchAction","target":{"@type":"EntryPoint","urlTemplate":"https:\/\/bulbiochem.bg\/?s={search_term_string}"},"query-input":{"@type":"PropertyValueSpecification","valueRequired":true,"valueName":"search_term_string"}}],"inLanguage":"ro-RO"},{"@type":"Organization","@id":"https:\/\/bulbiochem.bg\/#organization","name":"Bulmat","url":"https:\/\/bulbiochem.bg\/","logo":{"@type":"ImageObject","inLanguage":"ro-RO","@id":"https:\/\/bulbiochem.bg\/#\/schema\/logo\/image\/","url":"https:\/\/bulbiochem.bg\/wp-content\/uploads\/2025\/01\/logo-bulmat-1.png","contentUrl":"https:\/\/bulbiochem.bg\/wp-content\/uploads\/2025\/01\/logo-bulmat-1.png","width":1211,"height":268,"caption":"\u0411\u0443\u043b\u043c\u0430\u0442"},"image":{"@id":"https:\/\/bulbiochem.bg\/#\/schema\/logo\/image\/"}}]}},"_links":{"self":[{"href":"https:\/\/bulbiochem.bg\/ro\/wp-json\/wp\/v2\/product\/6794","targetHints":{"allow":["GET"]}}],"collection":[{"href":"https:\/\/bulbiochem.bg\/ro\/wp-json\/wp\/v2\/product"}],"about":[{"href":"https:\/\/bulbiochem.bg\/ro\/wp-json\/wp\/v2\/types\/product"}],"wp:featuredmedia":[{"embeddable":true,"href":"https:\/\/bulbiochem.bg\/ro\/wp-json\/wp\/v2\/media\/6795"}],"wp:attachment":[{"href":"https:\/\/bulbiochem.bg\/ro\/wp-json\/wp\/v2\/media?parent=6794"}],"wp:term":[{"taxonomy":"product_cat","embeddable":true,"href":"https:\/\/bulbiochem.bg\/ro\/wp-json\/wp\/v2\/product_cat?post=6794"},{"taxonomy":"product_tag","embeddable":true,"href":"https:\/\/bulbiochem.bg\/ro\/wp-json\/wp\/v2\/product_tag?post=6794"}],"curies":[{"name":"wp","href":"https:\/\/api.w.org\/{rel}","templated":true}]}}