{"id":6798,"date":"2025-04-14T12:58:10","date_gmt":"2025-04-14T12:58:10","guid":{"rendered":"https:\/\/bulbiochem.bg\/?post_type=product&#038;p=6798"},"modified":"2025-04-14T13:33:00","modified_gmt":"2025-04-14T13:33:00","slug":"e-guard-i-ep-171-email-epoxidic-bulmat","status":"publish","type":"product","link":"https:\/\/bulbiochem.bg\/ro\/produs\/e-guard-i-ep-171-email-epoxidic-bulmat\/","title":{"rendered":"E-Guard I EP-171"},"content":{"rendered":"<p>\u2022 Rezisten\u021b\u0103 la uzur\u0103;<br \/>\n\u2022 Rezisten\u021ba termic\u0103 a peliculei p\u00e2n\u0103 la 200 \u00b0C;<br \/>\n\u2022 Posibilitate de a se lucra cu acesta la temperaturi foarte sc\u0103zute (p\u00e2n\u0103 la \u20135\u00b0\u0421);<br \/>\n\u2022 Rezisten\u021b\u0103 la solven\u021bi, acizi, baze \u0219i vaporii acestora;<br \/>\n\u2022 Produs cu uscare rapid\u0103;<br \/>\n\u2022 Formeaz\u0103 un strat de acoperire impermeabil la ap\u0103 \u0219i vapori;<br \/>\n\u2022 Elasticitate ridicat\u0103 \u0219i rezisten\u021b\u0103 la dilatare liniar\u0103.<\/p>","protected":false},"excerpt":{"rendered":"<p>Email epoxidic bicomponent care asigur\u0103 o protec\u021bie excelent\u0103 a suprafe\u021belor metalice, cele de\nbeton \u0219i minerale \u00eempotriva coroziunii \u0219i a solicit\u0103rilor chimice mari.<\/p>","protected":false},"featured_media":6799,"template":"","meta":[],"product_cat":[61],"product_tag":[63,66,69],"class_list":{"0":"post-6798","1":"product","2":"type-product","3":"status-publish","4":"has-post-thumbnail","6":"product_cat-epoksidni-produkti","7":"product_tag-antikorozionna-zashtita","8":"product_tag-66","9":"product_tag-69","11":"first","12":"instock","13":"shipping-taxable","14":"product-type-simple"},"yoast_head":"<!-- This site is optimized with the Yoast SEO plugin v24.3 - https:\/\/yoast.com\/wordpress\/plugins\/seo\/ -->\n<title>E-Guard I EP-171 - \u0411\u0443\u043b\u043c\u0430\u0442<\/title>\n<meta name=\"description\" content=\"\u0414\u0432\u0443\u043a\u043e\u043c\u043f\u043e\u043d\u0435\u043d\u0442\u043d\u043e \u0435\u043f\u043e\u043a\u0441\u0438\u0434\u043d\u043e \u043f\u043e\u043a\u0440\u0438\u0442\u0438\u0435, \u043e\u0441\u0438\u0433\u0443\u0440\u044f\u0432\u0430\u0449o \u043e\u0442\u043b\u0438\u0447\u043d\u0430 \u0437\u0430\u0449\u0438\u0442\u0430 \u0437\u0430 \u043c\u0435\u0442\u0430\u043b\u043d\u0438, \u0431\u0435\u0442\u043e\u043d\u043d\u0438 \u0438 \u0434\u0440\u0443\u0433\u0438 \u043c\u0438\u043d\u0435\u0440\u0430\u043b\u043d\u0438 \u043f\u043e\u0432\u044a\u0440\u0445\u043d\u043e\u0441\u0442\u0438 \u043e\u0442 \u043a\u043e\u0440\u043e\u0437\u0438\u044f \u0438 \u0433\u043e\u043b\u0435\u043c\u0438 \u0445\u0438\u043c\u0438\u0447\u0435\u0441\u043a\u0438 \u043d\u0430\u0442\u043e\u0432\u0430\u0440\u0432\u0430\u043d\u0438\u044f.\" \/>\n<meta name=\"robots\" content=\"index, follow, max-snippet:-1, max-image-preview:large, max-video-preview:-1\" \/>\n<link rel=\"canonical\" href=\"https:\/\/bulbiochem.bg\/ro\/produs\/e-guard-i-ep-171-email-epoxidic-bulmat\/\" \/>\n<meta property=\"og:locale\" content=\"ro_RO\" \/>\n<meta property=\"og:type\" content=\"article\" \/>\n<meta property=\"og:title\" content=\"E-Guard I EP-171 - \u0411\u0443\u043b\u043c\u0430\u0442\" \/>\n<meta property=\"og:description\" content=\"\u0414\u0432\u0443\u043a\u043e\u043c\u043f\u043e\u043d\u0435\u043d\u0442\u043d\u043e \u0435\u043f\u043e\u043a\u0441\u0438\u0434\u043d\u043e \u043f\u043e\u043a\u0440\u0438\u0442\u0438\u0435, \u043e\u0441\u0438\u0433\u0443\u0440\u044f\u0432\u0430\u0449o \u043e\u0442\u043b\u0438\u0447\u043d\u0430 \u0437\u0430\u0449\u0438\u0442\u0430 \u0437\u0430 \u043c\u0435\u0442\u0430\u043b\u043d\u0438, \u0431\u0435\u0442\u043e\u043d\u043d\u0438 \u0438 \u0434\u0440\u0443\u0433\u0438 \u043c\u0438\u043d\u0435\u0440\u0430\u043b\u043d\u0438 \u043f\u043e\u0432\u044a\u0440\u0445\u043d\u043e\u0441\u0442\u0438 \u043e\u0442 \u043a\u043e\u0440\u043e\u0437\u0438\u044f \u0438 \u0433\u043e\u043b\u0435\u043c\u0438 \u0445\u0438\u043c\u0438\u0447\u0435\u0441\u043a\u0438 \u043d\u0430\u0442\u043e\u0432\u0430\u0440\u0432\u0430\u043d\u0438\u044f.\" \/>\n<meta property=\"og:url\" content=\"https:\/\/bulbiochem.bg\/ro\/produs\/e-guard-i-ep-171-email-epoxidic-bulmat\/\" \/>\n<meta property=\"og:site_name\" content=\"\u0411\u0443\u043b\u043c\u0430\u0442\" \/>\n<meta property=\"article:modified_time\" content=\"2025-04-14T13:33:00+00:00\" \/>\n<meta property=\"og:image\" content=\"https:\/\/bulbiochem.bg\/wp-content\/uploads\/2025\/04\/BULMAT-Industrial-One-SizeArtboard-35.png\" \/>\n\t<meta property=\"og:image:width\" content=\"945\" \/>\n\t<meta property=\"og:image:height\" content=\"72\" \/>\n\t<meta property=\"og:image:type\" content=\"image\/png\" \/>\n<meta name=\"twitter:card\" content=\"summary_large_image\" \/>\n<meta name=\"twitter:label1\" content=\"Est. reading time\" \/>\n\t<meta name=\"twitter:data1\" content=\"1 minut\" \/>\n<script type=\"application\/ld+json\" class=\"yoast-schema-graph\">{\"@context\":\"https:\/\/schema.org\",\"@graph\":[{\"@type\":\"WebPage\",\"@id\":\"https:\/\/bulbiochem.bg\/product\/e-guard-i-ep-171-epoksiden-emaillak-bulmat\/\",\"url\":\"https:\/\/bulbiochem.bg\/product\/e-guard-i-ep-171-epoksiden-emaillak-bulmat\/\",\"name\":\"E-Guard I EP-171 - \u0411\u0443\u043b\u043c\u0430\u0442\",\"isPartOf\":{\"@id\":\"https:\/\/bulbiochem.bg\/#website\"},\"primaryImageOfPage\":{\"@id\":\"https:\/\/bulbiochem.bg\/product\/e-guard-i-ep-171-epoksiden-emaillak-bulmat\/#primaryimage\"},\"image\":{\"@id\":\"https:\/\/bulbiochem.bg\/product\/e-guard-i-ep-171-epoksiden-emaillak-bulmat\/#primaryimage\"},\"thumbnailUrl\":\"https:\/\/bulbiochem.bg\/wp-content\/uploads\/2025\/04\/BULMAT-Industrial-One-SizeArtboard-35.png\",\"datePublished\":\"2025-04-14T12:58:10+00:00\",\"dateModified\":\"2025-04-14T13:33:00+00:00\",\"description\":\"\u0414\u0432\u0443\u043a\u043e\u043c\u043f\u043e\u043d\u0435\u043d\u0442\u043d\u043e \u0435\u043f\u043e\u043a\u0441\u0438\u0434\u043d\u043e \u043f\u043e\u043a\u0440\u0438\u0442\u0438\u0435, \u043e\u0441\u0438\u0433\u0443\u0440\u044f\u0432\u0430\u0449o \u043e\u0442\u043b\u0438\u0447\u043d\u0430 \u0437\u0430\u0449\u0438\u0442\u0430 \u0437\u0430 \u043c\u0435\u0442\u0430\u043b\u043d\u0438, \u0431\u0435\u0442\u043e\u043d\u043d\u0438 \u0438 \u0434\u0440\u0443\u0433\u0438 \u043c\u0438\u043d\u0435\u0440\u0430\u043b\u043d\u0438 \u043f\u043e\u0432\u044a\u0440\u0445\u043d\u043e\u0441\u0442\u0438 \u043e\u0442 \u043a\u043e\u0440\u043e\u0437\u0438\u044f \u0438 \u0433\u043e\u043b\u0435\u043c\u0438 \u0445\u0438\u043c\u0438\u0447\u0435\u0441\u043a\u0438 \u043d\u0430\u0442\u043e\u0432\u0430\u0440\u0432\u0430\u043d\u0438\u044f.\",\"breadcrumb\":{\"@id\":\"https:\/\/bulbiochem.bg\/product\/e-guard-i-ep-171-epoksiden-emaillak-bulmat\/#breadcrumb\"},\"inLanguage\":\"ro-RO\",\"potentialAction\":[{\"@type\":\"ReadAction\",\"target\":[\"https:\/\/bulbiochem.bg\/product\/e-guard-i-ep-171-epoksiden-emaillak-bulmat\/\"]}]},{\"@type\":\"ImageObject\",\"inLanguage\":\"ro-RO\",\"@id\":\"https:\/\/bulbiochem.bg\/product\/e-guard-i-ep-171-epoksiden-emaillak-bulmat\/#primaryimage\",\"url\":\"https:\/\/bulbiochem.bg\/wp-content\/uploads\/2025\/04\/BULMAT-Industrial-One-SizeArtboard-35.png\",\"contentUrl\":\"https:\/\/bulbiochem.bg\/wp-content\/uploads\/2025\/04\/BULMAT-Industrial-One-SizeArtboard-35.png\",\"width\":945,\"height\":72,\"caption\":\"\u0414\u0432\u0443\u043a\u043e\u043c\u043f\u043e\u043d\u0435\u043d\u0442\u043d\u043e \u0435\u043f\u043e\u043a\u0441\u0438\u0434\u043d\u043e \u043f\u043e\u043a\u0440\u0438\u0442\u0438\u0435, \u043e\u0441\u0438\u0433\u0443\u0440\u044f\u0432\u0430\u0449o \u043e\u0442\u043b\u0438\u0447\u043d\u0430 \u0437\u0430\u0449\u0438\u0442\u0430 \u0437\u0430 \u043c\u0435\u0442\u0430\u043b\u043d\u0438, \u0431\u0435\u0442\u043e\u043d\u043d\u0438 \u0438 \u0434\u0440\u0443\u0433\u0438 \u043c\u0438\u043d\u0435\u0440\u0430\u043b\u043d\u0438 \u043f\u043e\u0432\u044a\u0440\u0445\u043d\u043e\u0441\u0442\u0438 \u043e\u0442 \u043a\u043e\u0440\u043e\u0437\u0438\u044f \u0438 \u0433\u043e\u043b\u0435\u043c\u0438 \u0445\u0438\u043c\u0438\u0447\u0435\u0441\u043a\u0438 \u043d\u0430\u0442\u043e\u0432\u0430\u0440\u0432\u0430\u043d\u0438\u044f.\"},{\"@type\":\"BreadcrumbList\",\"@id\":\"https:\/\/bulbiochem.bg\/product\/e-guard-i-ep-171-epoksiden-emaillak-bulmat\/#breadcrumb\",\"itemListElement\":[{\"@type\":\"ListItem\",\"position\":1,\"name\":\"Home\",\"item\":\"https:\/\/bulbiochem.bg\/\"},{\"@type\":\"ListItem\",\"position\":2,\"name\":\"\u041f\u0440\u043e\u0434\u0443\u043a\u0442\u0438\",\"item\":\"https:\/\/bulbiochem.bg\/products\/\"},{\"@type\":\"ListItem\",\"position\":3,\"name\":\"E-Guard I EP-171\"}]},{\"@type\":\"WebSite\",\"@id\":\"https:\/\/bulbiochem.bg\/#website\",\"url\":\"https:\/\/bulbiochem.bg\/\",\"name\":\"\u0411\u0443\u043b\u043c\u0430\u0442\",\"description\":\"\u0411\u0443\u043b\u0431\u0438\u043e\u043a\u0435\u043c \u0415\u041e\u041e\u0414.\",\"publisher\":{\"@id\":\"https:\/\/bulbiochem.bg\/#organization\"},\"potentialAction\":[{\"@type\":\"SearchAction\",\"target\":{\"@type\":\"EntryPoint\",\"urlTemplate\":\"https:\/\/bulbiochem.bg\/?s={search_term_string}\"},\"query-input\":{\"@type\":\"PropertyValueSpecification\",\"valueRequired\":true,\"valueName\":\"search_term_string\"}}],\"inLanguage\":\"ro-RO\"},{\"@type\":\"Organization\",\"@id\":\"https:\/\/bulbiochem.bg\/#organization\",\"name\":\"\u0411\u0443\u043b\u043c\u0430\u0442\",\"url\":\"https:\/\/bulbiochem.bg\/\",\"logo\":{\"@type\":\"ImageObject\",\"inLanguage\":\"ro-RO\",\"@id\":\"https:\/\/bulbiochem.bg\/#\/schema\/logo\/image\/\",\"url\":\"https:\/\/bulbiochem.bg\/wp-content\/uploads\/2025\/01\/logo-bulmat-1.png\",\"contentUrl\":\"https:\/\/bulbiochem.bg\/wp-content\/uploads\/2025\/01\/logo-bulmat-1.png\",\"width\":1211,\"height\":268,\"caption\":\"\u0411\u0443\u043b\u043c\u0430\u0442\"},\"image\":{\"@id\":\"https:\/\/bulbiochem.bg\/#\/schema\/logo\/image\/\"}}]}<\/script>\n<!-- \/ Yoast SEO plugin. -->","yoast_head_json":{"title":"E-Guard I EP-171 - Bulmat","description":"Email epoxidic bicomponent care asigur\u0103 o protec\u021bie excelent\u0103 a suprafe\u021belor metalice, cele de\nbeton \u0219i minerale \u00eempotriva coroziunii \u0219i a solicit\u0103rilor chimice mari.","robots":{"index":"index","follow":"follow","max-snippet":"max-snippet:-1","max-image-preview":"max-image-preview:large","max-video-preview":"max-video-preview:-1"},"canonical":"https:\/\/bulbiochem.bg\/ro\/produs\/e-guard-i-ep-171-email-epoxidic-bulmat\/","og_locale":"ro_RO","og_type":"article","og_title":"E-Guard I EP-171 - \u0411\u0443\u043b\u043c\u0430\u0442","og_description":"\u0414\u0432\u0443\u043a\u043e\u043c\u043f\u043e\u043d\u0435\u043d\u0442\u043d\u043e \u0435\u043f\u043e\u043a\u0441\u0438\u0434\u043d\u043e \u043f\u043e\u043a\u0440\u0438\u0442\u0438\u0435, \u043e\u0441\u0438\u0433\u0443\u0440\u044f\u0432\u0430\u0449o \u043e\u0442\u043b\u0438\u0447\u043d\u0430 \u0437\u0430\u0449\u0438\u0442\u0430 \u0437\u0430 \u043c\u0435\u0442\u0430\u043b\u043d\u0438, \u0431\u0435\u0442\u043e\u043d\u043d\u0438 \u0438 \u0434\u0440\u0443\u0433\u0438 \u043c\u0438\u043d\u0435\u0440\u0430\u043b\u043d\u0438 \u043f\u043e\u0432\u044a\u0440\u0445\u043d\u043e\u0441\u0442\u0438 \u043e\u0442 \u043a\u043e\u0440\u043e\u0437\u0438\u044f \u0438 \u0433\u043e\u043b\u0435\u043c\u0438 \u0445\u0438\u043c\u0438\u0447\u0435\u0441\u043a\u0438 \u043d\u0430\u0442\u043e\u0432\u0430\u0440\u0432\u0430\u043d\u0438\u044f.","og_url":"https:\/\/bulbiochem.bg\/ro\/produs\/e-guard-i-ep-171-email-epoxidic-bulmat\/","og_site_name":"\u0411\u0443\u043b\u043c\u0430\u0442","article_modified_time":"2025-04-14T13:33:00+00:00","og_image":[{"width":945,"height":72,"url":"https:\/\/bulbiochem.bg\/wp-content\/uploads\/2025\/04\/BULMAT-Industrial-One-SizeArtboard-35.png","type":"image\/png"}],"twitter_card":"summary_large_image","twitter_misc":{"Est. reading time":"1 minut"},"schema":{"@context":"https:\/\/schema.org","@graph":[{"@type":"WebPage","@id":"https:\/\/bulbiochem.bg\/product\/e-guard-i-ep-171-epoksiden-emaillak-bulmat\/","url":"https:\/\/bulbiochem.bg\/product\/e-guard-i-ep-171-epoksiden-emaillak-bulmat\/","name":"E-Guard I EP-171 - Bulmat","isPartOf":{"@id":"https:\/\/bulbiochem.bg\/#website"},"primaryImageOfPage":{"@id":"https:\/\/bulbiochem.bg\/product\/e-guard-i-ep-171-epoksiden-emaillak-bulmat\/#primaryimage"},"image":{"@id":"https:\/\/bulbiochem.bg\/product\/e-guard-i-ep-171-epoksiden-emaillak-bulmat\/#primaryimage"},"thumbnailUrl":"https:\/\/bulbiochem.bg\/wp-content\/uploads\/2025\/04\/BULMAT-Industrial-One-SizeArtboard-35.png","datePublished":"2025-04-14T12:58:10+00:00","dateModified":"2025-04-14T13:33:00+00:00","description":"Email epoxidic bicomponent care asigur\u0103 o protec\u021bie excelent\u0103 a suprafe\u021belor metalice, cele de\nbeton \u0219i minerale \u00eempotriva coroziunii \u0219i a solicit\u0103rilor chimice mari.","breadcrumb":{"@id":"https:\/\/bulbiochem.bg\/product\/e-guard-i-ep-171-epoksiden-emaillak-bulmat\/#breadcrumb"},"inLanguage":"ro-RO","potentialAction":[{"@type":"ReadAction","target":["https:\/\/bulbiochem.bg\/product\/e-guard-i-ep-171-epoksiden-emaillak-bulmat\/"]}]},{"@type":"ImageObject","inLanguage":"ro-RO","@id":"https:\/\/bulbiochem.bg\/product\/e-guard-i-ep-171-epoksiden-emaillak-bulmat\/#primaryimage","url":"https:\/\/bulbiochem.bg\/wp-content\/uploads\/2025\/04\/BULMAT-Industrial-One-SizeArtboard-35.png","contentUrl":"https:\/\/bulbiochem.bg\/wp-content\/uploads\/2025\/04\/BULMAT-Industrial-One-SizeArtboard-35.png","width":945,"height":72,"caption":"\u0414\u0432\u0443\u043a\u043e\u043c\u043f\u043e\u043d\u0435\u043d\u0442\u043d\u043e \u0435\u043f\u043e\u043a\u0441\u0438\u0434\u043d\u043e \u043f\u043e\u043a\u0440\u0438\u0442\u0438\u0435, \u043e\u0441\u0438\u0433\u0443\u0440\u044f\u0432\u0430\u0449o \u043e\u0442\u043b\u0438\u0447\u043d\u0430 \u0437\u0430\u0449\u0438\u0442\u0430 \u0437\u0430 \u043c\u0435\u0442\u0430\u043b\u043d\u0438, \u0431\u0435\u0442\u043e\u043d\u043d\u0438 \u0438 \u0434\u0440\u0443\u0433\u0438 \u043c\u0438\u043d\u0435\u0440\u0430\u043b\u043d\u0438 \u043f\u043e\u0432\u044a\u0440\u0445\u043d\u043e\u0441\u0442\u0438 \u043e\u0442 \u043a\u043e\u0440\u043e\u0437\u0438\u044f \u0438 \u0433\u043e\u043b\u0435\u043c\u0438 \u0445\u0438\u043c\u0438\u0447\u0435\u0441\u043a\u0438 \u043d\u0430\u0442\u043e\u0432\u0430\u0440\u0432\u0430\u043d\u0438\u044f."},{"@type":"BreadcrumbList","@id":"https:\/\/bulbiochem.bg\/product\/e-guard-i-ep-171-epoksiden-emaillak-bulmat\/#breadcrumb","itemListElement":[{"@type":"ListItem","position":1,"name":"Home","item":"https:\/\/bulbiochem.bg\/"},{"@type":"ListItem","position":2,"name":"\u041f\u0440\u043e\u0434\u0443\u043a\u0442\u0438","item":"https:\/\/bulbiochem.bg\/products\/"},{"@type":"ListItem","position":3,"name":"E-Guard I EP-171"}]},{"@type":"WebSite","@id":"https:\/\/bulbiochem.bg\/#website","url":"https:\/\/bulbiochem.bg\/","name":"Bulmat","description":"\u0411\u0443\u043b\u0431\u0438\u043e\u043a\u0435\u043c \u0415\u041e\u041e\u0414.","publisher":{"@id":"https:\/\/bulbiochem.bg\/#organization"},"potentialAction":[{"@type":"SearchAction","target":{"@type":"EntryPoint","urlTemplate":"https:\/\/bulbiochem.bg\/?s={search_term_string}"},"query-input":{"@type":"PropertyValueSpecification","valueRequired":true,"valueName":"search_term_string"}}],"inLanguage":"ro-RO"},{"@type":"Organization","@id":"https:\/\/bulbiochem.bg\/#organization","name":"Bulmat","url":"https:\/\/bulbiochem.bg\/","logo":{"@type":"ImageObject","inLanguage":"ro-RO","@id":"https:\/\/bulbiochem.bg\/#\/schema\/logo\/image\/","url":"https:\/\/bulbiochem.bg\/wp-content\/uploads\/2025\/01\/logo-bulmat-1.png","contentUrl":"https:\/\/bulbiochem.bg\/wp-content\/uploads\/2025\/01\/logo-bulmat-1.png","width":1211,"height":268,"caption":"\u0411\u0443\u043b\u043c\u0430\u0442"},"image":{"@id":"https:\/\/bulbiochem.bg\/#\/schema\/logo\/image\/"}}]}},"_links":{"self":[{"href":"https:\/\/bulbiochem.bg\/ro\/wp-json\/wp\/v2\/product\/6798","targetHints":{"allow":["GET"]}}],"collection":[{"href":"https:\/\/bulbiochem.bg\/ro\/wp-json\/wp\/v2\/product"}],"about":[{"href":"https:\/\/bulbiochem.bg\/ro\/wp-json\/wp\/v2\/types\/product"}],"wp:featuredmedia":[{"embeddable":true,"href":"https:\/\/bulbiochem.bg\/ro\/wp-json\/wp\/v2\/media\/6799"}],"wp:attachment":[{"href":"https:\/\/bulbiochem.bg\/ro\/wp-json\/wp\/v2\/media?parent=6798"}],"wp:term":[{"taxonomy":"product_cat","embeddable":true,"href":"https:\/\/bulbiochem.bg\/ro\/wp-json\/wp\/v2\/product_cat?post=6798"},{"taxonomy":"product_tag","embeddable":true,"href":"https:\/\/bulbiochem.bg\/ro\/wp-json\/wp\/v2\/product_tag?post=6798"}],"curies":[{"name":"wp","href":"https:\/\/api.w.org\/{rel}","templated":true}]}}