{"id":6818,"date":"2025-04-15T12:41:37","date_gmt":"2025-04-15T12:41:37","guid":{"rendered":"https:\/\/bulbiochem.bg\/?post_type=product&#038;p=6818"},"modified":"2025-04-15T13:15:19","modified_gmt":"2025-04-15T13:15:19","slug":"silicon-thermo-i-nt-600-lac-siliconic-termorezistent-bulmat","status":"publish","type":"product","link":"https:\/\/bulbiochem.bg\/ro\/produs\/silicon-thermo-i-nt-600-lac-siliconic-termorezistent-bulmat\/","title":{"rendered":"Silicon Thermo I NT-600"},"content":{"rendered":"<p>\u2022 Rezisten\u021b\u0103 la temperaturi ridicate;<br \/>\n\u2022 Formeaz\u0103 o pelicul\u0103 hidrofob\u0103;<br \/>\n\u2022 Protec\u021bie anticoroziv\u0103 ridicat\u0103 (C4) la grosimi mici;<br \/>\n\u2022 Rezisten\u021b\u0103 la scurgere \u00een timpul aplic\u0103rii.<\/p>","protected":false},"excerpt":{"rendered":"<p>Email modificat rezistent la c\u0103ldur\u0103 pentru suprafe\u021be metalice.<\/p>","protected":false},"featured_media":6819,"template":"","meta":[],"product_cat":[76],"product_tag":[],"class_list":{"0":"post-6818","1":"product","2":"type-product","3":"status-publish","4":"has-post-thumbnail","6":"product_cat-76","8":"first","9":"instock","10":"shipping-taxable","11":"product-type-simple"},"yoast_head":"<!-- This site is optimized with the Yoast SEO plugin v24.3 - https:\/\/yoast.com\/wordpress\/plugins\/seo\/ -->\n<title>Silicon Thermo I NT-600 - \u0411\u0443\u043b\u043c\u0430\u0442<\/title>\n<meta name=\"description\" content=\"\u041c\u043e\u0434\u0438\u0444\u0438\u0446\u0438\u0440\u0430\u043d \u0442\u043e\u043f\u043b\u043e\u0443\u0441\u0442\u043e\u0439\u0447\u0438\u0432 \u0435\u043c\u0430\u0439\u043b\u043b\u0430\u043a \u0437\u0430 \u043c\u0435\u0442\u0430\u043b\u043d\u0438 \u043f\u043e\u0432\u044a\u0440\u0445\u043d\u043e\u0441\u0442\u0438.\" \/>\n<meta name=\"robots\" content=\"index, follow, max-snippet:-1, max-image-preview:large, max-video-preview:-1\" \/>\n<link rel=\"canonical\" href=\"https:\/\/bulbiochem.bg\/ro\/produs\/silicon-thermo-i-nt-600-lac-siliconic-termorezistent-bulmat\/\" \/>\n<meta property=\"og:locale\" content=\"ro_RO\" \/>\n<meta property=\"og:type\" content=\"article\" \/>\n<meta property=\"og:title\" content=\"Silicon Thermo I NT-600 - \u0411\u0443\u043b\u043c\u0430\u0442\" \/>\n<meta property=\"og:description\" content=\"\u041c\u043e\u0434\u0438\u0444\u0438\u0446\u0438\u0440\u0430\u043d \u0442\u043e\u043f\u043b\u043e\u0443\u0441\u0442\u043e\u0439\u0447\u0438\u0432 \u0435\u043c\u0430\u0439\u043b\u043b\u0430\u043a \u0437\u0430 \u043c\u0435\u0442\u0430\u043b\u043d\u0438 \u043f\u043e\u0432\u044a\u0440\u0445\u043d\u043e\u0441\u0442\u0438.\" \/>\n<meta property=\"og:url\" content=\"https:\/\/bulbiochem.bg\/ro\/produs\/silicon-thermo-i-nt-600-lac-siliconic-termorezistent-bulmat\/\" \/>\n<meta property=\"og:site_name\" content=\"\u0411\u0443\u043b\u043c\u0430\u0442\" \/>\n<meta property=\"article:modified_time\" content=\"2025-04-15T13:15:19+00:00\" \/>\n<meta property=\"og:image\" content=\"https:\/\/bulbiochem.bg\/wp-content\/uploads\/2025\/04\/BULMAT-Industrial-One-SizeArtboard-51.png\" \/>\n\t<meta property=\"og:image:width\" content=\"945\" \/>\n\t<meta property=\"og:image:height\" content=\"72\" \/>\n\t<meta property=\"og:image:type\" content=\"image\/png\" \/>\n<meta name=\"twitter:card\" content=\"summary_large_image\" \/>\n<meta name=\"twitter:label1\" content=\"Est. reading time\" \/>\n\t<meta name=\"twitter:data1\" content=\"1 minut\" \/>\n<script type=\"application\/ld+json\" class=\"yoast-schema-graph\">{\"@context\":\"https:\/\/schema.org\",\"@graph\":[{\"@type\":\"WebPage\",\"@id\":\"https:\/\/bulbiochem.bg\/product\/silicon-thermo-i-nt-600-silikonov-termolak-bulmat\/\",\"url\":\"https:\/\/bulbiochem.bg\/product\/silicon-thermo-i-nt-600-silikonov-termolak-bulmat\/\",\"name\":\"Silicon Thermo I NT-600 - \u0411\u0443\u043b\u043c\u0430\u0442\",\"isPartOf\":{\"@id\":\"https:\/\/bulbiochem.bg\/#website\"},\"primaryImageOfPage\":{\"@id\":\"https:\/\/bulbiochem.bg\/product\/silicon-thermo-i-nt-600-silikonov-termolak-bulmat\/#primaryimage\"},\"image\":{\"@id\":\"https:\/\/bulbiochem.bg\/product\/silicon-thermo-i-nt-600-silikonov-termolak-bulmat\/#primaryimage\"},\"thumbnailUrl\":\"https:\/\/bulbiochem.bg\/wp-content\/uploads\/2025\/04\/BULMAT-Industrial-One-SizeArtboard-51.png\",\"datePublished\":\"2025-04-15T12:41:37+00:00\",\"dateModified\":\"2025-04-15T13:15:19+00:00\",\"description\":\"\u041c\u043e\u0434\u0438\u0444\u0438\u0446\u0438\u0440\u0430\u043d \u0442\u043e\u043f\u043b\u043e\u0443\u0441\u0442\u043e\u0439\u0447\u0438\u0432 \u0435\u043c\u0430\u0439\u043b\u043b\u0430\u043a \u0437\u0430 \u043c\u0435\u0442\u0430\u043b\u043d\u0438 \u043f\u043e\u0432\u044a\u0440\u0445\u043d\u043e\u0441\u0442\u0438.\",\"breadcrumb\":{\"@id\":\"https:\/\/bulbiochem.bg\/product\/silicon-thermo-i-nt-600-silikonov-termolak-bulmat\/#breadcrumb\"},\"inLanguage\":\"ro-RO\",\"potentialAction\":[{\"@type\":\"ReadAction\",\"target\":[\"https:\/\/bulbiochem.bg\/product\/silicon-thermo-i-nt-600-silikonov-termolak-bulmat\/\"]}]},{\"@type\":\"ImageObject\",\"inLanguage\":\"ro-RO\",\"@id\":\"https:\/\/bulbiochem.bg\/product\/silicon-thermo-i-nt-600-silikonov-termolak-bulmat\/#primaryimage\",\"url\":\"https:\/\/bulbiochem.bg\/wp-content\/uploads\/2025\/04\/BULMAT-Industrial-One-SizeArtboard-51.png\",\"contentUrl\":\"https:\/\/bulbiochem.bg\/wp-content\/uploads\/2025\/04\/BULMAT-Industrial-One-SizeArtboard-51.png\",\"width\":945,\"height\":72,\"caption\":\"\u041c\u043e\u0434\u0438\u0444\u0438\u0446\u0438\u0440\u0430\u043d \u0442\u043e\u043f\u043b\u043e\u0443\u0441\u0442\u043e\u0439\u0447\u0438\u0432 \u0435\u043c\u0430\u0439\u043b\u043b\u0430\u043a \u0437\u0430 \u043c\u0435\u0442\u0430\u043b\u043d\u0438 \u043f\u043e\u0432\u044a\u0440\u0445\u043d\u043e\u0441\u0442\u0438.\"},{\"@type\":\"BreadcrumbList\",\"@id\":\"https:\/\/bulbiochem.bg\/product\/silicon-thermo-i-nt-600-silikonov-termolak-bulmat\/#breadcrumb\",\"itemListElement\":[{\"@type\":\"ListItem\",\"position\":1,\"name\":\"Home\",\"item\":\"https:\/\/bulbiochem.bg\/\"},{\"@type\":\"ListItem\",\"position\":2,\"name\":\"\u041f\u0440\u043e\u0434\u0443\u043a\u0442\u0438\",\"item\":\"https:\/\/bulbiochem.bg\/products\/\"},{\"@type\":\"ListItem\",\"position\":3,\"name\":\"Silicon Thermo I NT-600\"}]},{\"@type\":\"WebSite\",\"@id\":\"https:\/\/bulbiochem.bg\/#website\",\"url\":\"https:\/\/bulbiochem.bg\/\",\"name\":\"\u0411\u0443\u043b\u043c\u0430\u0442\",\"description\":\"\u0411\u0443\u043b\u0431\u0438\u043e\u043a\u0435\u043c \u0415\u041e\u041e\u0414.\",\"publisher\":{\"@id\":\"https:\/\/bulbiochem.bg\/#organization\"},\"potentialAction\":[{\"@type\":\"SearchAction\",\"target\":{\"@type\":\"EntryPoint\",\"urlTemplate\":\"https:\/\/bulbiochem.bg\/?s={search_term_string}\"},\"query-input\":{\"@type\":\"PropertyValueSpecification\",\"valueRequired\":true,\"valueName\":\"search_term_string\"}}],\"inLanguage\":\"ro-RO\"},{\"@type\":\"Organization\",\"@id\":\"https:\/\/bulbiochem.bg\/#organization\",\"name\":\"\u0411\u0443\u043b\u043c\u0430\u0442\",\"url\":\"https:\/\/bulbiochem.bg\/\",\"logo\":{\"@type\":\"ImageObject\",\"inLanguage\":\"ro-RO\",\"@id\":\"https:\/\/bulbiochem.bg\/#\/schema\/logo\/image\/\",\"url\":\"https:\/\/bulbiochem.bg\/wp-content\/uploads\/2025\/01\/logo-bulmat-1.png\",\"contentUrl\":\"https:\/\/bulbiochem.bg\/wp-content\/uploads\/2025\/01\/logo-bulmat-1.png\",\"width\":1211,\"height\":268,\"caption\":\"\u0411\u0443\u043b\u043c\u0430\u0442\"},\"image\":{\"@id\":\"https:\/\/bulbiochem.bg\/#\/schema\/logo\/image\/\"}}]}<\/script>\n<!-- \/ Yoast SEO plugin. -->","yoast_head_json":{"title":"Silicon Thermo I NT-600 - Bulmat","description":"Email modificat rezistent la c\u0103ldur\u0103 pentru suprafe\u021be metalice.","robots":{"index":"index","follow":"follow","max-snippet":"max-snippet:-1","max-image-preview":"max-image-preview:large","max-video-preview":"max-video-preview:-1"},"canonical":"https:\/\/bulbiochem.bg\/ro\/produs\/silicon-thermo-i-nt-600-lac-siliconic-termorezistent-bulmat\/","og_locale":"ro_RO","og_type":"article","og_title":"Silicon Thermo I NT-600 - \u0411\u0443\u043b\u043c\u0430\u0442","og_description":"\u041c\u043e\u0434\u0438\u0444\u0438\u0446\u0438\u0440\u0430\u043d \u0442\u043e\u043f\u043b\u043e\u0443\u0441\u0442\u043e\u0439\u0447\u0438\u0432 \u0435\u043c\u0430\u0439\u043b\u043b\u0430\u043a \u0437\u0430 \u043c\u0435\u0442\u0430\u043b\u043d\u0438 \u043f\u043e\u0432\u044a\u0440\u0445\u043d\u043e\u0441\u0442\u0438.","og_url":"https:\/\/bulbiochem.bg\/ro\/produs\/silicon-thermo-i-nt-600-lac-siliconic-termorezistent-bulmat\/","og_site_name":"\u0411\u0443\u043b\u043c\u0430\u0442","article_modified_time":"2025-04-15T13:15:19+00:00","og_image":[{"width":945,"height":72,"url":"https:\/\/bulbiochem.bg\/wp-content\/uploads\/2025\/04\/BULMAT-Industrial-One-SizeArtboard-51.png","type":"image\/png"}],"twitter_card":"summary_large_image","twitter_misc":{"Est. reading time":"1 minut"},"schema":{"@context":"https:\/\/schema.org","@graph":[{"@type":"WebPage","@id":"https:\/\/bulbiochem.bg\/product\/silicon-thermo-i-nt-600-silikonov-termolak-bulmat\/","url":"https:\/\/bulbiochem.bg\/product\/silicon-thermo-i-nt-600-silikonov-termolak-bulmat\/","name":"Silicon Thermo I NT-600 - Bulmat","isPartOf":{"@id":"https:\/\/bulbiochem.bg\/#website"},"primaryImageOfPage":{"@id":"https:\/\/bulbiochem.bg\/product\/silicon-thermo-i-nt-600-silikonov-termolak-bulmat\/#primaryimage"},"image":{"@id":"https:\/\/bulbiochem.bg\/product\/silicon-thermo-i-nt-600-silikonov-termolak-bulmat\/#primaryimage"},"thumbnailUrl":"https:\/\/bulbiochem.bg\/wp-content\/uploads\/2025\/04\/BULMAT-Industrial-One-SizeArtboard-51.png","datePublished":"2025-04-15T12:41:37+00:00","dateModified":"2025-04-15T13:15:19+00:00","description":"Email modificat rezistent la c\u0103ldur\u0103 pentru suprafe\u021be metalice.","breadcrumb":{"@id":"https:\/\/bulbiochem.bg\/product\/silicon-thermo-i-nt-600-silikonov-termolak-bulmat\/#breadcrumb"},"inLanguage":"ro-RO","potentialAction":[{"@type":"ReadAction","target":["https:\/\/bulbiochem.bg\/product\/silicon-thermo-i-nt-600-silikonov-termolak-bulmat\/"]}]},{"@type":"ImageObject","inLanguage":"ro-RO","@id":"https:\/\/bulbiochem.bg\/product\/silicon-thermo-i-nt-600-silikonov-termolak-bulmat\/#primaryimage","url":"https:\/\/bulbiochem.bg\/wp-content\/uploads\/2025\/04\/BULMAT-Industrial-One-SizeArtboard-51.png","contentUrl":"https:\/\/bulbiochem.bg\/wp-content\/uploads\/2025\/04\/BULMAT-Industrial-One-SizeArtboard-51.png","width":945,"height":72,"caption":"\u041c\u043e\u0434\u0438\u0444\u0438\u0446\u0438\u0440\u0430\u043d \u0442\u043e\u043f\u043b\u043e\u0443\u0441\u0442\u043e\u0439\u0447\u0438\u0432 \u0435\u043c\u0430\u0439\u043b\u043b\u0430\u043a \u0437\u0430 \u043c\u0435\u0442\u0430\u043b\u043d\u0438 \u043f\u043e\u0432\u044a\u0440\u0445\u043d\u043e\u0441\u0442\u0438."},{"@type":"BreadcrumbList","@id":"https:\/\/bulbiochem.bg\/product\/silicon-thermo-i-nt-600-silikonov-termolak-bulmat\/#breadcrumb","itemListElement":[{"@type":"ListItem","position":1,"name":"Home","item":"https:\/\/bulbiochem.bg\/"},{"@type":"ListItem","position":2,"name":"\u041f\u0440\u043e\u0434\u0443\u043a\u0442\u0438","item":"https:\/\/bulbiochem.bg\/products\/"},{"@type":"ListItem","position":3,"name":"Silicon Thermo I NT-600"}]},{"@type":"WebSite","@id":"https:\/\/bulbiochem.bg\/#website","url":"https:\/\/bulbiochem.bg\/","name":"Bulmat","description":"\u0411\u0443\u043b\u0431\u0438\u043e\u043a\u0435\u043c \u0415\u041e\u041e\u0414.","publisher":{"@id":"https:\/\/bulbiochem.bg\/#organization"},"potentialAction":[{"@type":"SearchAction","target":{"@type":"EntryPoint","urlTemplate":"https:\/\/bulbiochem.bg\/?s={search_term_string}"},"query-input":{"@type":"PropertyValueSpecification","valueRequired":true,"valueName":"search_term_string"}}],"inLanguage":"ro-RO"},{"@type":"Organization","@id":"https:\/\/bulbiochem.bg\/#organization","name":"Bulmat","url":"https:\/\/bulbiochem.bg\/","logo":{"@type":"ImageObject","inLanguage":"ro-RO","@id":"https:\/\/bulbiochem.bg\/#\/schema\/logo\/image\/","url":"https:\/\/bulbiochem.bg\/wp-content\/uploads\/2025\/01\/logo-bulmat-1.png","contentUrl":"https:\/\/bulbiochem.bg\/wp-content\/uploads\/2025\/01\/logo-bulmat-1.png","width":1211,"height":268,"caption":"\u0411\u0443\u043b\u043c\u0430\u0442"},"image":{"@id":"https:\/\/bulbiochem.bg\/#\/schema\/logo\/image\/"}}]}},"_links":{"self":[{"href":"https:\/\/bulbiochem.bg\/ro\/wp-json\/wp\/v2\/product\/6818","targetHints":{"allow":["GET"]}}],"collection":[{"href":"https:\/\/bulbiochem.bg\/ro\/wp-json\/wp\/v2\/product"}],"about":[{"href":"https:\/\/bulbiochem.bg\/ro\/wp-json\/wp\/v2\/types\/product"}],"wp:featuredmedia":[{"embeddable":true,"href":"https:\/\/bulbiochem.bg\/ro\/wp-json\/wp\/v2\/media\/6819"}],"wp:attachment":[{"href":"https:\/\/bulbiochem.bg\/ro\/wp-json\/wp\/v2\/media?parent=6818"}],"wp:term":[{"taxonomy":"product_cat","embeddable":true,"href":"https:\/\/bulbiochem.bg\/ro\/wp-json\/wp\/v2\/product_cat?post=6818"},{"taxonomy":"product_tag","embeddable":true,"href":"https:\/\/bulbiochem.bg\/ro\/wp-json\/wp\/v2\/product_tag?post=6818"}],"curies":[{"name":"wp","href":"https:\/\/api.w.org\/{rel}","templated":true}]}}