{"id":6886,"date":"2025-05-31T13:04:51","date_gmt":"2025-05-31T13:04:51","guid":{"rendered":"https:\/\/bulbiochem.bg\/?post_type=product&#038;p=6886"},"modified":"2025-09-18T12:37:22","modified_gmt":"2025-09-18T12:37:22","slug":"msk-rapid-grund-fara-degresare","status":"publish","type":"product","link":"https:\/\/bulbiochem.bg\/ro\/produs\/msk-rapid-grund-fara-degresare\/","title":{"rendered":"MSK Rapid"},"content":{"rendered":"<p>\u2022 Elimin\u0103 necesitatea de degresare;<br \/>\n\u2022 Aderen\u021b\u0103 excelent\u0103 la metale feroase;<br \/>\n\u2022 Rezisten\u021ba termic\u0103 a peliculei p\u00e2n\u0103 la 105\u00b0C;<br \/>\n\u2022 Posibilitate de a lucra la temperaturi foarte sc\u0103zute (p\u00e2n\u0103 la \u201210\u00b0\u0421);<br \/>\n\u2022 Produs cu uscare rapid\u0103 cu o \u00eent\u0103rire ini\u021bial\u0103 ridicat\u0103;<br \/>\n\u2022 Compatibilitate cu diverse solu\u021bii de finisaj pe baz\u0103 organic\u0103;<br \/>\n\u2022 Capacitatea de a aplica grosimi mari f\u0103r\u0103 scurgere \u2012 p\u00e2n\u0103 la 120 \u03bcm pelicul\u0103 uscat\u0103;<br \/>\n\u2022 Elasticitate ridicat\u0103 \u0219i rezisten\u021b\u0103 la dilatare liniar\u0103;<br \/>\n\u2022 Ofer\u0103 o aderen\u021b\u0103 \u0219i fixare excelente tuturor tipurilor de straturi ignifuge.<\/p>","protected":false},"excerpt":{"rendered":"<p>Grund monocomponent cu uscare rapid\u0103, cu con\u021binut ridicat de fosfat de zinc \u0219i aditivi anticorosivi\nactivi, potrivit pentru suprafe\u021be metalice nedegresate.<\/p>","protected":false},"featured_media":6906,"template":"","meta":[],"product_cat":[76],"product_tag":[66,69,65],"class_list":{"0":"post-6886","1":"product","2":"type-product","3":"status-publish","4":"has-post-thumbnail","6":"product_cat-76","7":"product_tag-66","8":"product_tag-69","9":"product_tag-65","11":"first","12":"instock","13":"shipping-taxable","14":"product-type-simple"},"yoast_head":"<!-- This site is optimized with the Yoast SEO plugin v24.3 - https:\/\/yoast.com\/wordpress\/plugins\/seo\/ -->\n<title>MSK Rapid - \u0411\u0443\u043b\u043c\u0430\u0442<\/title>\n<meta name=\"description\" content=\"\u0415\u043b\u0438\u043c\u0438\u043d\u0438\u0440\u0430 \u043f\u0440\u043e\u0431\u043b\u0435\u043c\u0430 \u0441 \u043d\u0435\u0435\u0444\u0435\u043a\u0442\u0438\u0432\u043d\u043e\u0442\u043e \u0440\u044a\u0447\u043d\u043e \u043e\u0431\u0435\u0437\u043c\u0430\u0441\u043b\u044f\u0432\u0430\u043d\u0435 (\u043d\u0438\u0441\u043a\u0430 \u0441\u043a\u043e\u0440\u043e\u0441\u0442 \u043d\u0430 \u0438\u0437\u043f\u044a\u043b\u043d\u0435\u043d\u0438\u0435\u0438 \u043d\u0435\u0440\u0430\u0432\u043d\u043e\u043c\u0435\u0440\u043d\u043e \u043e\u0431\u0435\u0437\u043c\u0430\u0441\u043b\u044f\u0432\u0430\u043d\u0435 \u043d\u0430 \u0440\u0430\u0437\u043b\u0438\u0447\u043d\u0438\u0442\u0435 \u0447\u0430\u0441\u0442\u0438 \u043d\u0430 \u043f\u043e\u0432\u044a\u0440\u0445\u043d\u043e\u0441\u0442\u0442\u0430 \u043d\u0430 \u0438\u0437\u0434\u0435\u043b\u0438\u044f\u0442\u0430), \u0440\u0430\u0431\u043e\u0442\u0430\u0442\u0430 \u0441\u0442\u043e\u043a\u0441\u0438\u0447\u043d\u0438 \u043e\u0431\u0435\u0437\u043c\u0430\u0441\u043b\u0438\u0442\u0435\u043b\u0438 \u0438 \u0445\u0438\u043c\u0438\u043a\u0430\u043b\u0438, \u043d\u0443\u0436\u0434\u0430\u0442\u0430 \u043e\u0442 \u0434\u043e\u043f\u044a\u043b\u043d\u0438\u0442\u0435\u043b\u043d\u0438 \u0432\u0430\u043d\u0438 \u0438 \u043e\u0431\u043e\u0440\u0443\u0434\u0432\u0430\u043d\u0435 \u0437\u0430 \u043f\u043e\u0442\u0430\u043f\u044f\u043d\u0435 \u043f\u0440\u0438\u0432\u043e\u0434\u043e\u0440\u0430\u0437\u0440\u0435\u0434\u0438\u043c\u0438\u0442\u0435 \u043e\u0431\u0435\u0437\u043c\u0430\u0441\u043b\u0438\u0442\u0435\u043b\u0438\" \/>\n<meta name=\"robots\" content=\"index, follow, max-snippet:-1, max-image-preview:large, max-video-preview:-1\" \/>\n<link rel=\"canonical\" href=\"https:\/\/bulbiochem.bg\/ro\/produs\/msk-rapid-grund-fara-degresare\/\" \/>\n<meta property=\"og:locale\" content=\"ro_RO\" \/>\n<meta property=\"og:type\" content=\"article\" \/>\n<meta property=\"og:title\" content=\"MSK Rapid - \u0411\u0443\u043b\u043c\u0430\u0442\" \/>\n<meta property=\"og:description\" content=\"\u0415\u043b\u0438\u043c\u0438\u043d\u0438\u0440\u0430 \u043f\u0440\u043e\u0431\u043b\u0435\u043c\u0430 \u0441 \u043d\u0435\u0435\u0444\u0435\u043a\u0442\u0438\u0432\u043d\u043e\u0442\u043e \u0440\u044a\u0447\u043d\u043e \u043e\u0431\u0435\u0437\u043c\u0430\u0441\u043b\u044f\u0432\u0430\u043d\u0435 (\u043d\u0438\u0441\u043a\u0430 \u0441\u043a\u043e\u0440\u043e\u0441\u0442 \u043d\u0430 \u0438\u0437\u043f\u044a\u043b\u043d\u0435\u043d\u0438\u0435\u0438 \u043d\u0435\u0440\u0430\u0432\u043d\u043e\u043c\u0435\u0440\u043d\u043e \u043e\u0431\u0435\u0437\u043c\u0430\u0441\u043b\u044f\u0432\u0430\u043d\u0435 \u043d\u0430 \u0440\u0430\u0437\u043b\u0438\u0447\u043d\u0438\u0442\u0435 \u0447\u0430\u0441\u0442\u0438 \u043d\u0430 \u043f\u043e\u0432\u044a\u0440\u0445\u043d\u043e\u0441\u0442\u0442\u0430 \u043d\u0430 \u0438\u0437\u0434\u0435\u043b\u0438\u044f\u0442\u0430), \u0440\u0430\u0431\u043e\u0442\u0430\u0442\u0430 \u0441\u0442\u043e\u043a\u0441\u0438\u0447\u043d\u0438 \u043e\u0431\u0435\u0437\u043c\u0430\u0441\u043b\u0438\u0442\u0435\u043b\u0438 \u0438 \u0445\u0438\u043c\u0438\u043a\u0430\u043b\u0438, \u043d\u0443\u0436\u0434\u0430\u0442\u0430 \u043e\u0442 \u0434\u043e\u043f\u044a\u043b\u043d\u0438\u0442\u0435\u043b\u043d\u0438 \u0432\u0430\u043d\u0438 \u0438 \u043e\u0431\u043e\u0440\u0443\u0434\u0432\u0430\u043d\u0435 \u0437\u0430 \u043f\u043e\u0442\u0430\u043f\u044f\u043d\u0435 \u043f\u0440\u0438\u0432\u043e\u0434\u043e\u0440\u0430\u0437\u0440\u0435\u0434\u0438\u043c\u0438\u0442\u0435 \u043e\u0431\u0435\u0437\u043c\u0430\u0441\u043b\u0438\u0442\u0435\u043b\u0438\" \/>\n<meta property=\"og:url\" content=\"https:\/\/bulbiochem.bg\/ro\/produs\/msk-rapid-grund-fara-degresare\/\" \/>\n<meta property=\"og:site_name\" content=\"\u0411\u0443\u043b\u043c\u0430\u0442\" \/>\n<meta property=\"article:modified_time\" content=\"2025-09-18T12:37:22+00:00\" \/>\n<meta property=\"og:image\" content=\"https:\/\/bulbiochem.bg\/wp-content\/uploads\/2025\/05\/905.-MSK-Rapid-@8x-1-1.png\" \/>\n\t<meta property=\"og:image:width\" content=\"2520\" \/>\n\t<meta property=\"og:image:height\" content=\"193\" \/>\n\t<meta property=\"og:image:type\" content=\"image\/png\" \/>\n<meta name=\"twitter:card\" content=\"summary_large_image\" \/>\n<meta name=\"twitter:label1\" content=\"Est. reading time\" \/>\n\t<meta name=\"twitter:data1\" content=\"1 minut\" \/>\n<script type=\"application\/ld+json\" class=\"yoast-schema-graph\">{\"@context\":\"https:\/\/schema.org\",\"@graph\":[{\"@type\":\"WebPage\",\"@id\":\"https:\/\/bulbiochem.bg\/product\/msk-rapid-grund-bez-obezmaslqvane\/\",\"url\":\"https:\/\/bulbiochem.bg\/product\/msk-rapid-grund-bez-obezmaslqvane\/\",\"name\":\"MSK Rapid - \u0411\u0443\u043b\u043c\u0430\u0442\",\"isPartOf\":{\"@id\":\"https:\/\/bulbiochem.bg\/#website\"},\"primaryImageOfPage\":{\"@id\":\"https:\/\/bulbiochem.bg\/product\/msk-rapid-grund-bez-obezmaslqvane\/#primaryimage\"},\"image\":{\"@id\":\"https:\/\/bulbiochem.bg\/product\/msk-rapid-grund-bez-obezmaslqvane\/#primaryimage\"},\"thumbnailUrl\":\"https:\/\/bulbiochem.bg\/wp-content\/uploads\/2025\/05\/905.-MSK-Rapid-@8x-1-1.png\",\"datePublished\":\"2025-05-31T13:04:51+00:00\",\"dateModified\":\"2025-09-18T12:37:22+00:00\",\"description\":\"\u0415\u043b\u0438\u043c\u0438\u043d\u0438\u0440\u0430 \u043f\u0440\u043e\u0431\u043b\u0435\u043c\u0430 \u0441 \u043d\u0435\u0435\u0444\u0435\u043a\u0442\u0438\u0432\u043d\u043e\u0442\u043e \u0440\u044a\u0447\u043d\u043e \u043e\u0431\u0435\u0437\u043c\u0430\u0441\u043b\u044f\u0432\u0430\u043d\u0435 (\u043d\u0438\u0441\u043a\u0430 \u0441\u043a\u043e\u0440\u043e\u0441\u0442 \u043d\u0430 \u0438\u0437\u043f\u044a\u043b\u043d\u0435\u043d\u0438\u0435\u0438 \u043d\u0435\u0440\u0430\u0432\u043d\u043e\u043c\u0435\u0440\u043d\u043e \u043e\u0431\u0435\u0437\u043c\u0430\u0441\u043b\u044f\u0432\u0430\u043d\u0435 \u043d\u0430 \u0440\u0430\u0437\u043b\u0438\u0447\u043d\u0438\u0442\u0435 \u0447\u0430\u0441\u0442\u0438 \u043d\u0430 \u043f\u043e\u0432\u044a\u0440\u0445\u043d\u043e\u0441\u0442\u0442\u0430 \u043d\u0430 \u0438\u0437\u0434\u0435\u043b\u0438\u044f\u0442\u0430), \u0440\u0430\u0431\u043e\u0442\u0430\u0442\u0430 \u0441\u0442\u043e\u043a\u0441\u0438\u0447\u043d\u0438 \u043e\u0431\u0435\u0437\u043c\u0430\u0441\u043b\u0438\u0442\u0435\u043b\u0438 \u0438 \u0445\u0438\u043c\u0438\u043a\u0430\u043b\u0438, \u043d\u0443\u0436\u0434\u0430\u0442\u0430 \u043e\u0442 \u0434\u043e\u043f\u044a\u043b\u043d\u0438\u0442\u0435\u043b\u043d\u0438 \u0432\u0430\u043d\u0438 \u0438 \u043e\u0431\u043e\u0440\u0443\u0434\u0432\u0430\u043d\u0435 \u0437\u0430 \u043f\u043e\u0442\u0430\u043f\u044f\u043d\u0435 \u043f\u0440\u0438\u0432\u043e\u0434\u043e\u0440\u0430\u0437\u0440\u0435\u0434\u0438\u043c\u0438\u0442\u0435 \u043e\u0431\u0435\u0437\u043c\u0430\u0441\u043b\u0438\u0442\u0435\u043b\u0438\",\"breadcrumb\":{\"@id\":\"https:\/\/bulbiochem.bg\/product\/msk-rapid-grund-bez-obezmaslqvane\/#breadcrumb\"},\"inLanguage\":\"ro-RO\",\"potentialAction\":[{\"@type\":\"ReadAction\",\"target\":[\"https:\/\/bulbiochem.bg\/product\/msk-rapid-grund-bez-obezmaslqvane\/\"]}]},{\"@type\":\"ImageObject\",\"inLanguage\":\"ro-RO\",\"@id\":\"https:\/\/bulbiochem.bg\/product\/msk-rapid-grund-bez-obezmaslqvane\/#primaryimage\",\"url\":\"https:\/\/bulbiochem.bg\/wp-content\/uploads\/2025\/05\/905.-MSK-Rapid-@8x-1-1.png\",\"contentUrl\":\"https:\/\/bulbiochem.bg\/wp-content\/uploads\/2025\/05\/905.-MSK-Rapid-@8x-1-1.png\",\"width\":2520,\"height\":193,\"caption\":\"\u0415\u043b\u0438\u043c\u0438\u043d\u0438\u0440\u0430 \u043f\u0440\u043e\u0431\u043b\u0435\u043c\u0430 \u0441 \u043d\u0435\u0435\u0444\u0435\u043a\u0442\u0438\u0432\u043d\u043e\u0442\u043e \u0440\u044a\u0447\u043d\u043e \u043e\u0431\u0435\u0437\u043c\u0430\u0441\u043b\u044f\u0432\u0430\u043d\u0435 (\u043d\u0438\u0441\u043a\u0430 \u0441\u043a\u043e\u0440\u043e\u0441\u0442 \u043d\u0430 \u0438\u0437\u043f\u044a\u043b\u043d\u0435\u043d\u0438\u0435 \u0438 \u043d\u0435\u0440\u0430\u0432\u043d\u043e\u043c\u0435\u0440\u043d\u043e \u043e\u0431\u0435\u0437\u043c\u0430\u0441\u043b\u044f\u0432\u0430\u043d\u0435 \u043d\u0430 \u0440\u0430\u0437\u043b\u0438\u0447\u043d\u0438\u0442\u0435 \u0447\u0430\u0441\u0442\u0438 \u043d\u0430 \u043f\u043e\u0432\u044a\u0440\u0445\u043d\u043e\u0441\u0442\u0442\u0430 \u043d\u0430 \u0438\u0437\u0434\u0435\u043b\u0438\u044f\u0442\u0430), \u0440\u0430\u0431\u043e\u0442\u0430\u0442\u0430 \u0441 \u0442\u043e\u043a\u0441\u0438\u0447\u043d\u0438 \u043e\u0431\u0435\u0437\u043c\u0430\u0441\u043b\u0438\u0442\u0435\u043b\u0438 \u0438 \u0445\u0438\u043c\u0438\u043a\u0430\u043b\u0438, \u043d\u0443\u0436\u0434\u0430\u0442\u0430 \u043e\u0442 \u0434\u043e\u043f\u044a\u043b\u043d\u0438\u0442\u0435\u043b\u043d\u0438 \u0432\u0430\u043d\u0438 \u0438 \u043e\u0431\u043e\u0440\u0443\u0434\u0432\u0430\u043d\u0435 \u0437\u0430 \u043f\u043e\u0442\u0430\u043f\u044f\u043d\u0435 \u043f\u0440\u0438 \u0432\u043e\u0434\u043e\u0440\u0430\u0437\u0440\u0435\u0434\u0438\u043c\u0438\u0442\u0435 \u043e\u0431\u0435\u0437\u043c\u0430\u0441\u043b\u0438\u0442\u0435\u043b\u0438.\"},{\"@type\":\"BreadcrumbList\",\"@id\":\"https:\/\/bulbiochem.bg\/product\/msk-rapid-grund-bez-obezmaslqvane\/#breadcrumb\",\"itemListElement\":[{\"@type\":\"ListItem\",\"position\":1,\"name\":\"Home\",\"item\":\"https:\/\/bulbiochem.bg\/\"},{\"@type\":\"ListItem\",\"position\":2,\"name\":\"\u041f\u0440\u043e\u0434\u0443\u043a\u0442\u0438\",\"item\":\"https:\/\/bulbiochem.bg\/products\/\"},{\"@type\":\"ListItem\",\"position\":3,\"name\":\"MSK Rapid\"}]},{\"@type\":\"WebSite\",\"@id\":\"https:\/\/bulbiochem.bg\/#website\",\"url\":\"https:\/\/bulbiochem.bg\/\",\"name\":\"\u0411\u0443\u043b\u043c\u0430\u0442\",\"description\":\"\u0411\u0443\u043b\u0431\u0438\u043e\u043a\u0435\u043c \u0415\u041e\u041e\u0414.\",\"publisher\":{\"@id\":\"https:\/\/bulbiochem.bg\/#organization\"},\"potentialAction\":[{\"@type\":\"SearchAction\",\"target\":{\"@type\":\"EntryPoint\",\"urlTemplate\":\"https:\/\/bulbiochem.bg\/?s={search_term_string}\"},\"query-input\":{\"@type\":\"PropertyValueSpecification\",\"valueRequired\":true,\"valueName\":\"search_term_string\"}}],\"inLanguage\":\"ro-RO\"},{\"@type\":\"Organization\",\"@id\":\"https:\/\/bulbiochem.bg\/#organization\",\"name\":\"\u0411\u0443\u043b\u043c\u0430\u0442\",\"url\":\"https:\/\/bulbiochem.bg\/\",\"logo\":{\"@type\":\"ImageObject\",\"inLanguage\":\"ro-RO\",\"@id\":\"https:\/\/bulbiochem.bg\/#\/schema\/logo\/image\/\",\"url\":\"https:\/\/bulbiochem.bg\/wp-content\/uploads\/2025\/01\/logo-bulmat-1.png\",\"contentUrl\":\"https:\/\/bulbiochem.bg\/wp-content\/uploads\/2025\/01\/logo-bulmat-1.png\",\"width\":1211,\"height\":268,\"caption\":\"\u0411\u0443\u043b\u043c\u0430\u0442\"},\"image\":{\"@id\":\"https:\/\/bulbiochem.bg\/#\/schema\/logo\/image\/\"}}]}<\/script>\n<!-- \/ Yoast SEO plugin. -->","yoast_head_json":{"title":"MSK Rapid - Bulmat","description":"\u0415\u043b\u0438\u043c\u0438\u043d\u0438\u0440\u0430 \u043f\u0440\u043e\u0431\u043b\u0435\u043c\u0430 \u0441 \u043d\u0435\u0435\u0444\u0435\u043a\u0442\u0438\u0432\u043d\u043e\u0442\u043e \u0440\u044a\u0447\u043d\u043e \u043e\u0431\u0435\u0437\u043c\u0430\u0441\u043b\u044f\u0432\u0430\u043d\u0435 (\u043d\u0438\u0441\u043a\u0430 \u0441\u043a\u043e\u0440\u043e\u0441\u0442 \u043d\u0430 \u0438\u0437\u043f\u044a\u043b\u043d\u0435\u043d\u0438\u0435\u0438 \u043d\u0435\u0440\u0430\u0432\u043d\u043e\u043c\u0435\u0440\u043d\u043e \u043e\u0431\u0435\u0437\u043c\u0430\u0441\u043b\u044f\u0432\u0430\u043d\u0435 \u043d\u0430 \u0440\u0430\u0437\u043b\u0438\u0447\u043d\u0438\u0442\u0435 \u0447\u0430\u0441\u0442\u0438 \u043d\u0430 \u043f\u043e\u0432\u044a\u0440\u0445\u043d\u043e\u0441\u0442\u0442\u0430 \u043d\u0430 \u0438\u0437\u0434\u0435\u043b\u0438\u044f\u0442\u0430), \u0440\u0430\u0431\u043e\u0442\u0430\u0442\u0430 \u0441\u0442\u043e\u043a\u0441\u0438\u0447\u043d\u0438 \u043e\u0431\u0435\u0437\u043c\u0430\u0441\u043b\u0438\u0442\u0435\u043b\u0438 \u0438 \u0445\u0438\u043c\u0438\u043a\u0430\u043b\u0438, \u043d\u0443\u0436\u0434\u0430\u0442\u0430 \u043e\u0442 \u0434\u043e\u043f\u044a\u043b\u043d\u0438\u0442\u0435\u043b\u043d\u0438 \u0432\u0430\u043d\u0438 \u0438 \u043e\u0431\u043e\u0440\u0443\u0434\u0432\u0430\u043d\u0435 \u0437\u0430 \u043f\u043e\u0442\u0430\u043f\u044f\u043d\u0435 \u043f\u0440\u0438\u0432\u043e\u0434\u043e\u0440\u0430\u0437\u0440\u0435\u0434\u0438\u043c\u0438\u0442\u0435 \u043e\u0431\u0435\u0437\u043c\u0430\u0441\u043b\u0438\u0442\u0435\u043b\u0438","robots":{"index":"index","follow":"follow","max-snippet":"max-snippet:-1","max-image-preview":"max-image-preview:large","max-video-preview":"max-video-preview:-1"},"canonical":"https:\/\/bulbiochem.bg\/ro\/produs\/msk-rapid-grund-fara-degresare\/","og_locale":"ro_RO","og_type":"article","og_title":"MSK Rapid - \u0411\u0443\u043b\u043c\u0430\u0442","og_description":"\u0415\u043b\u0438\u043c\u0438\u043d\u0438\u0440\u0430 \u043f\u0440\u043e\u0431\u043b\u0435\u043c\u0430 \u0441 \u043d\u0435\u0435\u0444\u0435\u043a\u0442\u0438\u0432\u043d\u043e\u0442\u043e \u0440\u044a\u0447\u043d\u043e \u043e\u0431\u0435\u0437\u043c\u0430\u0441\u043b\u044f\u0432\u0430\u043d\u0435 (\u043d\u0438\u0441\u043a\u0430 \u0441\u043a\u043e\u0440\u043e\u0441\u0442 \u043d\u0430 \u0438\u0437\u043f\u044a\u043b\u043d\u0435\u043d\u0438\u0435\u0438 \u043d\u0435\u0440\u0430\u0432\u043d\u043e\u043c\u0435\u0440\u043d\u043e \u043e\u0431\u0435\u0437\u043c\u0430\u0441\u043b\u044f\u0432\u0430\u043d\u0435 \u043d\u0430 \u0440\u0430\u0437\u043b\u0438\u0447\u043d\u0438\u0442\u0435 \u0447\u0430\u0441\u0442\u0438 \u043d\u0430 \u043f\u043e\u0432\u044a\u0440\u0445\u043d\u043e\u0441\u0442\u0442\u0430 \u043d\u0430 \u0438\u0437\u0434\u0435\u043b\u0438\u044f\u0442\u0430), \u0440\u0430\u0431\u043e\u0442\u0430\u0442\u0430 \u0441\u0442\u043e\u043a\u0441\u0438\u0447\u043d\u0438 \u043e\u0431\u0435\u0437\u043c\u0430\u0441\u043b\u0438\u0442\u0435\u043b\u0438 \u0438 \u0445\u0438\u043c\u0438\u043a\u0430\u043b\u0438, \u043d\u0443\u0436\u0434\u0430\u0442\u0430 \u043e\u0442 \u0434\u043e\u043f\u044a\u043b\u043d\u0438\u0442\u0435\u043b\u043d\u0438 \u0432\u0430\u043d\u0438 \u0438 \u043e\u0431\u043e\u0440\u0443\u0434\u0432\u0430\u043d\u0435 \u0437\u0430 \u043f\u043e\u0442\u0430\u043f\u044f\u043d\u0435 \u043f\u0440\u0438\u0432\u043e\u0434\u043e\u0440\u0430\u0437\u0440\u0435\u0434\u0438\u043c\u0438\u0442\u0435 \u043e\u0431\u0435\u0437\u043c\u0430\u0441\u043b\u0438\u0442\u0435\u043b\u0438","og_url":"https:\/\/bulbiochem.bg\/ro\/produs\/msk-rapid-grund-fara-degresare\/","og_site_name":"\u0411\u0443\u043b\u043c\u0430\u0442","article_modified_time":"2025-09-18T12:37:22+00:00","og_image":[{"width":2520,"height":193,"url":"https:\/\/bulbiochem.bg\/wp-content\/uploads\/2025\/05\/905.-MSK-Rapid-@8x-1-1.png","type":"image\/png"}],"twitter_card":"summary_large_image","twitter_misc":{"Est. reading time":"1 minut"},"schema":{"@context":"https:\/\/schema.org","@graph":[{"@type":"WebPage","@id":"https:\/\/bulbiochem.bg\/product\/msk-rapid-grund-bez-obezmaslqvane\/","url":"https:\/\/bulbiochem.bg\/product\/msk-rapid-grund-bez-obezmaslqvane\/","name":"MSK Rapid - Bulmat","isPartOf":{"@id":"https:\/\/bulbiochem.bg\/#website"},"primaryImageOfPage":{"@id":"https:\/\/bulbiochem.bg\/product\/msk-rapid-grund-bez-obezmaslqvane\/#primaryimage"},"image":{"@id":"https:\/\/bulbiochem.bg\/product\/msk-rapid-grund-bez-obezmaslqvane\/#primaryimage"},"thumbnailUrl":"https:\/\/bulbiochem.bg\/wp-content\/uploads\/2025\/05\/905.-MSK-Rapid-@8x-1-1.png","datePublished":"2025-05-31T13:04:51+00:00","dateModified":"2025-09-18T12:37:22+00:00","description":"\u0415\u043b\u0438\u043c\u0438\u043d\u0438\u0440\u0430 \u043f\u0440\u043e\u0431\u043b\u0435\u043c\u0430 \u0441 \u043d\u0435\u0435\u0444\u0435\u043a\u0442\u0438\u0432\u043d\u043e\u0442\u043e \u0440\u044a\u0447\u043d\u043e \u043e\u0431\u0435\u0437\u043c\u0430\u0441\u043b\u044f\u0432\u0430\u043d\u0435 (\u043d\u0438\u0441\u043a\u0430 \u0441\u043a\u043e\u0440\u043e\u0441\u0442 \u043d\u0430 \u0438\u0437\u043f\u044a\u043b\u043d\u0435\u043d\u0438\u0435\u0438 \u043d\u0435\u0440\u0430\u0432\u043d\u043e\u043c\u0435\u0440\u043d\u043e \u043e\u0431\u0435\u0437\u043c\u0430\u0441\u043b\u044f\u0432\u0430\u043d\u0435 \u043d\u0430 \u0440\u0430\u0437\u043b\u0438\u0447\u043d\u0438\u0442\u0435 \u0447\u0430\u0441\u0442\u0438 \u043d\u0430 \u043f\u043e\u0432\u044a\u0440\u0445\u043d\u043e\u0441\u0442\u0442\u0430 \u043d\u0430 \u0438\u0437\u0434\u0435\u043b\u0438\u044f\u0442\u0430), \u0440\u0430\u0431\u043e\u0442\u0430\u0442\u0430 \u0441\u0442\u043e\u043a\u0441\u0438\u0447\u043d\u0438 \u043e\u0431\u0435\u0437\u043c\u0430\u0441\u043b\u0438\u0442\u0435\u043b\u0438 \u0438 \u0445\u0438\u043c\u0438\u043a\u0430\u043b\u0438, \u043d\u0443\u0436\u0434\u0430\u0442\u0430 \u043e\u0442 \u0434\u043e\u043f\u044a\u043b\u043d\u0438\u0442\u0435\u043b\u043d\u0438 \u0432\u0430\u043d\u0438 \u0438 \u043e\u0431\u043e\u0440\u0443\u0434\u0432\u0430\u043d\u0435 \u0437\u0430 \u043f\u043e\u0442\u0430\u043f\u044f\u043d\u0435 \u043f\u0440\u0438\u0432\u043e\u0434\u043e\u0440\u0430\u0437\u0440\u0435\u0434\u0438\u043c\u0438\u0442\u0435 \u043e\u0431\u0435\u0437\u043c\u0430\u0441\u043b\u0438\u0442\u0435\u043b\u0438","breadcrumb":{"@id":"https:\/\/bulbiochem.bg\/product\/msk-rapid-grund-bez-obezmaslqvane\/#breadcrumb"},"inLanguage":"ro-RO","potentialAction":[{"@type":"ReadAction","target":["https:\/\/bulbiochem.bg\/product\/msk-rapid-grund-bez-obezmaslqvane\/"]}]},{"@type":"ImageObject","inLanguage":"ro-RO","@id":"https:\/\/bulbiochem.bg\/product\/msk-rapid-grund-bez-obezmaslqvane\/#primaryimage","url":"https:\/\/bulbiochem.bg\/wp-content\/uploads\/2025\/05\/905.-MSK-Rapid-@8x-1-1.png","contentUrl":"https:\/\/bulbiochem.bg\/wp-content\/uploads\/2025\/05\/905.-MSK-Rapid-@8x-1-1.png","width":2520,"height":193,"caption":"\u0415\u043b\u0438\u043c\u0438\u043d\u0438\u0440\u0430 \u043f\u0440\u043e\u0431\u043b\u0435\u043c\u0430 \u0441 \u043d\u0435\u0435\u0444\u0435\u043a\u0442\u0438\u0432\u043d\u043e\u0442\u043e \u0440\u044a\u0447\u043d\u043e \u043e\u0431\u0435\u0437\u043c\u0430\u0441\u043b\u044f\u0432\u0430\u043d\u0435 (\u043d\u0438\u0441\u043a\u0430 \u0441\u043a\u043e\u0440\u043e\u0441\u0442 \u043d\u0430 \u0438\u0437\u043f\u044a\u043b\u043d\u0435\u043d\u0438\u0435 \u0438 \u043d\u0435\u0440\u0430\u0432\u043d\u043e\u043c\u0435\u0440\u043d\u043e \u043e\u0431\u0435\u0437\u043c\u0430\u0441\u043b\u044f\u0432\u0430\u043d\u0435 \u043d\u0430 \u0440\u0430\u0437\u043b\u0438\u0447\u043d\u0438\u0442\u0435 \u0447\u0430\u0441\u0442\u0438 \u043d\u0430 \u043f\u043e\u0432\u044a\u0440\u0445\u043d\u043e\u0441\u0442\u0442\u0430 \u043d\u0430 \u0438\u0437\u0434\u0435\u043b\u0438\u044f\u0442\u0430), \u0440\u0430\u0431\u043e\u0442\u0430\u0442\u0430 \u0441 \u0442\u043e\u043a\u0441\u0438\u0447\u043d\u0438 \u043e\u0431\u0435\u0437\u043c\u0430\u0441\u043b\u0438\u0442\u0435\u043b\u0438 \u0438 \u0445\u0438\u043c\u0438\u043a\u0430\u043b\u0438, \u043d\u0443\u0436\u0434\u0430\u0442\u0430 \u043e\u0442 \u0434\u043e\u043f\u044a\u043b\u043d\u0438\u0442\u0435\u043b\u043d\u0438 \u0432\u0430\u043d\u0438 \u0438 \u043e\u0431\u043e\u0440\u0443\u0434\u0432\u0430\u043d\u0435 \u0437\u0430 \u043f\u043e\u0442\u0430\u043f\u044f\u043d\u0435 \u043f\u0440\u0438 \u0432\u043e\u0434\u043e\u0440\u0430\u0437\u0440\u0435\u0434\u0438\u043c\u0438\u0442\u0435 \u043e\u0431\u0435\u0437\u043c\u0430\u0441\u043b\u0438\u0442\u0435\u043b\u0438."},{"@type":"BreadcrumbList","@id":"https:\/\/bulbiochem.bg\/product\/msk-rapid-grund-bez-obezmaslqvane\/#breadcrumb","itemListElement":[{"@type":"ListItem","position":1,"name":"Home","item":"https:\/\/bulbiochem.bg\/"},{"@type":"ListItem","position":2,"name":"\u041f\u0440\u043e\u0434\u0443\u043a\u0442\u0438","item":"https:\/\/bulbiochem.bg\/products\/"},{"@type":"ListItem","position":3,"name":"MSK Rapid"}]},{"@type":"WebSite","@id":"https:\/\/bulbiochem.bg\/#website","url":"https:\/\/bulbiochem.bg\/","name":"Bulmat","description":"\u0411\u0443\u043b\u0431\u0438\u043e\u043a\u0435\u043c \u0415\u041e\u041e\u0414.","publisher":{"@id":"https:\/\/bulbiochem.bg\/#organization"},"potentialAction":[{"@type":"SearchAction","target":{"@type":"EntryPoint","urlTemplate":"https:\/\/bulbiochem.bg\/?s={search_term_string}"},"query-input":{"@type":"PropertyValueSpecification","valueRequired":true,"valueName":"search_term_string"}}],"inLanguage":"ro-RO"},{"@type":"Organization","@id":"https:\/\/bulbiochem.bg\/#organization","name":"Bulmat","url":"https:\/\/bulbiochem.bg\/","logo":{"@type":"ImageObject","inLanguage":"ro-RO","@id":"https:\/\/bulbiochem.bg\/#\/schema\/logo\/image\/","url":"https:\/\/bulbiochem.bg\/wp-content\/uploads\/2025\/01\/logo-bulmat-1.png","contentUrl":"https:\/\/bulbiochem.bg\/wp-content\/uploads\/2025\/01\/logo-bulmat-1.png","width":1211,"height":268,"caption":"\u0411\u0443\u043b\u043c\u0430\u0442"},"image":{"@id":"https:\/\/bulbiochem.bg\/#\/schema\/logo\/image\/"}}]}},"_links":{"self":[{"href":"https:\/\/bulbiochem.bg\/ro\/wp-json\/wp\/v2\/product\/6886","targetHints":{"allow":["GET"]}}],"collection":[{"href":"https:\/\/bulbiochem.bg\/ro\/wp-json\/wp\/v2\/product"}],"about":[{"href":"https:\/\/bulbiochem.bg\/ro\/wp-json\/wp\/v2\/types\/product"}],"wp:featuredmedia":[{"embeddable":true,"href":"https:\/\/bulbiochem.bg\/ro\/wp-json\/wp\/v2\/media\/6906"}],"wp:attachment":[{"href":"https:\/\/bulbiochem.bg\/ro\/wp-json\/wp\/v2\/media?parent=6886"}],"wp:term":[{"taxonomy":"product_cat","embeddable":true,"href":"https:\/\/bulbiochem.bg\/ro\/wp-json\/wp\/v2\/product_cat?post=6886"},{"taxonomy":"product_tag","embeddable":true,"href":"https:\/\/bulbiochem.bg\/ro\/wp-json\/wp\/v2\/product_tag?post=6886"}],"curies":[{"name":"wp","href":"https:\/\/api.w.org\/{rel}","templated":true}]}}